{"id":912,"date":"2024-09-03T18:45:30","date_gmt":"2024-09-03T16:45:30","guid":{"rendered":"https:\/\/dev.miacrm.pl\/?page_id=912"},"modified":"2025-10-15T22:51:33","modified_gmt":"2025-10-15T20:51:33","slug":"polityka-prywatnosci","status":"publish","type":"page","link":"https:\/\/miabiznes.pl\/ru\/polityka-prywatnosci\/","title":{"rendered":"\u041f\u043e\u043b\u0438\u0442\u0438\u043a\u0430 \u043a\u043e\u043d\u0444\u0438\u0434\u0435\u043d\u0446\u0438\u0430\u043b\u044c\u043d\u043e\u0441\u0442\u0438"},"content":{"rendered":"<div class=\"w-1300\">\n<h1>\u041f\u043e\u043b\u0438\u0442\u0438\u043a\u0430 \u043a\u043e\u043d\u0444\u0438\u0434\u0435\u043d\u0446\u0438\u0430\u043b\u044c\u043d\u043e\u0441\u0442\u0438<\/h1>\n<h2>1. Informacje og\u00f3lne<\/h2>\n<p>MIA CONSULT GROUP Sp.z o.o. szanuje prawo U\u017cytkownik\u00f3w do prywatno\u015bci oraz dba o bezpiecze\u0144stwo danych udost\u0119pnionych przez U\u017cytkownik\u00f3w. Szczeg\u00f3lnie przywi\u0105zuje wag\u0119 do poszanowania prywatno\u015bci U\u017cytkownik\u00f3w, kt\u00f3rych dane osobowe s\u0105 przetwarzane zgodnie z ustaw\u0105 z dnia 10 maja 2018 r. o ochronie danych osobowych, s\u0142u\u017c\u0105ca stosowaniu rozporz\u0105dzenia Parlamentu Europejskiego i Rady UE nr 2016\/679 z dnia 27 kwietnia 2016 roku (og\u00f3lne rozporz\u0105dzenie o ochronie danych \u2013 \u00abRODO\u00bb). MIA CONSULT GROUP dok\u0142ada szczeg\u00f3lnej staranno\u015bci w stosowaniu zabezpieczenia danych, stosuj\u0105c odpowiednie rozwi\u0105zania technologiczne zapobiegaj\u0105c ingerencji w prywatno\u015b\u0107 U\u017cytkownik\u00f3w os\u00f3b trzecich.<\/p>\n<p>Administratorem danych osobowych jest dzia\u0142aj\u0105ca pod nazw\u0105 domen\u0105 miabiznes.pl firma: MIA CONSULT GROUP Sp.z o.o. ul. Zygmunta Vogla 28\/02, 02-963 Warszawa, KRS 0000854891, NIP 1133018235 ,REGON 386780510. Dane osobowe przetwarzane s\u0105 w celu realizacji zam\u00f3wie\u0144, us\u0142ug \u015bwiadczonych przez MIA CONSULT GROUP Sp.z o.o.. Dane uzyskane w procesie rejestracji b\u0119d\u0105 wykorzystywane przez MIA CONSULT GROUP jedynie do obs\u0142ugi realizacji zam\u00f3wie\u0144 i nie s\u0105 udost\u0119pniane osobom postronnym. Administrator dok\u0142ada szczeg\u00f3lnych stara\u0144 w celu ochrony prywatno\u015bci i informacji mu przekazanych, a dotycz\u0105cych u\u017cytkownik\u00f3w strony internetowej.<\/p>\n<p>Administrator z nale\u017cyt\u0105 staranno\u015bci\u0105 dobiera i stosuje odpowiednie \u015brodki techniczne, w tym o charakterze programistycznym i organizacyjnym, zapewniaj\u0105ce ochron\u0119 przetwarzanych danych, w szczeg\u00f3lno\u015bci zabezpiecza dane przed ich udost\u0119pnieniem osobom nieupowa\u017cnionym, ujawnieniem, utraceniem i zniszczeniem, nieuprawnion\u0105 modyfikacj\u0105, jak r\u00f3wnie\u017c przed ich przetwarzaniem z naruszeniem obowi\u0105zuj\u0105cych przepis\u00f3w prawa.<\/p>\n<p>Administrator danych osobowych przetwarza tylko dane os\u00f3b pe\u0142noletnich.<\/p>\n<p>W ramach korzystania przez Administratora z narz\u0119dzi wspieraj\u0105cych jego bie\u017c\u0105c\u0105 dzia\u0142alno\u015b\u0107 udost\u0119pnianych np. przez firm\u0119 Google, Dane Osobowe Klienta mog\u0105 by\u0107 przekazywane do pa\u0144stwa spoza Europejskiego Obszaru Gospodarczego, w szczeg\u00f3lno\u015bci do Stan\u00f3w Zjednoczonych Ameryki (USA) lub innego pa\u0144stwa, w kt\u00f3rym podmiot z ni\u0105 wsp\u00f3\u0142pracuj\u0105cy utrzymuje narz\u0119dzia s\u0142u\u017c\u0105ce do przetwarzania Danych Osobowych przy wsp\u00f3\u0142pracy z Administratorem.<\/p>\n<h2>2. Dane zbierane automatycznie<\/h2>\n<p>Podczas wizyty na naszej stronie internetowej, automatycznie zbierane s\u0105 dane dotycz\u0105ce wizyty, na przyk\u0142ad adres IP, nazwa domeny, typ przegl\u0105darki, typ systemu operacyjnego, itp.<\/p>\n<p>Dane osobowe s\u0105 przetwarzane zgodnie z zasadami z art. 5 RODO tj.<\/p>\n<p>Dane zbierane automatycznie mog\u0105 by\u0107 u\u017cyte do analizy zachowa\u0144 u\u017cytkownik\u00f3w na naszej stronie internetowej, zbierania danych demograficznych o naszych u\u017cytkownikach, lub do personalizacji zawarto\u015bci naszych stron internetowych. Dane te s\u0105 zbierane automatycznie o ka\u017cdym u\u017cytkowniku. Dane zbierane w trakcie korespondencji pomi\u0119dzy Tob\u0105, a naszym serwisem b\u0119d\u0105 wykorzystane wy\u0142\u0105cznie w celu odpowiedzi na zapytanie.<\/p>\n<h2>3. Hosting<\/h2>\n<p>Serwis jest hostowany (technicznie utrzymywany) na serwera operatora: home.pl S.A.<\/p>\n<ol>\n<li>Serwis jest hostowany (technicznie utrzymywany) na serwera operatora: home.pl<\/li>\n<li>Dane rejestrowe firmy hostingowej: home.pl SA z siedzib\u0105 w Szczecinie, ul. Zbo\u017cowa 4 70-653 Szczecin, Zarejestrowana w S\u0105dzie Rejonowym \u2014 Centrum w Szczecinie, XIII Wydzia\u0142 Gospodarczy Krajowego Rejestru S\u0105dowego. Kapita\u0142 zak\u0142adowy w kwocie 1.294.000 z\u0142otych w ca\u0142o\u015bci op\u0142acony, Nr KRS: 0000431335, REGON: 811158242 NIP: 852-21-03-252.<\/li>\n<li>Pod adresem <a href=\"https:\/\/home.pl\" target=\"_blank\" rel=\"noopener\">https:\/\/home.pl<\/a> mo\u017cesz dowiedzie\u0107 si\u0119 wi\u0119cej o hostingu i sprawdzi\u0107 polityk\u0119 prywatno\u015bci firmy hostingowej.<\/li>\n<\/ol>\n<p>Firma hostingowa:<\/p>\n<ul>\n<li>stosuje \u015brodki ochrony przed utrat\u0105 danych (np. macierze dyskowe, regularne kopie bezpiecze\u0144stwa),<\/li>\n<li>stosuje adekwatne \u015brodki ochrony miejsc przetwarzania na wypadek po\u017caru (np. specjalne systemy ga\u015bnicze),<\/li>\n<li>stosuje adekwatne \u015brodki ochrony system\u00f3w przetwarzania na wypadek nag\u0142ej awarii zasilania (np. podw\u00f3jne tory zasilania, agregaty, systemy podtrzymania napi\u0119cia UPS),<\/li>\n<li>stosuje \u015brodki fizycznej ochrony dost\u0119pu do miejsc przetwarzania danych (np. kontrola dost\u0119pu, monitoring),<\/li>\n<li>stosuje \u015brodki zapewnienia odpowiednich warunk\u00f3w \u015brodowiskowych dla serwer\u00f3w jako element\u00f3w systemu przetwarzania danych (np. kontrola warunk\u00f3w \u015brodowiskowych, specjalistyczne systemy klimatyzacji),<\/li>\n<li>stosuje rozwi\u0105zania organizacyjne dla zapewnienia mo\u017cliwie wysokiego stopnia ochrony i poufno\u015bci (szkolenia, wewn\u0119trzne regulaminy, polityki hase\u0142 itp.),<\/li>\n<li>powo\u0142a\u0142a Inspektora Ochrony Danych<\/li>\n<\/ul>\n<p>Firma hostingowa w celu zapewnienia niezawodno\u015bci technicznej prowadzi logi na poziomie serwera. Zapisowi mog\u0105 podlega\u0107:<\/p>\n<ul>\n<li>zasoby okre\u015blone identyfikatorem URL (adresy \u017c\u0105danych zasob\u00f3w \u2013 stron, plik\u00f3w),<\/li>\n<li>czas nadej\u015bcia zapytania,<\/li>\n<li>czas wys\u0142ania odpowiedzi,<\/li>\n<li>nazw\u0119 stacji klienta \u2013 identyfikacja realizowana przez protok\u00f3\u0142 HTTP,<\/li>\n<li>informacje o b\u0142\u0119dach jakie nast\u0105pi\u0142y przy realizacji transakcji HTTP,<\/li>\n<li>adres URL strony poprzednio odwiedzanej przez u\u017cytkownika (referer link) \u2013 w przypadku gdy przej\u015bcie do Serwisu nast\u0105pi\u0142o przez odno\u015bnik,<\/li>\n<li>informacje o przegl\u0105darce u\u017cytkownika,<\/li>\n<li>informacje o adresie IP,<\/li>\n<li>informacje diagnostyczne zwi\u0105zane z procesem samodzielnego zamawiania us\u0142ug poprzez rejestratory na stronie,<\/li>\n<li>informacje zwi\u0105zane z obs\u0142ug\u0105 poczty elektronicznej kierowanej do Operatora oraz wysy\u0142anej przez Operatora.<\/li>\n<\/ul>\n<h2>4. W jaki spos\u00f3b wykorzystujemy dane. Udost\u0119pnianie danych<\/h2>\n<p>Dane osobowe uzyskane w ramach procesu instalacji tzw. Ciasteczek mog\u0105 by\u0107 wykorzystane do profilowania. Wi\u0119cej informacji o ciasteczkach w Polityce Cookies.<\/p>\n<p><strong>Prawa w ochronie danych osobowych<\/strong><\/p>\n<p>Z uwagi na dobrowolny charakter podania swoich danych osobowych, masz prawo:<\/p>\n<ul>\n<li>dost\u0119pu do swoich danych osobowych (art. 15 RODO)<\/li>\n<li>sprostowania swoich danych osobowych (art. 16 RODO)<\/li>\n<li>usuni\u0119cia swoich danych osobowych (\u201eprawo do bycia zapomnianym&#8221; \u2013 art. 17 RODO )<\/li>\n<li>ograniczenia przetwarzania sowich danych osobowych (art. 18 RODO)<\/li>\n<li>przenoszenia swoich danych osobowych (ar. 20 RODO )<\/li>\n<li>do sprzeciwu (art. 21 RODO)<\/li>\n<li>W przypadku stwierdzenia, \u017ce przetwarzanie danych osobowych narusza przepisy RODO, masz prawo wnie\u015b\u0107 skarg\u0119 do Prezesa Urz\u0119du Ochrony Danych Osobowych.<\/li>\n<\/ul>\n<p>Jego strona internetowa dost\u0119pna jest pod tym adresem: <a href=\"https:\/\/uodo.gov.pl\/\" target=\"_blank\" rel=\"noopener\">https:\/\/uodo.gov.pl\/<\/a><\/p>\n<p>W ka\u017cdym czasie zgoda na przetwarzanie danych osobowych mo\u017ce by\u0107 cofni\u0119ta. Cofni\u0119cie zgody na przetwarzanie danych nie ma wp\u0142ywu na zgodno\u015b\u0107 z prawem przetwarzania danych dokonanych przez Administratora na podstawie zgody przed jej cofni\u0119ciem.<\/p>\n<p>Wszelkie dane osobowe U\u017cytkownik\u00f3w przetwarzane b\u0119d\u0105 wy\u0142\u0105cznie zgodnie z celem, dla kt\u00f3rego zosta\u0142y zebrane. Przetwarzanie danych osobowych w celach marketingowych jest mo\u017cliwe jedynie po wyra\u017ceniu uprzedniej zgody przez U\u017cytkownika na podstawie regulaminu.<\/p>\n<p>Miejsca logowania i wprowadzania danych osobowych s\u0105 chronione w warstwie transmisji (certyfikat SSL). Dzi\u0119ki temu dane osobowe i dane logowania, wprowadzone na stronie, zostaj\u0105 zaszyfrowane w komputerze u\u017cytkownika i mog\u0105 by\u0107 odczytane jedynie na docelowym serwerze.<\/p>\n<p>Dane osobowe przetwarzane przez Administratora nie d\u0142u\u017cej, ni\u017c jest to konieczne do wykonania zwi\u0105zanych z nimi czynno\u015bci okre\u015blonych osobnymi przepisami (np. o prowadzeniu rachunkowo\u015bci).<\/p>\n<p>Dane osobowe mog\u0105 by\u0107 przekazywane podmiotom, kt\u00f3re technicznie realizuj\u0105 niekt\u00f3re us\u0142ugi. Dotyczy to w szczeg\u00f3lno\u015bci sytuacji, w kt\u00f3rej MIA CONSULT GROUP przekazuje informacje o U\u017cytkowniku podmiotowi b\u0119d\u0105cemu operatorem rejestrowanej domeny internetowej, lub podmiotom wsp\u00f3\u0142pracuj\u0105cym z MIA CONSULT GROUP w zakresie rejestracji domeny internetowej, dostawcom system\u00f3w informatycznych oraz us\u0142ug IT, firmom \u015bwiadcz\u0105cym us\u0142ugi prawne, analityczne; operatorom pocztowym i kurierom; operatorom system\u00f3w p\u0142atno\u015bci elektronicznych oraz bankom w zakresie realizacji p\u0142atno\u015bci; organom uprawnionym do otrzymania danych osobowych Abonenta na podstawie przepis\u00f3w prawa. W przypadku kontroli Generalnego Inspektoratu Ochrony Danych Osobowych, dane mog\u0105 zosta\u0107 udost\u0119pnione pracownikom Inspektoratu zgodnie z ustaw\u0105 o ochronie danych osobowych.<\/p>\n<p>Dane osobowe U\u017cytkownik\u00f3w s\u0105 przechowywane w bazie danych, w kt\u00f3rej zastosowano \u015brodki techniczne i organizacyjne zapewniaj\u0105ce ochron\u0119 przetwarzanych danych, zgodne z wymaganiami okre\u015blonymi w przepisach o ochronie danych osobowych.<\/p>\n<p>Dane Osobowe Klienta mog\u0105 by\u0107 przetwarzane r\u00f3wnie\u017c na podstawie:<\/p>\n<ul>\n<li>Obowi\u0105zuj\u0105cych przepis\u00f3w prawa \u2013 gdy przetwarzanie jest niezb\u0119dne do wype\u0142nienia obowi\u0105zku prawnego ci\u0105\u017c\u0105cego na Administratorze, np. gdy na bazie przepis\u00f3w podatkowych lub rachunkowych Administrator rozlicza zawarte umowy (art. 6 ust. 1 lit. c) RODO);<\/li>\n<li>Niezb\u0119dno\u015bci do innych ni\u017c wymienione powy\u017cej cel\u00f3w wynikaj\u0105cych z prawnie uzasadnionych interes\u00f3w realizowanych przez Administratora lub przez stron\u0119 trzeci\u0105, w szczeg\u00f3lno\u015bci do ustalenia, dochodzenia lub obrony roszcze\u0144, prowadzenia korespondencji z Klientami.(art. 6 ust. 1 lit. f) RODO)<\/li>\n<\/ul>\n<p>W przypadku naruszenia ochrony danych osobowych, Administrator bez zb\u0119dnej zw\u0142oki, nie p\u00f3\u017aniej ni\u017c w terminie 72 godzin po stwierdzeniu naruszenia \u2013 zg\u0142asza je organowi nadzorczemu \u2013(Prezesowi Urz\u0119du Ochrony Danych Osobowych), chyba \u017ce jest ma\u0142o prawdopodobne, by naruszenie to skutkowa\u0142o ryzykiem naruszenia praw lub wolno\u015bci os\u00f3b fizycznych. Do zg\u0142oszenia przekazanego organowi nadzorczemu po up\u0142ywie 72 godzin, Administrator do\u0142\u0105cza wyja\u015bnienie przyczyn op\u00f3\u017anienia. Je\u017celi naruszenie ochrony danych osobowych mo\u017ce powodowa\u0107 wysokie ryzyko naruszenia praw lub wolno\u015bci os\u00f3b fizycznych, Administrator bez zb\u0119dnej zw\u0142oki zawiadamia osob\u0119, kt\u00f3rej dane dotycz\u0105, o takim naruszeniu.<\/p>\n<p>\u015awiadczenia us\u0142ugi AI Asystent \u2013 dane U\u017cytkownika (pytania kierowane do AI Asystenta) s\u0105 przekazywane do OpenAI w celu wygenerowania odpowiedzi. Operator Serwisu nie przechowuje historii rozm\u00f3w. Dane s\u0105 przetwarzane przez OpenAI zgodnie z ich polityk\u0105 prywatno\u015bci dost\u0119pn\u0105 pod adresem: <a href=\"https:\/\/openai.com\/policies\/privacy-policy\" target=\"_blank\" rel=\"noopener\">https:\/\/openai.com\/policies\/privacy-policy<\/a><\/p>\n<\/div>\n<div class=\"w-1300\">\n<h2>5. Google Analytics<\/h2>\n<p>Niniejsza witryna internetowa korzysta z Google Analytics, us\u0142ugi analizy ogl\u0105dalno\u015bci stron internetowych udost\u0119pnianej przez Google, Inc. (&#8222;Google&#8221;). Google Analytics u\u017cywa &#8222;cookies&#8221;, czyli plik\u00f3w tekstowych umieszczanych na komputerze u\u017cytkownika w celu umo\u017cliwienia witrynie przeanalizowania sposobu, w jaki u\u017cytkownicy z niej korzystaj\u0105. Informacje generowane przez cookie na temat korzystania z witryny przez u\u017cytkownika (w\u0142\u0105cznie z jego adresem IP) b\u0119d\u0105 przekazywane sp\u00f3\u0142ce Google i przechowywane przez ni\u0105 na serwerach w Stanach Zjednoczonych.<\/p>\n<p>Google b\u0119dzie korzysta\u0142a z tych informacji w celu oceny korzystania z witryny przez u\u017cytkownika, tworzenia raport\u00f3w dotycz\u0105cych ruchu na stronach dla operator\u00f3w witryn oraz \u015bwiadczenia innych us\u0142ug zwi\u0105zanych z ruchem na witrynach internetowych i korzystaniem z internetu. Google mo\u017ce r\u00f3wnie\u017c przekazywa\u0107 te informacje osobom trzecim, je\u017celi b\u0119dzie zobowi\u0105zana to uczyni\u0107 na podstawie przepis\u00f3w prawa lub w przypadku, gdy osoby te przetwarzaj\u0105 takie informacje w imieniu Google. Google nie b\u0119dzie \u0142\u0105czy\u0142a adresu IP u\u017cytkownika z \u017cadnymi innymi danymi b\u0119d\u0105cymi w jej posiadaniu. U\u017cytkownik mo\u017ce zrezygnowa\u0107 z cookies wybieraj\u0105c odpowiednie ustawienia na przegl\u0105darce, jednak nale\u017cy pami\u0119ta\u0107, \u017ce w takim przypadku korzystanie z wszystkich funkcji witryny mo\u017ce okaza\u0107 si\u0119 niemo\u017cliwe Korzystaj\u0105c z niniejszej witryny internetowej u\u017cytkownik wyra\u017ca zgod\u0119 na przetwarzanie przez Google dotycz\u0105cych go danych w spos\u00f3b i w celach okre\u015blonych powy\u017cej.<\/p>\n<p>U\u017cytkownik kt\u00f3ry nie wyra\u017ca zgody na dzia\u0142anie systemu Google Analytics powinien zastosowa\u0107 blokad\u0119 plik\u00f3w cookies.<\/p>\n<h2>6. Korzystanie z Meta SDK (Facebook\/Meta Ads, Meta Analytics)<\/h2>\n<p>Nasza aplikacja MIA Biznes korzysta z Meta SDK (Facebook\/Meta) w celu analizy dzia\u0142ania aplikacji oraz wy\u015bwietlania spersonalizowanych reklam. Dzi\u0119ki temu mo\u017cemy:<\/p>\n<ul>\n<li>mierzy\u0107 skuteczno\u015b\u0107 kampanii reklamowych,<\/li>\n<li>analizowa\u0107 interakcje u\u017cytkownik\u00f3w z aplikacj\u0105,<\/li>\n<li>dostarcza\u0107 bardziej dopasowane oferty.<\/li>\n<\/ul>\n<p>W ramach korzystania z Meta SDK mog\u0105 by\u0107 gromadzone nast\u0119puj\u0105ce kategorie danych:<\/p>\n<ul>\n<li>Identyfikatory urz\u0105dzenia (np. identyfikator reklamowy urz\u0105dzenia \u2013 IDFA),<\/li>\n<li>Dane dotycz\u0105ce korzystania z aplikacji (uruchomienia aplikacji, klikni\u0119cia, rejestracje, interakcje, przegl\u0105dane ekrany),<\/li>\n<li>Informacje o zakupach (je\u015bli dokonujesz zakup\u00f3w w aplikacji, informacja o fakcie i kwocie zakupu mo\u017ce zosta\u0107 przekazana do Meta w celach analitycznych i atrybucyjnych).<\/li>\n<\/ul>\n<p>Zbieranie i przetwarzanie tych danych odbywa si\u0119 zgodnie z polityk\u0105 prywatno\u015bci Meta, dost\u0119pn\u0105 pod adresem: <a href=\"https:\/\/www.facebook.com\/about\/privacy\" target=\"_blank\" rel=\"noopener\">https:\/\/www.facebook.com\/about\/privacy<\/a><\/p>\n<p>Nie przekazujemy do Meta \u017cadnych danych poza tymi, kt\u00f3re s\u0105 opisane powy\u017cej i niezb\u0119dne do dzia\u0142ania SDK.<\/p>\n<p>U\u017cytkownik ma prawo do:<\/p>\n<ul>\n<li>wy\u0142\u0105czenia reklam spersonalizowanych w ustawieniach urz\u0105dzenia (przez system iOS App Tracking Transparency lub ograniczenie reklam),<\/li>\n<li>\u017c\u0105dania usuni\u0119cia danych lub wycofania zgody, kontaktuj\u0105c si\u0119 z nami pod adresem: <a href=\"mailto:biuro@mcgroup.pl\">biuro@mcgroup.pl<\/a><\/li>\n<\/ul>\n<h2>7. Has\u0142a<\/h2>\n<p>Dane osobowe przetwarzaj\u0105 wy\u0142\u0105cznie przeszkoleni pracownicy, kt\u00f3rym MIA CONSULT GROUP Sp.z o.o. nada\u0142 stosowne upowa\u017cnienia.<\/p>\n<p>Internetowy dost\u0119p do us\u0142ug jest mo\u017cliwy poprzez stron\u0119 internetow\u0105, weryfikowany loginem i has\u0142em w trybie szyfrowanym.<\/p>\n<p>Informacje o Twoim koncie na miabiznes.pl, nazwa u\u017cytkownika i profil klienta s\u0105 chronione has\u0142em, dzi\u0119ki czemu masz bezpieczny dost\u0119p do logowania i edytowania swoich danych osobowych. Za bezpiecze\u0144stwo has\u0142a odpowiada u\u017cytkownik.<\/p>\n<p>Dost\u0119p do konta miabiznes.pl chroniony jest unikaln\u0105 nazw\u0105 u\u017cytkownika i has\u0142em, kt\u00f3re znasz tylko Ty. Nasza strona wykorzystuje wewn\u0119trzne procesy bezpiecze\u0144stwa, kt\u00f3re szyfruj\u0105 has\u0142o klienta, aby chroni\u0107 je przed ujawnieniem lub dost\u0119pem przez kogokolwiek innego ni\u017c Ty. Ani pracownicy Firmy, ani \u017caden z jej kontrahent\u00f3w nie b\u0119dzie prosi\u0107 Ci\u0119 o podanie has\u0142a poczt\u0105, e-mailem, telefonicznie lub w inny niesp\u00f3jny spos\u00f3b.<\/p>\n<p>U\u017cytkownik ma prawo \u017c\u0105dania dost\u0119pu do swoich danych osobowych, ich sprostowania, usuni\u0119cia lub ograniczenia przetwarzania, prawo do przeniesienia danych, wyra\u017cenia sprzeciwu wobec przetwarzania danych oraz prawo do wniesienia skargi do organu nadzorczego.<\/p>\n<h2>8. Zmiany naszej polityki prywatno\u015bci<\/h2>\n<p>Zastrzegamy sobie prawo zmiany powy\u017cszej polityki prywatno\u015bci poprzez opublikowanie nowej polityki prywatno\u015bci na tej stronie.<\/p>\n<h2>9. Bezpiecze\u0144stwo i dane kontaktowe<\/h2>\n<p>MIA CONSULT GROUP Sp.z o.o. wykonuje cyklicznie kopie zapasowe serwis\u00f3w www i poczty elektronicznej. Ponadto MIA CONSULT GROUP Sp.z o.o. stosuje mi\u0119dzy innymi zabezpieczenia antyspamowe oraz antywirusowe. Oprogramowanie i systemy bezpiecze\u0144stwa s\u0105 na bie\u017c\u0105co aktualizowane.<\/p>\n<p>Zapytania oraz wnioski, dotycz\u0105ce zakresu przetwarzania danych osobowych, mo\u017cna przesy\u0142a\u0107 poczt\u0105 tradycyjn\u0105 na adres: ul. Zygmunta Vogla 28\/02, 02-963, Polska, Warszawa, oraz mailem na adres <a href=\"mailto:biuro@mcgroup.pl\">biuro@mcgroup.pl<\/a>.<\/p>\n<\/div>","protected":false},"excerpt":{"rendered":"<p>Polityka prywatno\u015bci 1. Informacje og\u00f3lne MIA CONSULT GROUP Sp.z o.o. szanuje prawo U\u017cytkownik\u00f3w do prywatno\u015bci oraz dba o bezpiecze\u0144stwo danych udost\u0119pnionych przez U\u017cytkownik\u00f3w. Szczeg\u00f3lnie przywi\u0105zuje wag\u0119 do poszanowania prywatno\u015bci U\u017cytkownik\u00f3w, kt\u00f3rych dane osobowe s\u0105 przetwarzane zgodnie z ustaw\u0105 z dnia 10 maja 2018 r. o ochronie danych osobowych, s\u0142u\u017c\u0105ca stosowaniu rozporz\u0105dzenia Parlamentu Europejskiego i Rady [&hellip;]<\/p>\n","protected":false},"author":1,"featured_media":0,"parent":0,"menu_order":0,"comment_status":"closed","ping_status":"closed","template":"","meta":{"footnotes":""},"class_list":["post-912","page","type-page","status-publish","hentry"],"_links":{"self":[{"href":"https:\/\/miabiznes.pl\/ru\/wp-json\/wp\/v2\/pages\/912","targetHints":{"allow":["GET"]}}],"collection":[{"href":"https:\/\/miabiznes.pl\/ru\/wp-json\/wp\/v2\/pages"}],"about":[{"href":"https:\/\/miabiznes.pl\/ru\/wp-json\/wp\/v2\/types\/page"}],"author":[{"embeddable":true,"href":"https:\/\/miabiznes.pl\/ru\/wp-json\/wp\/v2\/users\/1"}],"replies":[{"embeddable":true,"href":"https:\/\/miabiznes.pl\/ru\/wp-json\/wp\/v2\/comments?post=912"}],"version-history":[{"count":19,"href":"https:\/\/miabiznes.pl\/ru\/wp-json\/wp\/v2\/pages\/912\/revisions"}],"predecessor-version":[{"id":2944,"href":"https:\/\/miabiznes.pl\/ru\/wp-json\/wp\/v2\/pages\/912\/revisions\/2944"}],"wp:attachment":[{"href":"https:\/\/miabiznes.pl\/ru\/wp-json\/wp\/v2\/media?parent=912"}],"curies":[{"name":"wp","href":"https:\/\/api.w.org\/{rel}","templated":true}]}}