{"id":2674,"date":"2025-10-02T09:57:53","date_gmt":"2025-10-02T07:57:53","guid":{"rendered":"https:\/\/miabiznes.pl\/?page_id=2674"},"modified":"2025-10-15T21:27:40","modified_gmt":"2025-10-15T19:27:40","slug":"financial-statement","status":"publish","type":"page","link":"https:\/\/miabiznes.pl\/ru\/financial-statement\/","title":{"rendered":"\u0424\u0418\u041d\u0410\u041d\u0421\u041e\u0412\u0410\u042f \u041e\u0422\u0427\u0415\u0422\u041d\u041e\u0421\u0422\u042c \u0414\u041b\u042f \u0412\u0410\u0428\u0415\u0419 \u041a\u041e\u041c\u041f\u0410\u041d\u0418\u0418"},"content":{"rendered":"<div data-elementor-type=\"wp-page\" data-elementor-id=\"2674\" class=\"elementor elementor-2674\">\n\t\t\t\t<div class=\"elementor-element elementor-element-798da8a e-flex e-con-boxed e-con e-parent\" data-id=\"798da8a\" data-element_type=\"container\" data-e-type=\"container\">\n\t\t\t\t\t<div class=\"e-con-inner\">\n\t\t\t\t<div class=\"elementor-element elementor-element-671a7245 elementor-widget elementor-widget-mcg_universal_banner\" data-id=\"671a7245\" data-element_type=\"widget\" data-e-type=\"widget\" data-widget_type=\"mcg_universal_banner.default\">\n\t\t\t\t<div class=\"elementor-widget-container\">\n\t\t\t\t\t<script>\ntranslate_universal.text1 = \"\u0422\u0432\u043e\u044f \u0444\u0438\u043d\u0430\u043d\u0441\u043e\u0432\u0430\u044f \u043e\u0442\u0447\u0435\u0442\u043d\u043e\u0441\u0442\u044c \";\ntranslate_universal.text1_1 = \"\u041f\u0440\u043e\u0444\u0435\u0441\u0441\u0438\u043e\u043d\u0430\u043b\u044c\u043d\u043e\u0435 \u0438 \u0431\u044b\u0441\u0442\u0440\u043e\u0435 \u0432\u044b\u043f\u043e\u043b\u043d\u0435\u043d\u0438\u0435 \u0443\u0441\u043b\u0443\u0433\u0438\";\ntranslate_universal.text2 = \"\u0423\u0437\u043d\u0430\u0439 \u0446\u0435\u043d\u0443 \u0438 \u043e\u043f\u043b\u0430\u0442\u0438 \u043e\u043d\u043b\u0430\u0439\u043d\";\ntranslate_universal.text2_1 = \"\u0423\u0434\u043e\u0431\u043d\u043e \u0438 \u0431\u044b\u0441\u0442\u0440\u043e, \u043d\u0435 \u0432\u044b\u0445\u043e\u0434\u044f \u0438\u0437 \u0434\u043e\u043c\u0430\";\ntranslate_universal.text3 = \"\u041e\u0442\u0441\u043b\u0435\u0436\u0438\u0432\u0430\u0439\u0442\u0435 \u0441\u0442\u0430\u0442\u0443\u0441 \u043e\u043d\u043b\u0430\u0439\u043d\";\ntranslate_universal.text3_1 = \"\u041f\u043e\u043b\u0443\u0447\u0430\u0439\u0442\u0435 \u0434\u043e\u043a\u0443\u043c\u0435\u043d\u0442\u044b \u0432\u043e\u0432\u0440\u0435\u043c\u044f\";\ntranslate_universal.btn = \"\u0417\u0430\u043a\u0430\u0437\u0430\u0442\u044c \u0443\u0441\u043b\u0443\u0433\u0443\";\n<\/script>\n<div class=\"banner-container\">  <div id=\"mainbanuni_hype_container\" class=\"HYPE_document\" style=\"margin:auto;position:relative;width:100%;height:100%;overflow:hidden;\">      <script type=\"text\/javascript\" charset=\"utf-8\" src=\"https:\/\/miabiznes.pl\/wp-content\/uploads\/v3\/banners\/fin_report\/main_ban_uni\/main_ban_uni.hyperesources\/mainbanuni_hype_generated_script.js?86239\"><\/script>  <\/div><\/div>\t\t\t\t<\/div>\n\t\t\t\t<\/div>\n\t\t\t\t<div class=\"elementor-element elementor-element-1c7cdc9a t-m-0-50 elementor-widget elementor-widget-heading\" data-id=\"1c7cdc9a\" data-element_type=\"widget\" data-e-type=\"widget\" data-widget_type=\"heading.default\">\n\t\t\t\t<div class=\"elementor-widget-container\">\n\t\t\t\t\t<h1 class=\"elementor-heading-title elementor-size-default\">\u0424\u0418\u041d\u0410\u041d\u0421\u041e\u0412\u0410\u042f \u041e\u0422\u0427\u0415\u0422\u041d\u041e\u0421\u0422\u042c \u0414\u041b\u042f \u0412\u0410\u0428\u0415\u0419 \u041a\u041e\u041c\u041f\u0410\u041d\u0418\u0418<\/h1>\t\t\t\t<\/div>\n\t\t\t\t<\/div>\n\t\t\t\t<div class=\"elementor-element elementor-element-54c3707e elementor-widget elementor-widget-text-editor\" data-id=\"54c3707e\" data-element_type=\"widget\" data-e-type=\"widget\" data-widget_type=\"text-editor.default\">\n\t\t\t\t<div class=\"elementor-widget-container\">\n\t\t\t\t\t\t\t\t\t<p style=\"text-align: center;\">\u041f\u043e\u0437\u0430\u0431\u043e\u0442\u044c\u0442\u0435\u0441\u044c \u043e \u0441\u0432\u043e\u0438\u0445 \u0444\u0438\u043d\u0430\u043d\u0441\u0430\u0445 \u0441 MIA BIZNES. \u0417\u0430\u043a\u0430\u0436\u0438\u0442\u0435 \u0431\u044b\u0441\u0442\u0440\u043e\u0435 \u0438 \u043f\u0440\u043e\u0444\u0435\u0441\u0441\u0438\u043e\u043d\u0430\u043b\u044c\u043d\u043e\u0435 \u043f\u043e\u0434\u0433\u043e\u0442\u043e\u0432\u043b\u0435\u043d\u0438\u0435 \u0444\u0438\u043d\u0430\u043d\u0441\u043e\u0432\u043e\u0439 \u043e\u0442\u0447\u0435\u0442\u043d\u043e\u0441\u0442\u0438 \u0441 \u043f\u043e\u043b\u043d\u044b\u043c \u0441\u043e\u043e\u0442\u0432\u0435\u0442\u0441\u0442\u0432\u0438\u0435\u043c \u0437\u0430\u043a\u043e\u043d\u043e\u0434\u0430\u0442\u0435\u043b\u044c\u0441\u0442\u0432\u0443. \u0412\u044b \u043f\u043e\u043b\u0443\u0447\u0438\u0442\u0435 \u0438\u043d\u0434\u0438\u0432\u0438\u0434\u0443\u0430\u043b\u044c\u043d\u0443\u044e \u043e\u0446\u0435\u043d\u043a\u0443 \u0441\u0442\u043e\u0438\u043c\u043e\u0441\u0442\u0438 \u0438 \u043f\u043e\u0434\u0434\u0435\u0440\u0436\u043a\u0443 \u043e\u043f\u044b\u0442\u043d\u044b\u0445 \u0441\u043f\u0435\u0446\u0438\u0430\u043b\u0438\u0441\u0442\u043e\u0432, \u043a\u043e\u0442\u043e\u0440\u044b\u0435 \u043f\u043e\u0437\u0430\u0431\u043e\u0442\u044f\u0442\u0441\u044f \u043e \u043a\u0430\u0436\u0434\u043e\u043c \u043d\u044e\u0430\u043d\u0441\u0435, \u0447\u0442\u043e\u0431\u044b \u0432\u044b \u043c\u043e\u0433\u043b\u0438 \u0441\u043e\u0441\u0440\u0435\u0434\u043e\u0442\u043e\u0447\u0438\u0442\u044c\u0441\u044f \u043d\u0430 \u0432\u0435\u0434\u0435\u043d\u0438\u0438 \u0431\u0438\u0437\u043d\u0435\u0441\u0430.<\/p>\t\t\t\t\t\t\t\t<\/div>\n\t\t\t\t<\/div>\n\t\t\t\t<div class=\"elementor-element elementor-element-68a2ee01 elementor-widget elementor-widget-html\" data-id=\"68a2ee01\" data-element_type=\"widget\" data-e-type=\"widget\" data-widget_type=\"html.default\">\n\t\t\t\t<div class=\"elementor-widget-container\">\n\t\t\t\t\t<a href=\"\/ru\/\" class=\"btn-single\">\u041d\u0430\u0447\u0430\u0442\u044c \u0441\u0435\u0439\u0447\u0430\u0441<\/a>\t\t\t\t<\/div>\n\t\t\t\t<\/div>\n\t\t\t\t<div class=\"elementor-element elementor-element-2ce7afd7 t-m-50-50  elementor-widget elementor-widget-heading\" data-id=\"2ce7afd7\" data-element_type=\"widget\" data-e-type=\"widget\" data-widget_type=\"heading.default\">\n\t\t\t\t<div class=\"elementor-widget-container\">\n\t\t\t\t\t<h2 class=\"elementor-heading-title elementor-size-default\">\u0417\u0410\u041a\u0410\u0416\u0418\u0422\u0415 \u0424\u0418\u041d\u0410\u041d\u0421\u041e\u0412\u0423\u042e \u041e\u0422\u0427\u0415\u0422\u041d\u041e\u0421\u0422\u042c \u0412 \u0422\u0420\u0418 \u041f\u0420\u041e\u0421\u0422\u042b\u0425 \u0428\u0410\u0413\u0410<\/h2>\t\t\t\t<\/div>\n\t\t\t\t<\/div>\n\t\t\t\t<div class=\"elementor-element elementor-element-d080e6f elementor-widget elementor-widget-text-editor\" data-id=\"d080e6f\" data-element_type=\"widget\" data-e-type=\"widget\" data-widget_type=\"text-editor.default\">\n\t\t\t\t<div class=\"elementor-widget-container\">\n\t\t\t\t\t\t\t\t\t<p style=\"text-align: center;\">\u0423\u0441\u043b\u0443\u0433\u0430 \u043f\u043e\u0434\u0433\u043e\u0442\u043e\u0432\u043a\u0438 \u0444\u0438\u043d\u0430\u043d\u0441\u043e\u0432\u043e\u0439 \u043e\u0442\u0447\u0435\u0442\u043d\u043e\u0441\u0442\u0438 \u0434\u043e\u0441\u0442\u0443\u043f\u043d\u0430 \u0438\u0441\u043a\u043b\u044e\u0447\u0438\u0442\u0435\u043b\u044c\u043d\u043e \u0434\u043b\u044f \u043a\u043b\u0438\u0435\u043d\u0442\u043e\u0432 \u0431\u0443\u0445\u0433\u0430\u043b\u0442\u0435\u0440\u0441\u043a\u043e\u0439 \u043a\u043e\u043c\u043f\u0430\u043d\u0438\u0438 MIA CONSULT GROUP Sp. z o.o.<\/p>\t\t\t\t\t\t\t\t<\/div>\n\t\t\t\t<\/div>\n\t\t\t\t<div class=\"elementor-element elementor-element-1e75065b elementor-widget elementor-widget-mcg_steps_banner\" data-id=\"1e75065b\" data-element_type=\"widget\" data-e-type=\"widget\" data-widget_type=\"mcg_steps_banner.default\">\n\t\t\t\t<div class=\"elementor-widget-container\">\n\t\t\t\t\t<script>\n    translate_steps.text1 = \"\u0428\u0430\u0433 1\";\n    translate_steps.text2 = \"\u0410\u0432\u0442\u043e\u0440\u0438\u0437\u0443\u0439\u0442\u0435\u0441\u044c \u0432 \u0430\u043a\u043a\u0430\u0443\u043d\u0442\u0435 MIA BIZNES \u0438 \u043e\u0442\u043a\u0440\u043e\u0439\u0442\u0435 \u0440\u0430\u0437\u0434\u0435\u043b \u041c\u043e\u044f \u0444\u0438\u0440\u043c\u0430\";\n    translate_steps.text3 = \"\u0428\u0430\u0433 2\";\n    translate_steps.text4 = \"\u0421\u0432\u044f\u0436\u0438\u0442\u0435 \u0441\u0432\u043e\u044e \u043a\u043e\u043c\u043f\u0430\u043d\u0438\u044e \u0441 \u0431\u0443\u0445\u0433\u0430\u043b\u0442\u0435\u0440\u0438\u0435\u0439 <br>MIA CONSULT GROUP \u0432 \u0440\u0430\u0437\u0434\u0435\u043b\u0435 \u201c\u041c\u043e\u044f \u043a\u043e\u043c\u043f\u0430\u043d\u0438\u044f\u201d\";\n    translate_steps.text5 = \"\u0428\u0430\u0433 3\";\n    translate_steps.text6 = \"\u0412 \u0440\u0430\u0437\u0434\u0435\u043b\u0435 \u201c\u0424\u0438\u043d\u0430\u043d\u0441\u043e\u0432\u044b\u0439 \u043e\u0442\u0447\u0435\u0442\u201d  \u0437\u0430\u043a\u0430\u0436\u0438\u0442\u0435 \u0443\u0441\u043b\u0443\u0433\u0443 \u0438 \u043f\u043e\u043b\u0443\u0447\u0438\u0442\u0435 \u0434\u043e\u043a\u0443\u043c\u0435\u043d\u0442\u044b \u043e\u0442 \u043d\u0430\u0448\u0438\u0445 \u0441\u043f\u0435\u0446\u0438\u0430\u043b\u0438\u0441\u0442\u043e\u0432\";\n<\/script>\n<div id=\"bannerstepsuni_hype_container\" class=\"HYPE_document\" style=\"margin:auto;position:relative;width:100%;height:465px;overflow:hidden;\">  <script type=\"text\/javascript\" charset=\"utf-8\" src=\"https:\/\/miabiznes.pl\/wp-content\/uploads\/v3\/banners\/fin_report\/banner_steps_uni\/banner_steps_uni.hyperesources\/bannerstepsuni_hype_generated_script.js?41150\"><\/script><\/div>\t\t\t\t<\/div>\n\t\t\t\t<\/div>\n\t\t\t\t<div class=\"elementor-element elementor-element-53b983b0 elementor-widget elementor-widget-html\" data-id=\"53b983b0\" data-element_type=\"widget\" data-e-type=\"widget\" data-widget_type=\"html.default\">\n\t\t\t\t<div class=\"elementor-widget-container\">\n\t\t\t\t\t<a href=\"\/ru\/\" class=\"btn-single\">\u041d\u0430\u0447\u0430\u0442\u044c \u0441\u0435\u0439\u0447\u0430\u0441<\/a>\t\t\t\t<\/div>\n\t\t\t\t<\/div>\n\t\t\t\t<div class=\"elementor-element elementor-element-48627dbc t-m-50-50  elementor-widget elementor-widget-heading\" data-id=\"48627dbc\" data-element_type=\"widget\" data-e-type=\"widget\" data-widget_type=\"heading.default\">\n\t\t\t\t<div class=\"elementor-widget-container\">\n\t\t\t\t\t<h2 class=\"elementor-heading-title elementor-size-default\">\u0417\u0410\u041a\u0410\u0416\u0418\u0422\u0415 \u0424\u0418\u041d\u0410\u041d\u0421\u041e\u0412\u0423\u042e \u041e\u0422\u0427\u0415\u0422\u041d\u041e\u0421\u0422\u042c \u0423\u0416\u0415 \u0421\u0415\u0419\u0427\u0410\u0421<\/h2>\t\t\t\t<\/div>\n\t\t\t\t<\/div>\n\t\t\t\t<div class=\"elementor-element elementor-element-3f0b6649 elementor-widget elementor-widget-shortcode\" data-id=\"3f0b6649\" data-element_type=\"widget\" data-e-type=\"widget\" data-widget_type=\"shortcode.default\">\n\t\t\t\t<div class=\"elementor-widget-container\">\n\t\t\t\t\t\t\t<div class=\"elementor-shortcode\"><div id=\"mcg-fiz-report-content\" class=\"just-w-100 tab-price-page active-price\" data-price=\"7\">\n    <div class=\"employee-section\">\n        <div class=\"one-employee\">\n            <div class=\"v3-one-consult-head b-blue\">\n                <div class=\"one-consult-head-name wrap-wrap\">\n                    <p>\u0424\u0438\u043d\u0430\u043d\u0441\u043e\u0432\u0430\u044f \u043e\u0442\u0447\u0435\u0442\u043d\u043e\u0441\u0442\u044c<\/p>\n                    <div class=\"one-consult-label-v3\">\u0411\u0435\u0441\u0441\u0440\u043e\u0447\u043d\u043e<\/div>\n                <\/div>\n                <p class=\"one-consult-bottom-price\">\u0418\u043d\u0434\u0438\u0432\u0438\u0434\u0443\u0430\u043b\u044c\u043d\u044b\u0439 \u0440\u0430\u0441\u0447\u0435\u0442<\/p>\n            <\/div>\n            <div class=\"employee-body\">\n                <p class=\"employee-t-1\"><b class=\"text-blue\">\u0417\u0430\u043a\u0440\u043e\u0439\u0442\u0435 \u0433\u043e\u0434 \u0431\u0435\u0437 \u0441\u0442\u0440\u0435\u0441\u0441\u0430!<\/b><br>\u041c\u044b \u043f\u043e\u0434\u0433\u043e\u0442\u043e\u0432\u0438\u043c \u0432\u0430\u0448\u0443 \u0444\u0438\u043d\u0430\u043d\u0441\u043e\u0432\u0443\u044e \u043e\u0442\u0447\u0435\u0442\u043d\u043e\u0441\u0442\u044c \u043a\u043e\u043c\u043f\u043b\u0435\u043a\u0441\u043d\u043e \u0438 \u0431\u0435\u0437 \u043e\u0448\u0438\u0431\u043e\u043a - \u0441\u043e\u0441\u0440\u0435\u0434\u043e\u0442\u043e\u0447\u044c\u0442\u0435\u0441\u044c \u043d\u0430 \u0440\u0430\u0437\u0432\u0438\u0442\u0438\u0438 \u043a\u043e\u043c\u043f\u0430\u043d\u0438\u0438.<\/p>\n                <a id=\"btn-fiz-report\" class=\"mia-btn b-blue btn-fiz-report\"  >\u0417\u0430\u043a\u0430\u0437\u0430\u0442\u044c \u0443\u0441\u043b\u0443\u0433\u0443<\/a>\n            <\/div>\n        <\/div>\n        <!--        <img decoding=\"async\" class=\"employee-right-img\" src=\"https:\/\/miabiznes.pl\/wp-content\/uploads\/v3\/img\/faktury\/man-min.png\">-->\n        <div class=\"banner-dynamic-island\">\n            <div id=\"dynamicislandban_hype_container\" class=\"HYPE_document\" style=\"margin:auto;position:relative;width:100%;height:100%;overflow:hidden;\">\n                <script type=\"text\/javascript\" charset=\"utf-8\" src=\"https:\/\/miabiznes.pl\/wp-content\/uploads\/v3\/banners\/dynamic_island_ban\/miabiznes\/girl\/dynamic_island_ban\/dynamic_island_ban.hyperesources\/dynamicislandban_hype_generated_script.js?74920\"><\/script>\n            <\/div>\n        <\/div>\n    <\/div>\n<\/div><\/div>\n\t\t\t\t\t\t<\/div>\n\t\t\t\t<\/div>\n\t\t\t\t<div class=\"elementor-element elementor-element-4fbf7485 t-m-50-50  elementor-widget elementor-widget-heading\" data-id=\"4fbf7485\" data-element_type=\"widget\" data-e-type=\"widget\" data-widget_type=\"heading.default\">\n\t\t\t\t<div class=\"elementor-widget-container\">\n\t\t\t\t\t<h3 class=\"elementor-heading-title elementor-size-default\">\u041f\u041e\u0427\u0415\u041c\u0423 \u0421\u0422\u041e\u0418\u0422 \u0412\u041e\u0421\u041f\u041e\u041b\u042c\u0417\u041e\u0412\u0410\u0422\u042c\u0421\u042f \u0423\u0421\u041b\u0423\u0413\u041e\u0419 \u041f\u041e\u0414\u0413\u041e\u0422\u041e\u0412\u041a\u0418 \u0424\u0418\u041d\u0410\u041d\u0421\u041e\u0412\u041e\u0419 \u041e\u0422\u0427\u0415\u0422\u041d\u041e\u0421\u0422\u0418?<\/h3>\t\t\t\t<\/div>\n\t\t\t\t<\/div>\n\t\t\t\t<div class=\"elementor-element elementor-element-23500ce7 elementor-widget elementor-widget-mcg_advantages\" data-id=\"23500ce7\" data-element_type=\"widget\" data-e-type=\"widget\" data-widget_type=\"mcg_advantages.default\">\n\t\t\t\t<div class=\"elementor-widget-container\">\n\t\t\t\t\t<div class=\"v3-advantages\"><div class=\"v3-one-adv\"><img decoding=\"async\" src=\"https:\/\/miabiznes.pl\/wp-content\/uploads\/2025\/08\/wsparcie.svg\" class=\"v3-one-adv-icon\" alt=\"\"><p class=\"v3-one-adv-text\">\u041f\u043e\u043b\u043d\u043e\u0435 \u0441\u043e\u043e\u0442\u0432\u0435\u0442\u0441\u0442\u0432\u0438\u0435 \u0437\u0430\u043a\u043e\u043d\u043e\u0434\u0430\u0442\u0435\u043b\u044c\u0441\u0442\u0432\u0443<\/p><\/div><div class=\"v3-one-adv\"><img decoding=\"async\" src=\"https:\/\/miabiznes.pl\/wp-content\/uploads\/2025\/08\/zalaczniki.svg\" class=\"v3-one-adv-icon\" alt=\"\"><p class=\"v3-one-adv-text\">\u041f\u0440\u043e\u0444\u0435\u0441\u0441\u0438\u043e\u043d\u0430\u043b\u044c\u043d\u0430\u044f \u043f\u043e\u0434\u0434\u0435\u0440\u0436\u043a\u0430<\/p><\/div><div class=\"v3-one-adv\"><img decoding=\"async\" src=\"https:\/\/miabiznes.pl\/wp-content\/uploads\/2025\/08\/proces.svg\" class=\"v3-one-adv-icon\" alt=\"\"><p class=\"v3-one-adv-text\">\u042d\u043a\u043e\u043d\u043e\u043c\u0438\u044f \u0432\u0440\u0435\u043c\u0435\u043d\u0438<\/p><\/div><div class=\"v3-one-adv\"><img decoding=\"async\" src=\"https:\/\/miabiznes.pl\/wp-content\/uploads\/2025\/08\/obsluga.svg\" class=\"v3-one-adv-icon\" alt=\"\"><p class=\"v3-one-adv-text\">\u0418\u043d\u0434\u0438\u0432\u0438\u0434\u0443\u0430\u043b\u044c\u043d\u0430\u044f \u043e\u0446\u0435\u043d\u043a\u0430 \u0441\u0442\u043e\u0438\u043c\u043e\u0441\u0442\u0438<\/p><\/div><div class=\"v3-one-adv\"><img decoding=\"async\" src=\"https:\/\/miabiznes.pl\/wp-content\/uploads\/2025\/08\/audio-wideo.svg\" class=\"v3-one-adv-icon\" alt=\"\"><p class=\"v3-one-adv-text\">\u041f\u0440\u043e\u0437\u0440\u0430\u0447\u043d\u043e\u0441\u0442\u044c \u0438 \u043a\u043e\u043d\u0442\u0440\u043e\u043b\u044c<\/p><\/div><div class=\"v3-one-adv\"><img decoding=\"async\" src=\"https:\/\/miabiznes.pl\/wp-content\/uploads\/2025\/08\/pomoc.svg\" class=\"v3-one-adv-icon\" alt=\"\"><p class=\"v3-one-adv-text\">\u0423\u0432\u0435\u0440\u0435\u043d\u043d\u043e\u0441\u0442\u044c \u0438 \u0431\u0435\u0437\u043e\u043f\u0430\u0441\u043d\u043e\u0441\u0442\u044c<\/p><\/div><\/div>\t\t\t\t<\/div>\n\t\t\t\t<\/div>\n\t\t\t\t\t<\/div>\n\t\t\t\t<\/div>\n\t\t\t\t<\/div>","protected":false},"excerpt":{"rendered":"<p>Sprawozdanie finansowe dla Twojej firmy Zadbaj o swoje finanse z MIA BIZNES. Zam\u00f3w szybkie i profesjonalne przygotowanie sprawozdania finansowego z pe\u0142n\u0105 zgodno\u015bci\u0105 z przepisami. Otrzymasz indywidualn\u0105 wycen\u0119 oraz wsparcie do\u015bwiadczonych specjalist\u00f3w, kt\u00f3rzy zadbaj\u0105 o ka\u017cdy szczeg\u00f3\u0142, aby\u015b m\u00f3g\u0142 skupi\u0107 si\u0119 na prowadzeniu swojego biznesu. Rozpocznij Zam\u00f3w sprawozdanie finansowe w trzech prostych krokach Us\u0142uga sprawozdania finansowego [&hellip;]<\/p>\n","protected":false},"author":1,"featured_media":2689,"parent":0,"menu_order":0,"comment_status":"closed","ping_status":"closed","template":"","meta":{"footnotes":""},"class_list":["post-2674","page","type-page","status-publish","has-post-thumbnail","hentry"],"_links":{"self":[{"href":"https:\/\/miabiznes.pl\/ru\/wp-json\/wp\/v2\/pages\/2674","targetHints":{"allow":["GET"]}}],"collection":[{"href":"https:\/\/miabiznes.pl\/ru\/wp-json\/wp\/v2\/pages"}],"about":[{"href":"https:\/\/miabiznes.pl\/ru\/wp-json\/wp\/v2\/types\/page"}],"author":[{"embeddable":true,"href":"https:\/\/miabiznes.pl\/ru\/wp-json\/wp\/v2\/users\/1"}],"replies":[{"embeddable":true,"href":"https:\/\/miabiznes.pl\/ru\/wp-json\/wp\/v2\/comments?post=2674"}],"version-history":[{"count":41,"href":"https:\/\/miabiznes.pl\/ru\/wp-json\/wp\/v2\/pages\/2674\/revisions"}],"predecessor-version":[{"id":2912,"href":"https:\/\/miabiznes.pl\/ru\/wp-json\/wp\/v2\/pages\/2674\/revisions\/2912"}],"wp:featuredmedia":[{"embeddable":true,"href":"https:\/\/miabiznes.pl\/ru\/wp-json\/wp\/v2\/media\/2689"}],"wp:attachment":[{"href":"https:\/\/miabiznes.pl\/ru\/wp-json\/wp\/v2\/media?parent=2674"}],"curies":[{"name":"wp","href":"https:\/\/api.w.org\/{rel}","templated":true}]}}