{"id":2005,"date":"2025-08-12T10:58:08","date_gmt":"2025-08-12T08:58:08","guid":{"rendered":"https:\/\/miabiznes.pl\/?page_id=2005"},"modified":"2025-11-13T02:07:13","modified_gmt":"2025-11-13T01:07:13","slug":"employee","status":"publish","type":"page","link":"https:\/\/miabiznes.pl\/ru\/employee\/","title":{"rendered":"\u041f\u043e\u043b\u044c\u0437\u043e\u0432\u0430\u0442\u0435\u043b\u0438"},"content":{"rendered":"<div data-elementor-type=\"wp-page\" data-elementor-id=\"2005\" class=\"elementor elementor-2005\">\n\t\t\t\t<div class=\"elementor-element elementor-element-26809d6f e-flex e-con-boxed e-con e-parent\" data-id=\"26809d6f\" data-element_type=\"container\" data-e-type=\"container\">\n\t\t\t\t\t<div class=\"e-con-inner\">\n\t\t\t\t<div class=\"elementor-element elementor-element-3f8639e1 elementor-widget elementor-widget-mcg_universal_banner\" data-id=\"3f8639e1\" data-element_type=\"widget\" data-e-type=\"widget\" data-widget_type=\"mcg_universal_banner.default\">\n\t\t\t\t<div class=\"elementor-widget-container\">\n\t\t\t\t\t<script>\ntranslate_universal.text1 = \"\u041a\u041e\u041c\u0410\u041d\u0414\u041d\u0410\u042f \u0420\u0410\u0411\u041e\u0422\u0410\";\ntranslate_universal.text1_1 = \"\u0421\u041e\u0417\u0414\u0410\u0412\u0410\u0419\u0422\u0415, \u041d\u0410\u0417\u041d\u0410\u0427\u0410\u0419\u0422\u0415 \u0418 \u041e\u0422\u0421\u041b\u0415\u0416\u0418\u0412\u0410\u0419\u0422\u0415 \u0417\u0410\u0414\u0410\u0427\u0418 \u041a\u041e\u041c\u0410\u041d\u0414\u042b \u041e\u041d\u041b\u0410\u0419\u041d \u0411\u0415\u0421\u041f\u041b\u0410\u0422\u041d\u041e\";\ntranslate_universal.text2 = \"\u0412\u041c\u0415\u0421\u0422\u0415 \u0412 \u041e\u0414\u041d\u041e\u041c \u0421\u0415\u0420\u0412\u0418\u0421\u0415\";\ntranslate_universal.text2_1 = \"\u041f\u041e\u041b\u042c\u0417\u041e\u0412\u0410\u0422\u0415\u041b\u0418 \u0414\u0415\u041b\u042f\u0422\u0421\u042f \u0423\u0421\u041b\u0423\u0413\u0410\u041c\u0418 \u0418 \u0421\u041e\u0417\u0414\u0410\u042e\u0422 \u0417\u0410\u0414\u0410\u0427\u0418 \u0414\u0420\u0423\u0413 \u0414\u041b\u042f \u0414\u0420\u0423\u0413\u0410\";\ntranslate_universal.text3 = \"1 \u0421\u041e\u0422\u0420\u0423\u0414\u041d\u0418\u041a \u0411\u0415\u0421\u041f\u041b\u0410\u0422\u041d\u041e\";\ntranslate_universal.text3_1 = \"\u0414\u041e\u0411\u0410\u0412\u042c\u0422\u0415 1 \u041f\u041e\u041b\u042c\u0417\u041e\u0412\u0410\u0422\u0415\u041b\u042f \u0411\u0415\u0421\u041f\u041b\u0410\u0422\u041d\u041e, \u0421\u041b\u0415\u0414\u0423\u042e\u0429\u0418\u0419 \u0417\u0410 9.99 PLN\";\ntranslate_universal.btn = \"\u0414\u043e\u0431\u0430\u0432\u0438\u0442\u044c \u0441\u043e\u0442\u0440\u0443\u0434\u043d\u0438\u043a\u0430\";\n<\/script>\n<div class=\"banner-container\">  <div id=\"mainbanuni_hype_container\" class=\"HYPE_document\" style=\"margin:auto;position:relative;width:100%;height:100%;overflow:hidden;\">      <script type=\"text\/javascript\" charset=\"utf-8\" src=\"https:\/\/miabiznes.pl\/wp-content\/uploads\/v3\/banners\/employee\/main_ban_uni\/main_ban_uni.hyperesources\/mainbanuni_hype_generated_script.js?86239\"><\/script>  <\/div><\/div>\t\t\t\t<\/div>\n\t\t\t\t<\/div>\n\t\t\t\t<div class=\"elementor-element elementor-element-212c6644 t-m-0-50 elementor-widget elementor-widget-heading\" data-id=\"212c6644\" data-element_type=\"widget\" data-e-type=\"widget\" data-widget_type=\"heading.default\">\n\t\t\t\t<div class=\"elementor-widget-container\">\n\t\t\t\t\t<h1 class=\"elementor-heading-title elementor-size-default\">\u0414\u043e\u0431\u0430\u0432\u044c\u0442\u0435 \u0441\u043e\u0442\u0440\u0443\u0434\u043d\u0438\u043a\u043e\u0432 \u0438 \u0440\u0430\u0431\u043e\u0442\u0430\u0439\u0442\u0435 \u0432\u043c\u0435\u0441\u0442\u0435<\/h1>\t\t\t\t<\/div>\n\t\t\t\t<\/div>\n\t\t\t\t<div class=\"elementor-element elementor-element-7a3b19a1 elementor-widget elementor-widget-text-editor\" data-id=\"7a3b19a1\" data-element_type=\"widget\" data-e-type=\"widget\" data-widget_type=\"text-editor.default\">\n\t\t\t\t<div class=\"elementor-widget-container\">\n\t\t\t\t\t\t\t\t\t<p style=\"text-align: center;\">\u041f\u0440\u0438\u0433\u043b\u0430\u0448\u0430\u044f \u043f\u043e\u043b\u044c\u0437\u043e\u0432\u0430\u0442\u0435\u043b\u0435\u0439, \u0432\u044b \u0441\u043c\u043e\u0436\u0435\u0442\u0435 \u0440\u0430\u0441\u043f\u0440\u0435\u0434\u0435\u043b\u044f\u0442\u044c \u0437\u0430\u0434\u0430\u0447\u0438, \u043a\u043e\u043d\u0442\u0440\u043e\u043b\u0438\u0440\u043e\u0432\u0430\u0442\u044c \u0432\u044b\u043f\u043e\u043b\u043d\u0435\u043d\u0438\u0435 \u0438 \u0434\u0435\u043b\u0438\u0442\u044c\u0441\u044f \u0434\u043e\u0441\u0442\u0443\u043f\u043e\u043c \u043a \u0443\u0441\u043b\u0443\u0433\u0430\u043c \u0441 \u0440\u0430\u0431\u043e\u0442\u043d\u0438\u043a\u0430\u043c\u0438.<\/p><p style=\"text-align: center;\">\u041f\u0435\u0440\u0432\u044b\u0439 \u043f\u043e\u043b\u044c\u0437\u043e\u0432\u0430\u0442\u0435\u043b\u044c \u2014 \u0431\u0435\u0441\u043f\u043b\u0430\u0442\u043d\u043e. \u0411\u043b\u0430\u0433\u043e\u0434\u0430\u0440\u044f \u044d\u0442\u043e\u043c\u0443 \u043a\u0430\u0436\u0434\u044b\u0439 \u0437\u043d\u0430\u0435\u0442, \u0437\u0430 \u0447\u0442\u043e \u043e\u0442\u0432\u0435\u0447\u0430\u0435\u0442, \u0430 \u0443 \u0432\u0430\u0441 \u0435\u0441\u0442\u044c \u043f\u043e\u043b\u043d\u0430\u044f \u043a\u0430\u0440\u0442\u0438\u043d\u0430 \u0440\u0430\u0431\u043e\u0442\u044b \u043a\u043e\u043c\u043f\u0430\u043d\u0438\u0438 \u2014 \u0432\u0441\u0435 \u0432 \u043e\u0434\u043d\u043e\u043c \u043c\u0435\u0441\u0442\u0435, \u0431\u0435\u0437 \u0445\u0430\u043e\u0441\u0430 \u0438 \u043b\u0438\u0448\u043d\u0438\u0445 \u0441\u043e\u043e\u0431\u0449\u0435\u043d\u0438\u0439.<\/p>\t\t\t\t\t\t\t\t<\/div>\n\t\t\t\t<\/div>\n\t\t\t\t<div class=\"elementor-element elementor-element-7705db51 elementor-widget elementor-widget-html\" data-id=\"7705db51\" data-element_type=\"widget\" data-e-type=\"widget\" data-widget_type=\"html.default\">\n\t\t\t\t<div class=\"elementor-widget-container\">\n\t\t\t\t\t<a href=\"\/ru\/\" class=\"btn-single\">\u041d\u0430\u0447\u0430\u0442\u044c \u0441\u0435\u0439\u0447\u0430\u0441<\/a>\t\t\t\t<\/div>\n\t\t\t\t<\/div>\n\t\t\t\t<div class=\"elementor-element elementor-element-c6ee885 t-m-50-50  elementor-widget elementor-widget-heading\" data-id=\"c6ee885\" data-element_type=\"widget\" data-e-type=\"widget\" data-widget_type=\"heading.default\">\n\t\t\t\t<div class=\"elementor-widget-container\">\n\t\t\t\t\t<h2 class=\"elementor-heading-title elementor-size-default\">\u041f\u043e\u0434\u043a\u043b\u044e\u0447\u0438\u0442\u0435 \u043f\u043e\u043b\u044c\u0437\u043e\u0432\u0430\u0442\u0435\u043b\u044f \u0432\u0441\u0435\u0433\u043e \u0437\u0430 \u0442\u0440\u0438 \u0448\u0430\u0433\u0430<\/h2>\t\t\t\t<\/div>\n\t\t\t\t<\/div>\n\t\t\t\t<div class=\"elementor-element elementor-element-3c41e19 elementor-widget elementor-widget-mcg_steps_banner\" data-id=\"3c41e19\" data-element_type=\"widget\" data-e-type=\"widget\" data-widget_type=\"mcg_steps_banner.default\">\n\t\t\t\t<div class=\"elementor-widget-container\">\n\t\t\t\t\t<script>\n    translate_steps.text1 = \"\u0428\u0430\u0433 1\";\n    translate_steps.text2 = \"\u0410\u0432\u0442\u043e\u0440\u0438\u0437\u0443\u0439\u0442\u0435\u0441\u044c \u0432 \u0430\u043a\u043a\u0430\u0443\u043d\u0442\u0435 MIA BIZNES \u0438 \u043e\u0442\u043a\u0440\u043e\u0439\u0442\u0435 \u0440\u0430\u0437\u0434\u0435\u043b \u041c\u043e\u044f \u0444\u0438\u0440\u043c\u0430\";\n    translate_steps.text3 = \"\u0428\u0430\u0433 2\";\n    translate_steps.text4 = \"\u041f\u043e\u0434\u043a\u043b\u044e\u0447\u0438\u0442\u0435 \u043f\u043e\u043b\u044c\u0437\u043e\u0432\u0430\u0442\u0435\u043b\u044f \u2014 \u043f\u0435\u0440\u0432\u044b\u0439 \u0431\u0435\u0441\u043f\u043b\u0430\u0442\u043d\u043e, \u043e\u0441\u0442\u0430\u043b\u044c\u043d\u044b\u0435 \u0434\u043e\u0441\u0442\u0443\u043f\u043d\u044b \u0437\u0430 \u043f\u043b\u0430\u0442\u0443\";\n    translate_steps.text5 = \"\u0428\u0430\u0433 3\";\n    translate_steps.text6 = \"\u0423\u043f\u0440\u0430\u0432\u043b\u044f\u0439\u0442\u0435 \u0437\u0430\u0434\u0430\u0447\u0430\u043c\u0438 \u0438 \u0440\u0430\u0431\u043e\u0442\u043e\u0439 \u043a\u043e\u043c\u0430\u043d\u0434\u044b \u0432 \u043e\u0434\u043d\u043e\u043c \u043c\u0435\u0441\u0442\u0435\";\n<\/script>\n<div id=\"bannerstepsuni_hype_container\" class=\"HYPE_document\" style=\"margin:auto;position:relative;width:100%;height:465px;overflow:hidden;\">  <script type=\"text\/javascript\" charset=\"utf-8\" src=\"https:\/\/miabiznes.pl\/wp-content\/uploads\/v3\/banners\/employee\/banner_steps_uni\/banner_steps_uni.hyperesources\/bannerstepsuni_hype_generated_script.js?41150\"><\/script><\/div>\t\t\t\t<\/div>\n\t\t\t\t<\/div>\n\t\t\t\t<div class=\"elementor-element elementor-element-3ea6fde4 elementor-widget elementor-widget-html\" data-id=\"3ea6fde4\" data-element_type=\"widget\" data-e-type=\"widget\" data-widget_type=\"html.default\">\n\t\t\t\t<div class=\"elementor-widget-container\">\n\t\t\t\t\t<a href=\"\/ru\/\" class=\"btn-single\">\u041d\u0430\u0447\u0430\u0442\u044c \u0441\u0435\u0439\u0447\u0430\u0441<\/a>\t\t\t\t<\/div>\n\t\t\t\t<\/div>\n\t\t\t\t<div class=\"elementor-element elementor-element-4806a7e t-m-50-50  elementor-widget elementor-widget-heading\" data-id=\"4806a7e\" data-element_type=\"widget\" data-e-type=\"widget\" data-widget_type=\"heading.default\">\n\t\t\t\t<div class=\"elementor-widget-container\">\n\t\t\t\t\t<h2 class=\"elementor-heading-title elementor-size-default\">\u041a\u0443\u043f\u0438\u0442\u0435 \u0434\u043e\u043f\u043e\u043b\u043d\u0438\u0442\u0435\u043b\u044c\u043d\u043e\u0433\u043e \u043f\u043e\u043b\u044c\u0437\u043e\u0432\u0430\u0442\u0435\u043b\u044f \u043f\u0440\u044f\u043c\u043e \u0441\u0435\u0439\u0447\u0430\u0441<\/h2>\t\t\t\t<\/div>\n\t\t\t\t<\/div>\n\t\t\t\t<div class=\"elementor-element elementor-element-faece7b elementor-widget elementor-widget-shortcode\" data-id=\"faece7b\" data-element_type=\"widget\" data-e-type=\"widget\" data-widget_type=\"shortcode.default\">\n\t\t\t\t<div class=\"elementor-widget-container\">\n\t\t\t\t\t\t\t<div class=\"elementor-shortcode\"><div id=\"mcg-employee-content\" class=\"just-w-100 tab-price-page active-price\" data-price=\"7\">\n    <div class=\"employee-section\">\n       <div class=\"one-employee\">\n           <div class=\"v3-one-consult-head b-blue\">\n               <div class=\"one-consult-head-name wrap-wrap\">\n                   <p>\u0414\u041e\u041f\u041e\u041b\u041d\u0418\u0422\u0415\u041b\u042c\u041d\u042b\u0419 \u041f\u041e\u041b\u042c\u0417\u041e\u0412\u0410\u0422\u0415\u041b\u042c<\/p>\n                   <div class=\"one-consult-label-v3\">\u0411\u0435\u0441\u0441\u0440\u043e\u0447\u043d\u043e<\/div>\n               <\/div>\n               <p class=\"one-consult-bottom-price\">9.99 <span class=\"small\">z\u0142.<\/span><\/p>\n           <\/div>\n           <div class=\"employee-body\">\n               <p class=\"employee-t-1\"><b class=\"text-blue\">\u041f\u043e\u0434\u043a\u043b\u044e\u0447\u0438\u0442\u0435 \u0441\u043e\u0442\u0440\u0443\u0434\u043d\u0438\u043a\u043e\u0432<\/b> \u0438 \u0440\u0430\u0431\u043e\u0442\u0430\u0439\u0442\u0435 \u0432 \u0441\u0438\u0441\u0442\u0435\u043c\u0435 \u0441\u043e\u0432\u043c\u0435\u0441\u0442\u043d\u043e \u2014 \u0434\u043b\u044f \u044d\u0444\u0444\u0435\u043a\u0442\u0438\u0432\u043d\u043e\u0433\u043e \u0432\u0437\u0430\u0438\u043c\u043e\u0434\u0435\u0439\u0441\u0442\u0432\u0438\u044f \u0432\u0441\u0435\u0439 \u043a\u043e\u043c\u0430\u043d\u0434\u044b \u0432 \u0435\u0434\u0438\u043d\u043e\u043c \u043f\u0440\u043e\u0441\u0442\u0440\u0430\u043d\u0441\u0442\u0432\u0435.<\/p>\n               <p class=\"employee-t-2\">*\u0412\u044b \u043c\u043e\u0436\u0435\u0442\u0435 \u043f\u043e\u0434\u043a\u043b\u044e\u0447\u0438\u0442\u044c \u0434\u043e 10 \u0441\u043e\u0442\u0440\u0443\u0434\u043d\u0438\u043a\u043e\u0432.<\/p>\n               <a class=\"mia-btn b-blue btn-employee\" data-count=\"10\" id=\"buy-employee\">\u0414\u043e\u0431\u0430\u0432\u0438\u0442\u044c \u043f\u043e\u043b\u044c\u0437\u043e\u0432\u0430\u0442\u0435\u043b\u044f<\/a>\n           <\/div>\n       <\/div>\n<!--        <img decoding=\"async\" class=\"employee-right-img\" src=\"https:\/\/miabiznes.pl\/wp-content\/uploads\/v3\/img\/faktury\/man-min.png\">-->\n        <div class=\"banner-dynamic-island\">\n            <div id=\"dynamicislandban_hype_container\" class=\"HYPE_document\" style=\"margin:auto;position:relative;width:100%;height:100%;overflow:hidden;\">\n                <script type=\"text\/javascript\" charset=\"utf-8\" src=\"https:\/\/miabiznes.pl\/wp-content\/uploads\/v3\/banners\/dynamic_island_ban\/miabiznes\/boy\/dynamic_island_ban\/dynamic_island_ban.hyperesources\/dynamicislandban_hype_generated_script.js?74920\"><\/script>\n            <\/div>\n        <\/div>\n    <\/div>\n<!---->\n    <div class=\"mia-modal\" id=\"order-employee-modal\">\n        <div class=\"mia-modal-dialog\">\n            <div class=\"mia-modal-head\">\n                <p class=\"mi-mo-title\">Zakup pracownik\u00f3w<\/p>\n                <img decoding=\"async\" class=\"mi-mo-close\" src=\"https:\/\/miabiznes.pl\/wp-content\/uploads\/v3\/img\/signup\/cross-circle.svg\">\n            <\/div>\n            <div class=\"mia-modal-body\">\n                <div class=\"accountant-price-label\">\n                    <p class=\"apl-name\">\u0411\u0435\u0441\u0441\u0440\u043e\u0447\u043d\u043e<\/p>\n                    <p class=\"apl-price\"><span id=\"emp-price\">9.99<\/span> z\u0142.<\/p>\n                <\/div>\n                <div class=\"employee-calc\">\n                    <span class=\"ec-control\" data-type=\"minus\">-<\/span>\n                    <span class=\"ec-count\" id=\"employee-count\">1<\/span>\n                    <span class=\"ec-control\" data-type=\"plus\">+<\/span>\n                <\/div>\n                <div class=\"mi-mo-inputs-container mi-gap-15\">\n                    <div class=\"mia-cust-select\">\n                        <input type=\"hidden\" class=\"mcs-value\" id=\"invoicePayEmployee\" value=\"company\">\n                        <div class=\"mcs-head\">\n                            <span class=\"mcs-label\">Firma<\/span>\n                            <img decoding=\"async\" class=\"mcs-head-arrow\" src=\"https:\/\/miabiznes.pl\/wp-content\/uploads\/v3\/img\/consultation\/arrow.svg\">\n                        <\/div>\n                        <div class=\"mcs-body\">\n                            <div class=\"mcs-body-one\" data-value=\"company\">\n                                <span>Firma<\/span>\n                            <\/div>\n                            <div class=\"mcs-body-one\" data-value=\"user\">\n                                <span>Osoba fizyczna<\/span>\n                            <\/div>\n                        <\/div>\n                    <\/div>\n                    <!--   Invoice Info    -->\n                    <div class=\"mi-mo-inputs-container mi-gap-15\" id=\"employee-c-inv-block\">\n                        <input class=\"mi-mo-inp check-nip\" id=\"employee-invoice-nip\" maxlength=\"13\" value=\"\" placeholder=\"Nip\">\n                        <input class=\"mi-mo-inp\" id=\"employee-invoice-name\" maxlength=\"65\" value=\"\" placeholder=\"Nazwa firmy\">\n                        <input class=\"mi-mo-inp\" id=\"employee-invoice-address\" maxlength=\"65\" value=\"\" placeholder=\"Adres\">\n                    <\/div>\n                    <p class=\"mi-mo-text-14 none\" id=\"employee-fiz-invoice\">Do faktury zostan\u0105 u\u017cyte dane podane podczas rejestracji.<\/p>\n\n                    <div class=\"cust-root-checkbox\">\n                        <label class=\"cust-container-checkbox with-back\"><input id=\"acceptRegulaminEmployee\" type=\"checkbox\" class=\"cust-checkbox\">\n                            <span class=\"cust-checkbox-checkmark\"><\/span>\n                            <span data-translate=\"r_accept_1\">\u041f\u043e\u0434\u0442\u0432\u0435\u0440\u0436\u0434\u0430\u044e, \u0447\u0442\u043e \u043f\u0440\u043e\u0447\u0438\u0442\u0430\u043b(-\u0430) \u0438 \u043f\u0440\u0438\u043d\u0438\u043c\u0430\u044e \u0443\u0441\u043b\u043e\u0432\u0438\u044f <a target=\"_blank\" href=\"\/ru\/regulamin\/\">\u0440\u0435\u0433\u043b\u0430\u043c\u0435\u043d\u0442\u0430<\/a>.<\/span><\/label>\n                        <label class=\"cust-container-checkbox with-back  none\">\n                            <input id=\"acceptNewsEmailEmployee\" checked type=\"checkbox\" class=\"cust-checkbox\">\n                            <span class=\"cust-checkbox-checkmark\"><\/span>\n                            <span data-translate=\"r_accept_2\">\u041f\u043e\u0434\u043f\u0438\u0441\u0430\u0442\u044c\u0441\u044f \u043d\u0430 E-mail \u0440\u0430\u0441\u0441\u044b\u043b\u043a\u0443<\/span><\/label>\n                        <label class=\"cust-container-checkbox with-back  none\">\n                            <input id=\"acceptNewsSmsEmployee\" checked type=\"checkbox\" class=\"cust-checkbox\">\n                            <span class=\"cust-checkbox-checkmark\"><\/span>\n                            <span data-translate=\"r_accept_3\">\u041f\u043e\u0434\u043f\u0438\u0441\u0430\u0442\u044c\u0441\u044f \u043d\u0430 SMS \u0440\u0430\u0441\u0441\u044b\u043b\u043a\u0443<\/span><\/label>\n                    <\/div>\n                <\/div>\n            <\/div>\n            <div class=\"mia-modal-footer\">\n                <p class=\"mia-modal-error none\"><\/p>\n                <button class=\"mia-btn mi-mo-btn need-user\" id=\"req-order-employee\" disabled>Przejd\u017a do p\u0142atno\u015bci<\/button>\n            <\/div>\n        <\/div>\n    <\/div>\n\n    <!--  Modal Unavailable  -->\n\n    <div class=\"mia-modal\" id=\"unavailable-employee\">\n        <div class=\"mia-modal-dialog\">\n            <div class=\"mia-modal-head\">\n                <p class=\"mi-mo-title\">Nie mo\u017cesz aktywowa\u0107 subskrypcji<\/p>\n                <img decoding=\"async\" class=\"mi-mo-close\" src=\"https:\/\/miabiznes.pl\/wp-content\/uploads\/v3\/img\/signup\/cross-circle.svg\">\n            <\/div>\n            <div class=\"mia-modal-body\">\n                <div class=\"mi-mo-inputs-container mi-gap-15\">\n                    <p class=\"mi-mo-text-14\">Aktywacja subskrypcji jest dost\u0119pna tylko dla g\u0142\u00f3wnego konta firmy.<\/p>\n                <\/div>\n            <\/div>\n            <div class=\"mia-modal-footer\">\n                <p class=\"mia-modal-error none\"><\/p>\n                <button class=\"mia-btn mi-mo-btn need-user\" id=\"ok-unavailable-employee\">\u041f\u043e\u043d\u044f\u0442\u043d\u043e<\/button>\n            <\/div>\n        <\/div>\n    <\/div>\n<\/div><\/div>\n\t\t\t\t\t\t<\/div>\n\t\t\t\t<\/div>\n\t\t\t\t<div class=\"elementor-element elementor-element-291fe63 t-m-50-50  elementor-widget elementor-widget-heading\" data-id=\"291fe63\" data-element_type=\"widget\" data-e-type=\"widget\" data-widget_type=\"heading.default\">\n\t\t\t\t<div class=\"elementor-widget-container\">\n\t\t\t\t\t<h3 class=\"elementor-heading-title elementor-size-default\">\u0417\u0430\u0447\u0435\u043c \u043f\u043e\u0434\u043a\u043b\u044e\u0447\u0430\u0442\u044c \u043f\u043e\u043b\u044c\u0437\u043e\u0432\u0430\u0442\u0435\u043b\u0435\u0439 \u043a MIA BIZNES?<\/h3>\t\t\t\t<\/div>\n\t\t\t\t<\/div>\n\t\t\t\t<div class=\"elementor-element elementor-element-4851f27c elementor-widget elementor-widget-mcg_advantages\" data-id=\"4851f27c\" data-element_type=\"widget\" data-e-type=\"widget\" data-widget_type=\"mcg_advantages.default\">\n\t\t\t\t<div class=\"elementor-widget-container\">\n\t\t\t\t\t<div class=\"v3-advantages\"><div class=\"v3-one-adv\"><img decoding=\"async\" src=\"https:\/\/miabiznes.pl\/wp-content\/uploads\/2025\/08\/wsparcie.svg\" class=\"v3-one-adv-icon\" alt=\"\"><p class=\"v3-one-adv-text\">\u0421\u043e\u0432\u043c\u0435\u0441\u0442\u043d\u0430\u044f \u0440\u0430\u0431\u043e\u0442\u0430 \u0432\u0441\u0435\u0439 \u043a\u043e\u043c\u0430\u043d\u0434\u044b \u0432 \u043e\u0434\u043d\u043e\u0439 \u0441\u0438\u0441\u0442\u0435\u043c\u0435<\/p><\/div><div class=\"v3-one-adv\"><img decoding=\"async\" src=\"https:\/\/miabiznes.pl\/wp-content\/uploads\/2025\/08\/obsluga.svg\" class=\"v3-one-adv-icon\" alt=\"\"><p class=\"v3-one-adv-text\">\u041e\u043f\u0446\u0438\u044f \u0440\u0430\u0441\u043f\u0440\u0435\u0434\u0435\u043b\u0435\u043d\u0438\u044f \u0437\u0430\u0434\u0430\u043d\u0438\u0439 \u043c\u0435\u0436\u0434\u0443 \u0440\u0430\u0431\u043e\u0442\u043d\u0438\u043a\u0430\u043c\u0438<\/p><\/div><div class=\"v3-one-adv\"><img decoding=\"async\" src=\"https:\/\/miabiznes.pl\/wp-content\/uploads\/2025\/08\/proces.svg\" class=\"v3-one-adv-icon\" alt=\"\"><p class=\"v3-one-adv-text\">\u0414\u043e\u0441\u0442\u0443\u043f \u043a \u0442\u0435\u043c \u0436\u0435 \u0443\u0441\u043b\u0443\u0433\u0430\u043c, \u0447\u0442\u043e \u0438 \u0443 \u0432\u043b\u0430\u0434\u0435\u043b\u044c\u0446\u0430 \u0430\u043a\u043a\u0430\u0443\u043d\u0442\u0430<\/p><\/div><div class=\"v3-one-adv\"><img decoding=\"async\" src=\"https:\/\/miabiznes.pl\/wp-content\/uploads\/2025\/08\/sledzenie.svg\" class=\"v3-one-adv-icon\" alt=\"\"><p class=\"v3-one-adv-text\">\u041f\u043e\u0441\u0442\u043e\u044f\u043d\u043d\u044b\u0439 \u043a\u043e\u043d\u0442\u0440\u043e\u043b\u044c \u0432\u044b\u043f\u043e\u043b\u043d\u0435\u043d\u0438\u044f \u0437\u0430\u0434\u0430\u0447<\/p><\/div><div class=\"v3-one-adv\"><img decoding=\"async\" src=\"https:\/\/miabiznes.pl\/wp-content\/uploads\/2025\/08\/pomoc.svg\" class=\"v3-one-adv-icon\" alt=\"\"><p class=\"v3-one-adv-text\">\u041f\u043e\u0440\u044f\u0434\u043e\u043a \u0438 \u043f\u0440\u043e\u0437\u0440\u0430\u0447\u043d\u043e\u0441\u0442\u044c \u0432 \u043a\u043e\u043c\u0430\u043d\u0434\u043d\u043e\u0439 \u0440\u0430\u0431\u043e\u0442\u0435<\/p><\/div><\/div>\t\t\t\t<\/div>\n\t\t\t\t<\/div>\n\t\t\t\t\t<\/div>\n\t\t\t\t<\/div>\n\t\t\t\t<\/div>","protected":false},"excerpt":{"rendered":"<p>Dodaj pracownik\u00f3w do swojego konta i pracujcie razem Dodaj\u0105c u\u017cytkownik\u00f3w do konta, mo\u017cesz delegowa\u0107 zadania, \u015bledzi\u0107 post\u0119py i udost\u0119pnia\u0107 dost\u0119p do us\u0142ug swoim pracownikom. Pierwszy u\u017cytkownik jest bezp\u0142atny. Dzi\u0119ki temu ka\u017cdy wie, za co odpowiada, a Ty masz pe\u0142ny obraz dzia\u0142ania firmy \u2013 wszystko w jednym miejscu, bez chaosu i zb\u0119dnych wiadomo\u015bci. Rozpocznij Dodaj u\u017cytkownika [&hellip;]<\/p>\n","protected":false},"author":1,"featured_media":2624,"parent":0,"menu_order":0,"comment_status":"closed","ping_status":"closed","template":"v3-template.php","meta":{"footnotes":""},"class_list":["post-2005","page","type-page","status-publish","has-post-thumbnail","hentry"],"_links":{"self":[{"href":"https:\/\/miabiznes.pl\/ru\/wp-json\/wp\/v2\/pages\/2005","targetHints":{"allow":["GET"]}}],"collection":[{"href":"https:\/\/miabiznes.pl\/ru\/wp-json\/wp\/v2\/pages"}],"about":[{"href":"https:\/\/miabiznes.pl\/ru\/wp-json\/wp\/v2\/types\/page"}],"author":[{"embeddable":true,"href":"https:\/\/miabiznes.pl\/ru\/wp-json\/wp\/v2\/users\/1"}],"replies":[{"embeddable":true,"href":"https:\/\/miabiznes.pl\/ru\/wp-json\/wp\/v2\/comments?post=2005"}],"version-history":[{"count":25,"href":"https:\/\/miabiznes.pl\/ru\/wp-json\/wp\/v2\/pages\/2005\/revisions"}],"predecessor-version":[{"id":2625,"href":"https:\/\/miabiznes.pl\/ru\/wp-json\/wp\/v2\/pages\/2005\/revisions\/2625"}],"wp:featuredmedia":[{"embeddable":true,"href":"https:\/\/miabiznes.pl\/ru\/wp-json\/wp\/v2\/media\/2624"}],"wp:attachment":[{"href":"https:\/\/miabiznes.pl\/ru\/wp-json\/wp\/v2\/media?parent=2005"}],"curies":[{"name":"wp","href":"https:\/\/api.w.org\/{rel}","templated":true}]}}