{"id":1939,"date":"2025-08-12T01:11:13","date_gmt":"2025-08-11T23:11:13","guid":{"rendered":"https:\/\/miabiznes.pl\/?page_id=1939"},"modified":"2025-11-13T02:14:22","modified_gmt":"2025-11-13T01:14:22","slug":"task-accountant","status":"publish","type":"page","link":"https:\/\/miabiznes.pl\/ru\/task-accountant\/","title":{"rendered":"\u0417\u0430\u0434\u0430\u0447\u0438 \u0434\u043b\u044f \u0431\u0443\u0445\u0433\u0430\u043b\u0442\u0435\u0440\u0430*"},"content":{"rendered":"<div data-elementor-type=\"wp-page\" data-elementor-id=\"1939\" class=\"elementor elementor-1939\">\n\t\t\t\t<div class=\"elementor-element elementor-element-65802865 e-flex e-con-boxed e-con e-parent\" data-id=\"65802865\" data-element_type=\"container\" data-e-type=\"container\">\n\t\t\t\t\t<div class=\"e-con-inner\">\n\t\t\t\t<div class=\"elementor-element elementor-element-503c3f0 elementor-widget elementor-widget-mcg_universal_banner\" data-id=\"503c3f0\" data-element_type=\"widget\" data-e-type=\"widget\" data-widget_type=\"mcg_universal_banner.default\">\n\t\t\t\t<div class=\"elementor-widget-container\">\n\t\t\t\t\t<script>\ntranslate_universal.text1 = \"\u0417\u0410\u0414\u0410\u0427\u0418 \u0414\u041b\u042f \u0411\u0423\u0425\u0413\u0410\u041b\u0422\u0415\u0420\u0410\";\ntranslate_universal.text1_1 = \"\u0421\u041e\u0417\u0414\u0410\u0412\u0410\u0419\u0422\u0415 \u0418 \u041e\u0422\u0421\u041b\u0415\u0416\u0418\u0412\u0410\u0419\u0422\u0415 \u0417\u0410\u0414\u0410\u0427\u0418 \u0414\u041b\u042f \u0411\u0423\u0425\u0413\u0410\u041b\u0422\u0415\u0420\u0410 \u041e\u041d\u041b\u0410\u0419\u041d\";\ntranslate_universal.text2 = \"\u0420\u0410\u0411\u041e\u0422\u0410 \u0421 \u0411\u0423\u0425\u0413\u0410\u041b\u0422\u0415\u0420\u041e\u041c\";\ntranslate_universal.text2_1 = \"\u0412\u0421\u0415 \u0414\u0415\u041b\u0410 \u0412\u0410\u0428\u0415\u0419 \u041a\u041e\u041c\u041f\u0410\u041d\u0418\u0418 \u0412 \u041e\u0414\u041d\u041e\u041c \u041c\u0415\u0421\u0422\u0415\";\ntranslate_universal.text3 = \"\u0412\u0410\u0428 \u0411\u0423\u0425\u0413\u0410\u041b\u0422\u0415\u0420 \u041e\u041d\u041b\u0410\u0419\u041d\";\ntranslate_universal.text3_1 = \"\u0421\u0420\u041e\u041a\u0418 \u0418 \u0421\u0422\u0410\u0422\u0423\u0421\u042b \u0417\u0410\u0414\u0410\u0427 \u2013 \u0412\u0421\u0415 \u041f\u041e\u0414 \u041a\u041e\u041d\u0422\u0420\u041e\u041b\u0415\u041c\";\ntranslate_universal.btn = \"\u041f\u043e\u043f\u0440\u043e\u0431\u0443\u0439\u0442\u0435 \u0431\u0435\u0441\u043f\u043b\u0430\u0442\u043d\u043e\";\n<\/script>\n<div class=\"banner-container page-task-accountant\">  <div id=\"mainbanuni_hype_container\" class=\"HYPE_document\" style=\"margin:auto;position:relative;width:100%;height:100%;overflow:hidden;\">      <script type=\"text\/javascript\" charset=\"utf-8\" src=\"https:\/\/miabiznes.pl\/wp-content\/uploads\/v3\/banners\/task_accountant\/main_ban_uni\/main_ban_uni.hyperesources\/mainbanuni_hype_generated_script.js?86239\"><\/script>  <\/div><\/div>\t\t\t\t<\/div>\n\t\t\t\t<\/div>\n\t\t\t\t<div class=\"elementor-element elementor-element-7de45513 t-m-0-50 elementor-widget elementor-widget-heading\" data-id=\"7de45513\" data-element_type=\"widget\" data-e-type=\"widget\" data-widget_type=\"heading.default\">\n\t\t\t\t<div class=\"elementor-widget-container\">\n\t\t\t\t\t<h1 class=\"elementor-heading-title elementor-size-default\">\u0417\u0430\u0434\u0430\u0447\u0438 \u0434\u043b\u044f \u0431\u0443\u0445\u0433\u0430\u043b\u0442\u0435\u0440\u0430 \u0431\u0435\u0437 e-mail\u043e\u0432 \u0438 \u0437\u0432\u043e\u043d\u043a\u043e\u0432<\/h1>\t\t\t\t<\/div>\n\t\t\t\t<\/div>\n\t\t\t\t<div class=\"elementor-element elementor-element-7d26d998 elementor-widget elementor-widget-text-editor\" data-id=\"7d26d998\" data-element_type=\"widget\" data-e-type=\"widget\" data-widget_type=\"text-editor.default\">\n\t\t\t\t<div class=\"elementor-widget-container\">\n\t\t\t\t\t\t\t\t\t<p style=\"text-align: center;\"><strong>\u0412\u041d\u0418\u041c\u0410\u041d\u0418\u0415! \u0421\u0435\u0440\u0432\u0438\u0441 \"\u0417\u0430\u0434\u0430\u0447\u0438 \u0434\u043b\u044f \u0431\u0443\u0445\u0433\u0430\u043b\u0442\u0435\u0440\u0430\" \u0434\u043e\u0441\u0442\u0443\u043f\u0435\u043d \u0442\u043e\u043b\u044c\u043a\u043e \u0434\u043b\u044f \u043a\u043b\u0438\u0435\u043d\u0442\u043e\u0432 \u0441 \u0434\u0435\u0439\u0441\u0442\u0432\u0443\u044e\u0449\u0438\u043c \u0434\u043e\u0433\u043e\u0432\u043e\u0440\u043e\u043c \u043d\u0430 \u0431\u0443\u0445\u0433\u0430\u043b\u0442\u0435\u0440\u0441\u043a\u043e\u0435 \u043e\u0431\u0441\u043b\u0443\u0436\u0438\u0432\u0430\u043d\u0438\u0435 \u0441 \u043a\u043e\u043c\u043f\u0430\u043d\u0438\u0435\u0439 MIA CONSULT GROUP Sp. z o.o.\u2028 <\/strong><\/p>\n<p style=\"text-align: center;\"> \u0424\u0443\u043d\u043a\u0446\u0438\u044f \u0432\u0445\u043e\u0434\u0438\u0442 \u0432 \u043f\u0430\u043a\u0435\u0442\u044b \u0443\u0441\u043b\u0443\u0433 \u0424\u0430\u043a\u0442\u0443\u0440\u044b \u041c \u0438 \u0424\u0430\u043a\u0442\u0443\u0440\u044b L \u0438 \u043f\u043e\u0437\u0432\u043e\u043b\u044f\u0435\u0442 \u043d\u0430\u043f\u0440\u044f\u043c\u0443\u044e \u0441\u0442\u0430\u0432\u0438\u0442\u044c \u0437\u0430\u0434\u0430\u0447\u0438 \u0431\u0443\u0445\u0433\u0430\u043b\u0442\u0435\u0440\u0443 \u0431\u0435\u0437 \u0438\u0441\u043f\u043e\u043b\u044c\u0437\u043e\u0432\u0430\u043d\u0438\u044f \u043f\u043e\u0447\u0442\u044b \u0438\u043b\u0438 \u0442\u0435\u043b\u0435\u0444\u043e\u043d\u0430. \u0414\u043e\u0441\u0442\u0430\u0442\u043e\u0447\u043d\u043e \u0441\u043e\u0437\u0434\u0430\u0442\u044c \u0437\u0430\u0434\u0430\u0447\u0443, \u0438 \u0431\u0443\u0445\u0433\u0430\u043b\u0442\u0435\u0440 MIA CONSULT GROUP \u043f\u043e\u043b\u0443\u0447\u0438\u0442 \u0435\u0451 \u043c\u0433\u043d\u043e\u0432\u0435\u043d\u043d\u043e \u0441 \u043f\u043e\u043b\u043d\u044b\u043c \u043e\u043f\u0438\u0441\u0430\u043d\u0438\u0435\u043c.\u2028<\/p>\n<p style=\"text-align: center;\">\u042d\u043a\u043e\u043d\u043e\u043c\u044c\u0442\u0435 \u0432\u0440\u0435\u043c\u044f, \u0445\u0440\u0430\u043d\u0438\u0442\u0435 \u0432\u0441\u044e \u0438\u043d\u0444\u043e\u0440\u043c\u0430\u0446\u0438\u044e \u0432 \u043e\u0434\u043d\u043e\u043c \u043c\u0435\u0441\u0442\u0435 \u0438 \u0432\u0441\u0435\u0433\u0434\u0430 \u0437\u043d\u0430\u0439\u0442\u0435, \u043d\u0430 \u043a\u0430\u043a\u043e\u043c \u044d\u0442\u0430\u043f\u0435 \u043d\u0430\u0445\u043e\u0434\u0438\u0442\u0441\u044f \u0432\u0430\u0448\u0430 \u0437\u0430\u0434\u0430\u0447\u0430.<\/p>\t\t\t\t\t\t\t\t<\/div>\n\t\t\t\t<\/div>\n\t\t\t\t<div class=\"elementor-element elementor-element-587a1f97 elementor-widget elementor-widget-html\" data-id=\"587a1f97\" data-element_type=\"widget\" data-e-type=\"widget\" data-widget_type=\"html.default\">\n\t\t\t\t<div class=\"elementor-widget-container\">\n\t\t\t\t\t<a href=\"https:\/\/miabiznes.pl\/ru\/v3-invoice\/\" class=\"btn-single\" data-type=\"info-task-accountant\">\u041a \u043f\u0430\u043a\u0435\u0442\u0430\u043c \u0444\u0430\u043a\u0442\u0443\u0440<\/a>\t\t\t\t<\/div>\n\t\t\t\t<\/div>\n\t\t\t\t<div class=\"elementor-element elementor-element-6a848f6b t-m-50-50  elementor-widget elementor-widget-heading\" data-id=\"6a848f6b\" data-element_type=\"widget\" data-e-type=\"widget\" data-widget_type=\"heading.default\">\n\t\t\t\t<div class=\"elementor-widget-container\">\n\t\t\t\t\t<h2 class=\"elementor-heading-title elementor-size-default\">\u0417\u0430\u0434\u0430\u0447\u0438 \u0434\u043b\u044f \u0431\u0443\u0445\u0433\u0430\u043b\u0442\u0435\u0440\u0430 \u0432 \u0442\u0440\u0438 \u043f\u0440\u043e\u0441\u0442\u044b\u0445 \u0448\u0430\u0433\u0430<\/h2>\t\t\t\t<\/div>\n\t\t\t\t<\/div>\n\t\t\t\t<div class=\"elementor-element elementor-element-57f18ac4 elementor-widget elementor-widget-mcg_steps_banner\" data-id=\"57f18ac4\" data-element_type=\"widget\" data-e-type=\"widget\" data-widget_type=\"mcg_steps_banner.default\">\n\t\t\t\t<div class=\"elementor-widget-container\">\n\t\t\t\t\t<script>\n    translate_steps.text1 = \"\u0428\u0430\u0433 1\";\n    translate_steps.text2 = \"\u0421\u043e\u0437\u0434\u0430\u0439\u0442\u0435 \u0430\u043a\u043a\u0430\u0443\u043d\u0442 \u0432 MIA BIZNES\";\n    translate_steps.text3 = \"\u0428\u0430\u0433 2\";\n    translate_steps.text4 = \"\u041f\u043e\u0434\u043a\u043b\u044e\u0447\u0438\u0442\u0435 \u0442\u0430\u0440\u0438\u0444 \u0424\u0430\u043a\u0442\u0443\u0440\u044b M \u0438\u043b\u0438 L\";\n    translate_steps.text5 = \"\u0428\u0430\u0433 3\";\n    translate_steps.text6 = \"\u041e\u043f\u0438\u0448\u0438\u0442\u0435 \u0437\u0430\u0434\u0430\u0447\u0443, \u043f\u0440\u0438\u043a\u0440\u0435\u043f\u0438\u0442\u0435 \u0444\u0430\u0439\u043b\u044b \u0438 \u043e\u0442\u0441\u043b\u0435\u0436\u0438\u0432\u0430\u0439\u0442\u0435 \u0445\u043e\u0434 \u0432\u044b\u043f\u043e\u043b\u043d\u0435\u043d\u0438\u044f\";\n<\/script>\n<div id=\"bannerstepsuni_hype_container\" class=\"HYPE_document\" style=\"margin:auto;position:relative;width:100%;height:465px;overflow:hidden;\">  <script type=\"text\/javascript\" charset=\"utf-8\" src=\"https:\/\/miabiznes.pl\/wp-content\/uploads\/v3\/banners\/task_accountant\/banner_steps_uni\/banner_steps_uni.hyperesources\/bannerstepsuni_hype_generated_script.js?41150\"><\/script><\/div>\t\t\t\t<\/div>\n\t\t\t\t<\/div>\n\t\t\t\t<div class=\"elementor-element elementor-element-4a2e73ad elementor-widget elementor-widget-html\" data-id=\"4a2e73ad\" data-element_type=\"widget\" data-e-type=\"widget\" data-widget_type=\"html.default\">\n\t\t\t\t<div class=\"elementor-widget-container\">\n\t\t\t\t\t<button class=\"btn-single btn-show-info-modal\" data-type=\"info-task-accountant\">\u041d\u0430\u0447\u0430\u0442\u044c \u0441\u0435\u0439\u0447\u0430\u0441<\/button>\t\t\t\t<\/div>\n\t\t\t\t<\/div>\n\t\t\t\t<div class=\"elementor-element elementor-element-7b136acd t-m-50-50  elementor-widget elementor-widget-heading\" data-id=\"7b136acd\" data-element_type=\"widget\" data-e-type=\"widget\" data-widget_type=\"heading.default\">\n\t\t\t\t<div class=\"elementor-widget-container\">\n\t\t\t\t\t<h3 class=\"elementor-heading-title elementor-size-default\">\u041f\u043e\u0447\u0435\u043c\u0443 \u0441\u0442\u043e\u0438\u0442 \u0438\u0441\u043f\u043e\u043b\u044c\u0437\u043e\u0432\u0430\u0442\u044c \u0444\u0443\u043d\u043a\u0446\u0438\u044e \u0417\u0430\u0434\u0430\u0447\u0438 \u0434\u043b\u044f \u0431\u0443\u0445\u0433\u0430\u043b\u0442\u0435\u0440\u0430?<\/h3>\t\t\t\t<\/div>\n\t\t\t\t<\/div>\n\t\t\t\t<div class=\"elementor-element elementor-element-5e02ac29 elementor-widget elementor-widget-mcg_advantages\" data-id=\"5e02ac29\" data-element_type=\"widget\" data-e-type=\"widget\" data-widget_type=\"mcg_advantages.default\">\n\t\t\t\t<div class=\"elementor-widget-container\">\n\t\t\t\t\t<div class=\"v3-advantages\"><div class=\"v3-one-adv\"><img decoding=\"async\" src=\"https:\/\/miabiznes.pl\/wp-content\/uploads\/2025\/08\/pomoc.svg\" class=\"v3-one-adv-icon\" alt=\"\"><p class=\"v3-one-adv-text\">\u0421\u0442\u0430\u0432\u044c\u0442\u0435 \u0437\u0430\u0434\u0430\u0447\u0438 \u0431\u0435\u0437 \u0442\u0435\u043b\u0435\u0444\u043e\u043d\u043e\u0432 \u0438 e-mail<\/p><\/div><div class=\"v3-one-adv\"><img decoding=\"async\" src=\"https:\/\/miabiznes.pl\/wp-content\/uploads\/2025\/08\/pomoc-1.svg\" class=\"v3-one-adv-icon\" alt=\"\"><p class=\"v3-one-adv-text\">\u0412\u0441\u044f \u0438\u043d\u0444\u043e\u0440\u043c\u0430\u0446\u0438\u044f \u043f\u043e\u0441\u0442\u0443\u043f\u0430\u0435\u0442 \u043d\u0435\u043f\u043e\u0441\u0440\u0435\u0434\u0441\u0442\u0432\u0435\u043d\u043d\u043e \u0432\u0430\u0448\u0435\u043c\u0443 \u0431\u0443\u0445\u0433\u0430\u043b\u0442\u0435\u0440\u0443<\/p><\/div><div class=\"v3-one-adv\"><img decoding=\"async\" src=\"https:\/\/miabiznes.pl\/wp-content\/uploads\/2025\/08\/zalaczniki.svg\" class=\"v3-one-adv-icon\" alt=\"\"><p class=\"v3-one-adv-text\">\u041f\u043e\u0434\u0440\u043e\u0431\u043d\u043e\u0435 \u043e\u043f\u0438\u0441\u0430\u043d\u0438\u0435 \u0432\u043e\u043f\u0440\u043e\u0441\u0430 \u0438 \u0432\u0441\u0435 \u0432\u043b\u043e\u0436\u0435\u043d\u0438\u044f \u0432 \u043e\u0434\u043d\u043e\u043c \u043c\u0435\u0441\u0442\u0435<\/p><\/div><div class=\"v3-one-adv\"><img decoding=\"async\" src=\"https:\/\/miabiznes.pl\/wp-content\/uploads\/2025\/08\/proces.svg\" class=\"v3-one-adv-icon\" alt=\"\"><p class=\"v3-one-adv-text\">\u0412\u044b \u0432\u0441\u0435\u0433\u0434\u0430 \u043c\u043e\u0436\u0435\u0442\u0435 \u043e\u0442\u0434\u0435\u043b\u0438\u0442\u044c \u0441\u0442\u0430\u0442\u0443\u0441 \u0432\u044b\u043f\u043e\u043b\u043d\u0435\u043d\u0438\u044f \u0437\u0430\u0434\u0430\u0447\u0438<\/p><\/div><div class=\"v3-one-adv\"><img decoding=\"async\" src=\"https:\/\/miabiznes.pl\/wp-content\/uploads\/2025\/08\/porzadek.svg\" class=\"v3-one-adv-icon\" alt=\"\"><p class=\"v3-one-adv-text\">\u0423\u0434\u043e\u0431\u043d\u044b\u0439 \u0443\u0447\u0435\u0442 \u0438 \u0438\u0441\u0442\u043e\u0440\u0438\u044f \u0437\u0430\u0434\u0430\u0447 \u0432 \u0441\u0438\u0441\u0442\u0435\u043c\u0435<\/p><\/div><div class=\"v3-one-adv\"><img decoding=\"async\" src=\"https:\/\/miabiznes.pl\/wp-content\/uploads\/2025\/08\/szybki-kontakt.svg\" class=\"v3-one-adv-icon\" alt=\"\"><p class=\"v3-one-adv-text\">\u042d\u043a\u043e\u043d\u043e\u043c\u0438\u044f \u0432\u0440\u0435\u043c\u0435\u043d\u0438 \u2014 \u0432\u0441\u0435 \u043f\u043e\u0434 \u0440\u0443\u043a\u043e\u0439 \u0432 \u043e\u0434\u043d\u043e\u0439 \u043f\u0430\u043d\u0435\u043b\u0438 \u0443\u043f\u0440\u0430\u0432\u043b\u0435\u043d\u0438\u044f<\/p><\/div><\/div>\t\t\t\t<\/div>\n\t\t\t\t<\/div>\n\t\t\t\t\t<\/div>\n\t\t\t\t<\/div>\n\t\t<div class=\"elementor-element elementor-element-7cfb96f e-flex e-con-boxed e-con e-parent\" data-id=\"7cfb96f\" data-element_type=\"container\" data-e-type=\"container\">\n\t\t\t\t\t<div class=\"e-con-inner\">\n\t\t\t\t<div class=\"elementor-element elementor-element-efb78d4 elementor-widget elementor-widget-html\" data-id=\"efb78d4\" data-element_type=\"widget\" data-e-type=\"widget\" data-widget_type=\"html.default\">\n\t\t\t\t<div class=\"elementor-widget-container\">\n\t\t\t\t\t<div class=\"mia-modal\" id=\"info-task-accountant\">\n<div class=\"mia-modal-dialog\">\n<div class=\"mia-modal-head\">\n<p class=\"mi-mo-title\">Nie mo\u017cesz aktywowa\u0107 subskrypcji<\/p>\n<img decoding=\"async\" class=\"mi-mo-close\" src=\"https:\/\/miabiznes.pl\/wp-content\/uploads\/v3\/img\/signup\/cross-circle.svg\">\n<\/div>\n<div class=\"mia-modal-body\">\n<div class=\"mi-mo-inputs-container mi-gap-15\">\n<p class=\"mi-mo-text-14\">Aktywacja subskrypcji jest dost\u0119pna tylko dla g\u0142\u00f3wnego konta firmy.<\/p>\n<\/div>\n<\/div>\n<div class=\"mia-modal-footer\">\n<p class=\"mia-modal-error none\"><\/p>\n<button class=\"mia-btn mi-mo-btn mi-mo-close\">\u041f\u043e\u043d\u044f\u0442\u043d\u043e<\/button>\n<\/div>\n<\/div>\n<\/div>\t\t\t\t<\/div>\n\t\t\t\t<\/div>\n\t\t\t\t\t<\/div>\n\t\t\t\t<\/div>\n\t\t\t\t<\/div>","protected":false},"excerpt":{"rendered":"<p>Zadania dla ksi\u0119gowego bez e-maili i telefon\u00f3w UWAGA! Us\u0142uga \u201eZadania dla ksi\u0119gowego\u201d dost\u0119pna jest wy\u0142\u0105cznie dla klient\u00f3w, kt\u00f3rzy posiadaj\u0105 aktywn\u0105 umow\u0119 na obs\u0142ug\u0119 ksi\u0119gow\u0105 z firm\u0105 MIA CONSULT GROUP Sp. z o.o. Funkcja jest cz\u0119\u015bci\u0105 pakiet\u00f3w Faktury M oraz Faktury L i umo\u017cliwia bezpo\u015brednie przekazywanie zada\u0144 ksi\u0119gowemu bez u\u017cycia maili czy telefonu.Wystarczy doda\u0107 zadanie, a [&hellip;]<\/p>\n","protected":false},"author":1,"featured_media":2644,"parent":0,"menu_order":0,"comment_status":"closed","ping_status":"closed","template":"v3-template.php","meta":{"footnotes":""},"class_list":["post-1939","page","type-page","status-publish","has-post-thumbnail","hentry"],"_links":{"self":[{"href":"https:\/\/miabiznes.pl\/ru\/wp-json\/wp\/v2\/pages\/1939","targetHints":{"allow":["GET"]}}],"collection":[{"href":"https:\/\/miabiznes.pl\/ru\/wp-json\/wp\/v2\/pages"}],"about":[{"href":"https:\/\/miabiznes.pl\/ru\/wp-json\/wp\/v2\/types\/page"}],"author":[{"embeddable":true,"href":"https:\/\/miabiznes.pl\/ru\/wp-json\/wp\/v2\/users\/1"}],"replies":[{"embeddable":true,"href":"https:\/\/miabiznes.pl\/ru\/wp-json\/wp\/v2\/comments?post=1939"}],"version-history":[{"count":66,"href":"https:\/\/miabiznes.pl\/ru\/wp-json\/wp\/v2\/pages\/1939\/revisions"}],"predecessor-version":[{"id":2645,"href":"https:\/\/miabiznes.pl\/ru\/wp-json\/wp\/v2\/pages\/1939\/revisions\/2645"}],"wp:featuredmedia":[{"embeddable":true,"href":"https:\/\/miabiznes.pl\/ru\/wp-json\/wp\/v2\/media\/2644"}],"wp:attachment":[{"href":"https:\/\/miabiznes.pl\/ru\/wp-json\/wp\/v2\/media?parent=1939"}],"curies":[{"name":"wp","href":"https:\/\/api.w.org\/{rel}","templated":true}]}}