{"id":1801,"date":"2025-08-11T21:38:08","date_gmt":"2025-08-11T19:38:08","guid":{"rendered":"https:\/\/miabiznes.pl\/?page_id=1801"},"modified":"2025-11-13T02:10:37","modified_gmt":"2025-11-13T01:10:37","slug":"mialegal","status":"publish","type":"page","link":"https:\/\/miabiznes.pl\/ru\/mialegal\/","title":{"rendered":"MIA LEGAL"},"content":{"rendered":"<div data-elementor-type=\"wp-page\" data-elementor-id=\"1801\" class=\"elementor elementor-1801\">\n\t\t\t\t<div class=\"elementor-element elementor-element-5855329d e-flex e-con-boxed e-con e-parent\" data-id=\"5855329d\" data-element_type=\"container\" data-e-type=\"container\">\n\t\t\t\t\t<div class=\"e-con-inner\">\n\t\t\t\t<div class=\"elementor-element elementor-element-ef1c95c elementor-widget elementor-widget-mcg_universal_banner\" data-id=\"ef1c95c\" data-element_type=\"widget\" data-e-type=\"widget\" data-widget_type=\"mcg_universal_banner.default\">\n\t\t\t\t<div class=\"elementor-widget-container\">\n\t\t\t\t\t<script>\ntranslate_universal.text1 = \"\u041b\u0415\u0413\u0410\u041b\u0418\u0417\u0410\u0426\u0418\u042f \u0412 \u041f\u041e\u041b\u042c\u0428\u0415\";\ntranslate_universal.text1_1 = \"\u041c\u042b \u041f\u041e\u041c\u041e\u0413\u0410\u0415\u041c \u0412 \u041f\u041e\u041b\u0423\u0427\u0415\u041d\u0418\u0418 \u041a\u0410\u0420\u0422\u042b \u041f\u041e\u0411\u042b\u0422\u0410 \u0418 \u0420\u0410\u0417\u0420\u0415\u0428\u0415\u041d\u0418\u0419\";\ntranslate_universal.text2 = \"\u041f\u041e\u041b\u041d\u0410\u042f \u041f\u041e\u0414\u0414\u0415\u0420\u0416\u041a\u0410\";\ntranslate_universal.text2_1 = \"\u041c\u042b \u0420\u0415\u0428\u0410\u0415\u041c \u0424\u041e\u0420\u041c\u0410\u041b\u042c\u041d\u041e\u0421\u0422\u0418 \u0417\u0410\u041a\u041e\u041d\u041d\u041e \u0418 \u0411\u0415\u0417 \u0421\u0422\u0420\u0415\u0421\u0421\u0410\";\ntranslate_universal.text3 = \"\u041f\u0420\u041e\u0417\u0420\u0410\u0427\u041d\u042b\u0415 \u0423\u0421\u041b\u041e\u0412\u0418\u042f\";\ntranslate_universal.text3_1 = \"\u041a\u041e\u041d\u0422\u0420\u041e\u041b\u0418\u0420\u0423\u0419\u0422\u0415 \u041a\u0410\u0416\u0414\u042b\u0419 \u042d\u0422\u0410\u041f \u0421\u0412\u041e\u0415\u0413\u041e \u0414\u0415\u041b\u0410 \u0412 \u0421\u0418\u0421\u0422\u0415\u041c\u0415\";\ntranslate_universal.btn = \"\u0417\u0430\u043a\u0430\u0437\u0430\u0442\u044c \u0443\u0441\u043b\u0443\u0433\u0443\";\n<\/script>\n<div class=\"banner-container\">  <div id=\"mainbanuni_hype_container\" class=\"HYPE_document\" style=\"margin:auto;position:relative;width:100%;height:100%;overflow:hidden;\">      <script type=\"text\/javascript\" charset=\"utf-8\" src=\"https:\/\/miabiznes.pl\/wp-content\/uploads\/v3\/banners\/mialegal\/main_ban_uni\/main_ban_uni.hyperesources\/mainbanuni_hype_generated_script.js?86239\"><\/script>  <\/div><\/div>\t\t\t\t<\/div>\n\t\t\t\t<\/div>\n\t\t\t\t<div class=\"elementor-element elementor-element-4214f397 t-m-0-50 elementor-widget elementor-widget-heading\" data-id=\"4214f397\" data-element_type=\"widget\" data-e-type=\"widget\" data-widget_type=\"heading.default\">\n\t\t\t\t<div class=\"elementor-widget-container\">\n\t\t\t\t\t<h1 class=\"elementor-heading-title elementor-size-default\">MIA LEGAL \u2013 \u043a\u043e\u043c\u043f\u043b\u0435\u043a\u0441\u043d\u043e\u0435 \u0441\u043e\u043f\u0440\u043e\u0432\u043e\u0436\u0434\u0435\u043d\u0438\u0435 \u043b\u0435\u0433\u0430\u043b\u0438\u0437\u0430\u0446\u0438\u0438 \u0432 \u041f\u043e\u043b\u044c\u0448\u0435<\/h1>\t\t\t\t<\/div>\n\t\t\t\t<\/div>\n\t\t\t\t<div class=\"elementor-element elementor-element-1f734d79 elementor-widget elementor-widget-text-editor\" data-id=\"1f734d79\" data-element_type=\"widget\" data-e-type=\"widget\" data-widget_type=\"text-editor.default\">\n\t\t\t\t<div class=\"elementor-widget-container\">\n\t\t\t\t\t\t\t\t\t<p style=\"text-align: center;\">\u041f\u043b\u0430\u043d\u0438\u0440\u0443\u0435\u0442\u0435 \u043e\u0441\u0442\u0430\u0442\u044c\u0441\u044f \u0432 \u041f\u043e\u043b\u044c\u0448\u0435 \u043d\u0430\u0434\u043e\u043b\u0433\u043e? \u041c\u044b \u043f\u043e\u043c\u043e\u0436\u0435\u043c \u0432\u0430\u043c \u043f\u043e\u043b\u0443\u0447\u0438\u0442\u044c \u043a\u0430\u0440\u0442\u0443 \u043f\u043e\u0431\u044b\u0442\u0443 \u043d\u0430 \u0440\u0430\u0437\u043d\u044b\u0445 \u043e\u0441\u043d\u043e\u0432\u0430\u043d\u0438\u044f\u0445 \u2014 \u0440\u0430\u0431\u043e\u0442\u0430, \u0431\u0438\u0437\u043d\u0435\u0441, \u0443\u0447\u0451\u0431\u0430 \u0438\u043b\u0438 \u043f\u0440\u0435\u0431\u044b\u0432\u0430\u043d\u0438\u0435 \u0441 \u0441\u0435\u043c\u044c\u0435\u0439.<\/p><p style=\"text-align: center;\"><strong>\u041c\u044b \u043f\u043e\u043c\u043e\u0436\u0435\u043c \u043f\u0440\u043e\u0439\u0442\u0438 \u0432\u0441\u0435 \u043f\u0440\u043e\u0446\u0435\u0434\u0443\u0440\u044b \u043f\u043e \u0437\u0430\u043a\u043e\u043d\u0443, \u0441\u043f\u043e\u043a\u043e\u0439\u043d\u043e \u0438 \u0431\u0435\u0437 \u043d\u0435\u043d\u0443\u0436\u043d\u044b\u0445 \u043e\u0436\u0438\u0434\u0430\u043d\u0438\u0439.<\/strong><\/p><p style=\"text-align: center;\">\u041f\u0440\u043e\u0437\u0440\u0430\u0447\u043d\u044b\u0439 \u043f\u0440\u043e\u0446\u0435\u0441\u0441, \u043f\u043e\u043d\u044f\u0442\u043d\u044b\u0435 \u043f\u0440\u0430\u0432\u0438\u043b\u0430 \u0438 \u0432\u043e\u0437\u043c\u043e\u0436\u043d\u043e\u0441\u0442\u044c \u043e\u0442\u0441\u043b\u0435\u0436\u0438\u0432\u0430\u0442\u044c \u043a\u0430\u0436\u0434\u044b\u0439 \u044d\u0442\u0430\u043f \u0434\u0435\u043b\u0430 \u0432 \u0441\u0435\u0440\u0432\u0438\u0441\u0435.<\/p>\t\t\t\t\t\t\t\t<\/div>\n\t\t\t\t<\/div>\n\t\t\t\t<div class=\"elementor-element elementor-element-1fb98d5a elementor-widget elementor-widget-html\" data-id=\"1fb98d5a\" data-element_type=\"widget\" data-e-type=\"widget\" data-widget_type=\"html.default\">\n\t\t\t\t<div class=\"elementor-widget-container\">\n\t\t\t\t\t<button class=\"btn-single btn-to-price-page\">\u0417\u0430\u043a\u0430\u0437\u0430\u0442\u044c \u0443\u0441\u043b\u0443\u0433\u0443<\/button>\t\t\t\t<\/div>\n\t\t\t\t<\/div>\n\t\t\t\t<div class=\"elementor-element elementor-element-31beeef5 t-m-50-50  elementor-widget elementor-widget-heading\" data-id=\"31beeef5\" data-element_type=\"widget\" data-e-type=\"widget\" data-widget_type=\"heading.default\">\n\t\t\t\t<div class=\"elementor-widget-container\">\n\t\t\t\t\t<h2 class=\"elementor-heading-title elementor-size-default\">\u041d\u0430\u0447\u043d\u0438\u0442\u0435 \u043f\u0440\u043e\u0446\u0435\u0441\u0441 \u043b\u0435\u0433\u0430\u043b\u0438\u0437\u0430\u0446\u0438\u0438 \u0432 \u0442\u0440\u0438 \u043f\u0440\u043e\u0441\u0442\u044b\u0445 \u0448\u0430\u0433\u0430<\/h2>\t\t\t\t<\/div>\n\t\t\t\t<\/div>\n\t\t\t\t<div class=\"elementor-element elementor-element-4922c7e elementor-widget elementor-widget-mcg_steps_banner\" data-id=\"4922c7e\" data-element_type=\"widget\" data-e-type=\"widget\" data-widget_type=\"mcg_steps_banner.default\">\n\t\t\t\t<div class=\"elementor-widget-container\">\n\t\t\t\t\t<script>\n    translate_steps.text1 = \"\u0428\u0430\u0433 1\";\n    translate_steps.text2 = \"\u0417\u0430\u043f\u043e\u043b\u043d\u0438\u0442\u0435 \u043e\u043d\u043b\u0430\u0439\u043d-\u0444\u043e\u0440\u043c\u0443 \u0438 \u0443\u043a\u0430\u0436\u0438\u0442\u0435 \u043e\u0441\u043d\u043e\u0432\u043d\u044b\u0435 \u0434\u0430\u043d\u043d\u044b\u0435\";\n    translate_steps.text3 = \"\u0428\u0430\u0433 2\";\n    translate_steps.text4 = \"\u041f\u0440\u043e\u0439\u0434\u0438\u0442\u0435 \u043a\u043e\u043d\u0441\u0443\u043b\u044c\u0442\u0430\u0446\u0438\u044e \u0438 \u0432\u044b\u0431\u0435\u0440\u0438\u0442\u0435 \u043f\u043e\u0434\u0445\u043e\u0434\u044f\u0449\u0435\u0435 \u0440\u0435\u0448\u0435\u043d\u0438\u0435\";\n    translate_steps.text5 = \"\u0428\u0430\u0433 3\";\n    translate_steps.text6 = \"\u0414\u043e\u0432\u0435\u0440\u044c\u0442\u0435 \u043d\u0430\u043c \u0437\u0430\u0434\u0430\u0447\u0443, \u0438 \u043c\u044b \u043e\u0444\u043e\u0440\u043c\u0438\u043c \u0432\u0441\u0435 \u043d\u0435\u043e\u0431\u0445\u043e\u0434\u0438\u043c\u044b\u0435 \u0434\u043e\u043a\u0443\u043c\u0435\u043d\u0442\u044b\";\n<\/script>\n<div id=\"bannerstepsuni_hype_container\" class=\"HYPE_document\" style=\"margin:auto;position:relative;width:100%;height:465px;overflow:hidden;\">  <script type=\"text\/javascript\" charset=\"utf-8\" src=\"https:\/\/miabiznes.pl\/wp-content\/uploads\/v3\/banners\/mialegal\/banner_steps_uni\/banner_steps_uni.hyperesources\/bannerstepsuni_hype_generated_script.js?41150\"><\/script><\/div>\t\t\t\t<\/div>\n\t\t\t\t<\/div>\n\t\t\t\t<div class=\"elementor-element elementor-element-b4717bf elementor-widget elementor-widget-html\" data-id=\"b4717bf\" data-element_type=\"widget\" data-e-type=\"widget\" data-widget_type=\"html.default\">\n\t\t\t\t<div class=\"elementor-widget-container\">\n\t\t\t\t\t<button class=\"btn-single btn-to-price-page\">\u041d\u0430\u0447\u0430\u0442\u044c \u0441\u0435\u0439\u0447\u0430\u0441<\/button>\t\t\t\t<\/div>\n\t\t\t\t<\/div>\n\t\t\t\t<div class=\"elementor-element elementor-element-1ddf0ec6 t-m-50-50  elementor-widget elementor-widget-heading\" data-id=\"1ddf0ec6\" data-element_type=\"widget\" data-e-type=\"widget\" data-widget_type=\"heading.default\">\n\t\t\t\t<div class=\"elementor-widget-container\">\n\t\t\t\t\t<h3 class=\"elementor-heading-title elementor-size-default\">\u0412\u044b\u0431\u0435\u0440\u0438\u0442\u0435 \u0441\u0432\u043e\u0439 \u043f\u0430\u043a\u0435\u0442 MIA LEGAL<\/h3>\t\t\t\t<\/div>\n\t\t\t\t<\/div>\n\t\t\t\t<div class=\"elementor-element elementor-element-54b5392a elementor-widget elementor-widget-shortcode\" data-id=\"54b5392a\" data-element_type=\"widget\" data-e-type=\"widget\" data-widget_type=\"shortcode.default\">\n\t\t\t\t<div class=\"elementor-widget-container\">\n\t\t\t\t\t\t\t<div class=\"elementor-shortcode\"><div id=\"mcg-mialegal-content\" class=\"just-w-100 tab-price-page active-price\" data-price=\"6\">\n    <div class=\"loading-tab-price active-load\">\n        <div class=\"spinner-load-tab-price\"><\/div>\n    <\/div>\n    <div class=\"mialegal-section-swiper swiper-container\">\n        <div class=\"swiper-wrapper\">\n            <div class=\"swiper-slide\">\n                <div class=\"one-mialegal\">\n                    <div class=\"v3-one-consult-head b-blue\">\n                        <div class=\"one-consult-head-name\">\n                            <p>\u0427\u0410\u0421\u0422\u0418\u0427\u041d\u0410\u042f \u041f\u041e\u0414\u0414\u0415\u0420\u0416\u041a\u0410<\/p>\n                        <\/div>\n                        <p class=\"one-consult-bottom-price\">1500 z\u0142. <\/p>\n                    <\/div>\n                    <div class=\"one-mialegal-body\">\n                        <p class=\"text-blue\">\u0417\u0430 \u043a\u0430\u0436\u0434\u043e\u0433\u043e \u0434\u043e\u043f\u043e\u043b\u043d\u0438\u0442\u0435\u043b\u044c\u043d\u043e\u0433\u043e \u0447\u043b\u0435\u043d\u0430 \u0441\u0435\u043c\u044c\u0438 \u2014 50%<\/p>\n                        <p class=\"text-blue\">\u0414\u0435\u0442\u0438 \u043c\u043b\u0430\u0434\u0448\u0435 6 \u043b\u0435\u0442, \u043e\u0444\u043e\u0440\u043c\u043b\u044f\u044e\u0449\u0438\u0435 \u0437\u0430\u044f\u0432\u043a\u0443 \u0441 \u0433\u043b\u0430\u0432\u043d\u044b\u043c \u0437\u0430\u044f\u0432\u0438\u0442\u0435\u043b\u0435\u043c \u2014 \u0411\u0415\u0421\u041f\u041b\u0410\u0422\u041d\u041e<\/p>\n                        <p><b>\u041a\u043e\u043d\u0441\u0443\u043b\u044c\u0442\u0430\u0446\u0438\u044f:<\/b><br>\n                            \u041e\u0446\u0435\u043d\u043a\u0430 \u0441\u0438\u0442\u0443\u0430\u0446\u0438\u0438, \u043f\u0440\u043e\u0432\u0435\u0440\u043a\u0430 \u043e\u0441\u043d\u043e\u0432\u0430\u043d\u0438\u0439 \u0434\u043b\u044f \u0437\u0430\u044f\u0432\u043a\u0438 \u0438 \u043f\u0440\u0435\u0434\u043e\u0441\u0442\u0430\u0432\u043b\u0435\u043d\u0438\u0435 \u0447\u0435\u043a-\u043b\u0438\u0441\u0442\u0430 \u043f\u043e \u0441\u0431\u043e\u0440\u0443 \u043e\u0431\u044f\u0437\u0430\u0442\u0435\u043b\u044c\u043d\u044b\u0445 \u0434\u043e\u043a\u0443\u043c\u0435\u043d\u0442\u043e\u0432.<\/p>\n                        <p>\n                           <b>\u041f\u0440\u043e\u0432\u0435\u0440\u043a\u0430 \u043f\u0430\u043a\u0435\u0442\u0430 \u0434\u043e\u043a\u0443\u043c\u0435\u043d\u0442\u043e\u0432:<\/b>\n                            \u0417\u0430\u043f\u043e\u043b\u043d\u0435\u043d\u0438\u0435\/\u043f\u043e\u043c\u043e\u0449\u044c \u0432 \u0437\u0430\u043f\u043e\u043b\u043d\u0435\u043d\u0438\u0438 \u0434\u043e\u043a\u0443\u043c\u0435\u043d\u0442\u043e\u0432\n                        <\/p>\n                        <p><b>\u0417\u0430\u043f\u0438\u0441\u044c \u043d\u0430 \u043f\u043e\u0434\u0430\u0447\u0443 \u0437\u0430\u044f\u0432\u043b\u0435\u043d\u0438\u044f<\/b><\/p>\n                    <\/div>\n                    <div class=\"one-consult-bottom\">\n                        <button class=\"mia-btn btn-order-mialegal b-blue\" data-type=\"half\">\u0412\u044b\u0431\u0440\u0430\u0442\u044c<\/button>\n                    <\/div>\n                <\/div>\n            <\/div>\n\n            <div class=\"swiper-slide\">\n                <div class=\"one-mialegal\">\n                    <div class=\"v3-one-consult-head b-orange\">\n                        <div class=\"one-consult-head-name\">\n                            <p>\u041f\u041e\u041b\u041d\u0410\u042f \u041f\u041e\u0414\u0414\u0415\u0420\u0416\u041a\u0410<\/p>\n                        <\/div>\n                        <p class=\"one-consult-bottom-price\">3000 z\u0142. <\/p>\n                    <\/div>\n                    <div class=\"one-mialegal-body\">\n                        <p class=\"text-orange\">\u0417\u0430 \u043a\u0430\u0436\u0434\u043e\u0433\u043e \u0434\u043e\u043f\u043e\u043b\u043d\u0438\u0442\u0435\u043b\u044c\u043d\u043e\u0433\u043e \u0447\u043b\u0435\u043d\u0430 \u0441\u0435\u043c\u044c\u0438 \u2014 50%<\/p>\n                        <p class=\"text-orange\">\u0414\u0435\u0442\u0438 \u043c\u043b\u0430\u0434\u0448\u0435 6 \u043b\u0435\u0442, \u043e\u0444\u043e\u0440\u043c\u043b\u044f\u044e\u0449\u0438\u0435 \u0437\u0430\u044f\u0432\u043a\u0443 \u0441 \u0433\u043b\u0430\u0432\u043d\u044b\u043c \u0437\u0430\u044f\u0432\u0438\u0442\u0435\u043b\u0435\u043c \u2014 \u0411\u0415\u0421\u041f\u041b\u0410\u0422\u041d\u041e<\/p>\n                        <p>\u0412\u041a\u041b\u042e\u0427\u0410\u0415\u0422 \u041f\u0410\u041a\u0415\u0422 <b>\u0427\u0410\u0421\u0422\u0418\u0427\u041d\u0410\u042f \u041f\u041e\u0414\u0414\u0415\u0420\u0416\u041a\u0410<\/b><\/p>\n                        <p>\u0421\u043e\u043f\u0440\u043e\u0432\u043e\u0436\u0434\u0435\u043d\u0438\u0435 \u043f\u0440\u0438 \u043f\u043e\u0434\u0430\u0447\u0435 \u0434\u043e\u043a\u0443\u043c\u0435\u043d\u0442\u043e\u0432<\/p>\n                        <p>\u041f\u043e\u043b\u043d\u0430\u044f \u043f\u043e\u0434\u0434\u0435\u0440\u0436\u043a\u0430 \u0432\u043e \u0432\u0440\u0435\u043c\u044f \u0440\u0430\u0441\u0441\u043c\u043e\u0442\u0440\u0435\u043d\u0438\u044f \u0434\u0435\u043b\u0430 \u0434\u043e \u043f\u043e\u043b\u0443\u0447\u0435\u043d\u0438\u044f \u043a\u0430\u0440\u0442\u044b \u043f\u043e\u0431\u044b\u0442\u0443.<\/p>\n                    <\/div>\n                    <div class=\"one-consult-bottom\">\n                        <button class=\"mia-btn btn-order-mialegal b-orange\" data-type=\"full\">\u0412\u044b\u0431\u0440\u0430\u0442\u044c<\/button>\n                    <\/div>\n                <\/div>\n            <\/div>\n\n        <\/div>\n\n        <div class=\"swiper-pagination\" id=\"mialegal-pagination\"><\/div>\n    <\/div>\n\n    <!--Modal order-->\n\n    <div class=\"mia-modal\" id=\"order-mialegal\">\n        <div class=\"mia-modal-dialog\">\n            <div class=\"mia-modal-head\">\n                <p class=\"mi-mo-title\">Wniosek o legalizacj\u0119<\/p>\n                <img decoding=\"async\" class=\"mi-mo-close\" src=\"https:\/\/miabiznes.pl\/wp-content\/uploads\/v3\/img\/signup\/cross-circle.svg\">\n            <\/div>\n            <div class=\"mia-modal-body\">\n                <div class=\"mi-mo-inputs-container mi-gap-15\">\n                    <input class=\"mi-mo-inp\" id=\"mialegal-name\" maxlength=\"35\" value=\"\" placeholder=\"Imi\u0119 i Nazwisko\">\n                    <input class=\"mi-mo-inp phone-control\" id=\"mialegal-phone\" value=\"\" maxlength=\"15\" placeholder=\"Telefon\">\n                    <input class=\"mi-mo-inp\" id=\"mialegal-email\" maxlength=\"35\" value=\"\" placeholder=\"E-mail\">\n                <\/div>\n            <\/div>\n            <div class=\"mia-modal-footer\">\n                <p class=\"mia-modal-error none\"><\/p>\n                <button class=\"mia-btn mi-mo-btn\" id=\"req-order-mialegal\">\u041e\u0442\u043f\u0440\u0430\u0432\u0438\u0442\u044c<\/button>\n            <\/div>\n        <\/div>\n    <\/div>\n<\/div><\/div>\n\t\t\t\t\t\t<\/div>\n\t\t\t\t<\/div>\n\t\t\t\t<div class=\"elementor-element elementor-element-589bca74 t-m-50-50  elementor-widget elementor-widget-heading\" data-id=\"589bca74\" data-element_type=\"widget\" data-e-type=\"widget\" data-widget_type=\"heading.default\">\n\t\t\t\t<div class=\"elementor-widget-container\">\n\t\t\t\t\t<h3 class=\"elementor-heading-title elementor-size-default\">\u041f\u043e\u0447\u0435\u043c\u0443 \u0441\u0442\u043e\u0438\u0442 \u0432\u043e\u0441\u043f\u043e\u043b\u044c\u0437\u043e\u0432\u0430\u0442\u044c\u0441\u044f MIA LEGAL?<\/h3>\t\t\t\t<\/div>\n\t\t\t\t<\/div>\n\t\t\t\t<div class=\"elementor-element elementor-element-f99a2f1 elementor-widget elementor-widget-mcg_advantages\" data-id=\"f99a2f1\" data-element_type=\"widget\" data-e-type=\"widget\" data-widget_type=\"mcg_advantages.default\">\n\t\t\t\t<div class=\"elementor-widget-container\">\n\t\t\t\t\t<div class=\"v3-advantages\"><div class=\"v3-one-adv\"><img decoding=\"async\" src=\"https:\/\/miabiznes.pl\/wp-content\/uploads\/2025\/08\/pomoc-1.svg\" class=\"v3-one-adv-icon\" alt=\"\"><p class=\"v3-one-adv-text\">\u041f\u043e\u043c\u043e\u0449\u044c \u0432 \u043f\u043e\u043b\u0443\u0447\u0435\u043d\u0438\u0438 \u043a\u0430\u0440\u0442\u044b \u043f\u043e\u0431\u044b\u0442\u0443 \u0438 \u0440\u0430\u0437\u0440\u0435\u0448\u0435\u043d\u0438\u0439<\/p><\/div><div class=\"v3-one-adv\"><img decoding=\"async\" src=\"https:\/\/miabiznes.pl\/wp-content\/uploads\/2025\/08\/obsluga.svg\" class=\"v3-one-adv-icon\" alt=\"\"><p class=\"v3-one-adv-text\">\u0421\u043e\u043f\u0440\u043e\u0432\u043e\u0436\u0434\u0435\u043d\u0438\u0435 \u043f\u043e \u0440\u0430\u0437\u043d\u044b\u043c \u043e\u0441\u043d\u043e\u0432\u0430\u043d\u0438\u044f\u043c \u043b\u0435\u0433\u0430\u043b\u0438\u0437\u0430\u0446\u0438\u0438 (\u0440\u0430\u0431\u043e\u0442\u0430, \u0431\u0438\u0437\u043d\u0435\u0441, \u0441\u0435\u043c\u044c\u044f)<\/p><\/div><div class=\"v3-one-adv\"><img decoding=\"async\" src=\"https:\/\/miabiznes.pl\/wp-content\/uploads\/2025\/08\/proces.svg\" class=\"v3-one-adv-icon\" alt=\"\"><p class=\"v3-one-adv-text\">\u041f\u0440\u043e\u0437\u0440\u0430\u0447\u043d\u044b\u0439 \u043f\u0440\u043e\u0446\u0435\u0441\u0441 \u0438 \u043f\u043e\u043d\u044f\u0442\u043d\u044b\u0435 \u0443\u0441\u043b\u043e\u0432\u0438\u044f \u0441\u043e\u0442\u0440\u0443\u0434\u043d\u0438\u0447\u0435\u0441\u0442\u0432\u0430<\/p><\/div><div class=\"v3-one-adv\"><img decoding=\"async\" src=\"https:\/\/miabiznes.pl\/wp-content\/uploads\/2025\/08\/sledzenie.svg\" class=\"v3-one-adv-icon\" alt=\"\"><p class=\"v3-one-adv-text\">\u0412\u043e\u0437\u043c\u043e\u0436\u043d\u043e\u0441\u0442\u044c \u043e\u0442\u0441\u043b\u0435\u0436\u0438\u0432\u0430\u043d\u0438\u044f \u0434\u0435\u043b\u0430 \u043d\u0430 \u043a\u0430\u0436\u0434\u043e\u043c \u044d\u0442\u0430\u043f\u0435<\/p><\/div><div class=\"v3-one-adv\"><img decoding=\"async\" src=\"https:\/\/miabiznes.pl\/wp-content\/uploads\/2025\/08\/miesto.svg\" class=\"v3-one-adv-icon\" alt=\"\"><p class=\"v3-one-adv-text\">\u041a\u043e\u043c\u043f\u043b\u0435\u043a\u0441\u043d\u0430\u044f \u043f\u043e\u043c\u043e\u0449\u044c \u0432 \u043e\u0434\u043d\u043e\u043c \u0441\u0435\u0440\u0432\u0438\u0441\u0435<\/p><\/div><div class=\"v3-one-adv\"><img decoding=\"async\" src=\"https:\/\/miabiznes.pl\/wp-content\/uploads\/2025\/08\/cudzoziemcy.svg\" class=\"v3-one-adv-icon\" alt=\"\"><p class=\"v3-one-adv-text\">\u041e\u043f\u044b\u0442 \u0440\u0430\u0431\u043e\u0442\u044b \u0441 \u0438\u043d\u043e\u0441\u0442\u0440\u0430\u043d\u0446\u0430\u043c\u0438 \u0438\u0437 \u0440\u0430\u0437\u043d\u044b\u0445 \u0441\u0442\u0440\u0430\u043d<\/p><\/div><div class=\"v3-one-adv\"><img decoding=\"async\" src=\"https:\/\/miabiznes.pl\/wp-content\/uploads\/2025\/08\/pomoc.svg\" class=\"v3-one-adv-icon\" alt=\"\"><p class=\"v3-one-adv-text\">\u041f\u0435\u0440\u0441\u043e\u043d\u0430\u043b\u044c\u043d\u044b\u0439 \u043f\u043e\u0434\u0445\u043e\u0434 \u043a \u043a\u0430\u0436\u0434\u043e\u043c\u0443 \u0441\u043b\u0443\u0447\u0430\u044e<\/p><\/div><\/div>\t\t\t\t<\/div>\n\t\t\t\t<\/div>\n\t\t\t\t\t<\/div>\n\t\t\t\t<\/div>\n\t\t\t\t<\/div>","protected":false},"excerpt":{"rendered":"<p>MIA LEGAL \u2013 kompleksowa obs\u0142uga legalizacji w Polsce Planujesz zosta\u0107 w Polsce na d\u0142u\u017cej? Pomagamy w uzyskaniu karty pobytu w Polsce na r\u00f3\u017cnych podstawach \u2013 m.in. praca, dzia\u0142alno\u015b\u0107 gospodarcza, studia czy pobyt z rodzin\u0105. Z nami za\u0142atwisz formalno\u015bci legalnie, bez stresu i zb\u0119dnych kolejek. Przejrzysty proces, jasne zasady i mo\u017cliwo\u015b\u0107 \u015bledzenia ka\u017cdego etapu sprawy w [&hellip;]<\/p>\n","protected":false},"author":1,"featured_media":2634,"parent":0,"menu_order":0,"comment_status":"closed","ping_status":"closed","template":"v3-template.php","meta":{"footnotes":""},"class_list":["post-1801","page","type-page","status-publish","has-post-thumbnail","hentry"],"_links":{"self":[{"href":"https:\/\/miabiznes.pl\/ru\/wp-json\/wp\/v2\/pages\/1801","targetHints":{"allow":["GET"]}}],"collection":[{"href":"https:\/\/miabiznes.pl\/ru\/wp-json\/wp\/v2\/pages"}],"about":[{"href":"https:\/\/miabiznes.pl\/ru\/wp-json\/wp\/v2\/types\/page"}],"author":[{"embeddable":true,"href":"https:\/\/miabiznes.pl\/ru\/wp-json\/wp\/v2\/users\/1"}],"replies":[{"embeddable":true,"href":"https:\/\/miabiznes.pl\/ru\/wp-json\/wp\/v2\/comments?post=1801"}],"version-history":[{"count":37,"href":"https:\/\/miabiznes.pl\/ru\/wp-json\/wp\/v2\/pages\/1801\/revisions"}],"predecessor-version":[{"id":2635,"href":"https:\/\/miabiznes.pl\/ru\/wp-json\/wp\/v2\/pages\/1801\/revisions\/2635"}],"wp:featuredmedia":[{"embeddable":true,"href":"https:\/\/miabiznes.pl\/ru\/wp-json\/wp\/v2\/media\/2634"}],"wp:attachment":[{"href":"https:\/\/miabiznes.pl\/ru\/wp-json\/wp\/v2\/media?parent=1801"}],"curies":[{"name":"wp","href":"https:\/\/api.w.org\/{rel}","templated":true}]}}