{"id":909,"date":"2024-09-03T18:39:49","date_gmt":"2024-09-03T16:39:49","guid":{"rendered":"https:\/\/dev.miacrm.pl\/?page_id=909"},"modified":"2025-10-15T22:37:55","modified_gmt":"2025-10-15T20:37:55","slug":"polityka-cookies","status":"publish","type":"page","link":"https:\/\/miabiznes.pl\/en\/polityka-cookies\/","title":{"rendered":"Cookies Policy"},"content":{"rendered":"<p>&nbsp;<\/p>\n<div class=\"w-1300\">\n<h1>Cookies Policy<\/h1>\n<h2>1. Informacje og\u00f3lne<\/h2>\n<p>Administratorem jest dzia\u0142aj\u0105ca pod nazw\u0105 domen\u0105 miabiznes.pl firma: MIA CONSULT GROUP Sp.z o.o. ul. Zygmunta Vogla 28\/02, 02-963 Warszawa, KRS 0000854891, NIP 1133018235, REGON 386780510. Administrator wykorzystuje pliki cookie oraz inne pokrewne technologie na stronach internetowych oraz aplikacjach, kt\u00f3re s\u0142u\u017c\u0105 do identyfikacji urz\u0105dzenia ko\u0144cowego (dalej: \u201eWitryny&#8221;).<\/p>\n<h2>2. Informacje o plikach cookie<\/h2>\n<p>Pliki cookie (tzw. \u201eciasteczka&#8221;) to dane informatyczne, w szczeg\u00f3lno\u015bci pliki tekstowe, kt\u00f3re przechowywane s\u0105 w urz\u0105dzeniu ko\u0144cowym (komputerze lub innym urz\u0105dzeniu za pomoc\u0105, kt\u00f3rego U\u017cytkownik korzysta z Witryny) i przeznaczone s\u0105 do korzystania ze stron internetowych Witryny.<\/p>\n<p>Odwiedzaj\u0105c nasz serwis pozostaj\u0105 Pa\u0144stwo anonimowi tak d\u0142ugo, a\u017c sami Pa\u0144stwo nie zdecyduj\u0105 inaczej. Informacje zawarte w logach systemowych (np. adres IP) s\u0105 przez nas wykorzystywane w celach technicznych, zwi\u0105zanych z administracj\u0105 naszych serwer\u00f3w. Poza tym adresy IP s\u0105 wykorzystywane do zbierania og\u00f3lnych, statystycznych informacji demograficznych takich jak region, z kt\u00f3rego si\u0119 Pa\u0144stwo z nami \u0142\u0105cz\u0105.<\/p>\n<p>Pliki cookie zawieraj\u0105 najcz\u0119\u015bciej:<\/p>\n<ul>\n<li>nazw\u0119 strony internetowej, z kt\u00f3rej pochodz\u0105,<\/li>\n<li>czas przechowywania ich na urz\u0105dzeniu ko\u0144cowym U\u017cytkownika Witryny,<\/li>\n<li>indywidualny numer.<\/li>\n<\/ul>\n<h3>3. Kto mo\u017ce korzysta\u0107 z plik\u00f3w cookie<\/h3>\n<p>Podmiotem stosuj\u0105cym pliki cookies oraz uzyskuj\u0105cym do nich dost\u0119p w ramach Witryny jest Administrator.<\/p>\n<p>Stosowanie plik\u00f3w cookies ma na celu poprawne dzia\u0142anie strony internetowej. Stosowane przez Administratora pliki \u201ecookies&#8221; s\u0105 bezpieczne dla urz\u0105dze\u0144 U\u017cytkownika. W szczeg\u00f3lno\u015bci t\u0105 drog\u0105 nie jest mo\u017cliwe przedostanie si\u0119 do urz\u0105dze\u0144 U\u017cytkownik\u00f3w wirus\u00f3w lub innego niechcianego oprogramowania lub oprogramowania z\u0142o\u015bliwego. Pliki te pozwalaj\u0105 zidentyfikowa\u0107 oprogramowanie wykorzystywane przez U\u017cytkownika i dostosowa\u0107 Stron\u0119 Internetow\u0105 indywidualnie ka\u017cdemu U\u017cytkownikowi. Pliki \u201ecookies&#8221; zazwyczaj zawieraj\u0105 nazw\u0119 domeny, z kt\u00f3rej pochodz\u0105, czas przechowywania ich na urz\u0105dzeniu oraz przypisan\u0105 warto\u015b\u0107.<\/p>\n<p>Pliki cookies mog\u0105 by\u0107 r\u00f3wnie\u017c wykorzystywane przez partner\u00f3w wsp\u00f3\u0142pracuj\u0105cych z MIA CONSULT GROUP Sp. z o.o.<\/p>\n<p>Informacje zawarte w plikach cookies s\u0105 gromadzone, przechowywane i przetwarzane zgodnie z powszechnie obowi\u0105zuj\u0105cymi przepisami prawa.<\/p>\n<p>Poza informacjami zawartymi w plikach cookies Witryna nie zbiera w spos\u00f3b automatyczny \u017cadnych dodatkowych informacji. W szczeg\u00f3lno\u015bci Witryna nie zbiera w spos\u00f3b automatyczny danych osobowych lub innych poufnych informacji dotycz\u0105cych U\u017cytkownika.<\/p>\n<h2>4. Wskaz\u00f3wki dotycz\u0105ce zarz\u0105dzania plikami cookies w popularnych przegl\u0105darkach<\/h2>\n<p><strong>Google Chrome<\/strong><br \/>\nMenu &gt; Ustawienia &gt; Poka\u017c ustawienia zaawansowane &gt; Prywatno\u015b\u0107 &gt; Ustawienia tre\u015bci &gt; Pliki cookies \u2013 nale\u017cy wybra\u0107 odpowiedni\u0105 opcj\u0119.<\/p>\n<p><strong>Internet Explorer<\/strong><br \/>\nMenu &gt; Narz\u0119dzia &gt; Opcje internetowe &gt; Prywatno\u015b\u0107 \u2013 nale\u017cy wybra\u0107 odpowiedni\u0105 opcj\u0119.<\/p>\n<p><strong>Mozilla Firefox<\/strong><br \/>\nMenu &gt; Opcje &gt; Prywatno\u015b\u0107 &gt; Historia \u2013 nale\u017cy wybra\u0107 odpowiedni\u0105 opcj\u0119.<\/p>\n<p><strong>Opera<\/strong><br \/>\nMenu &gt; Preferencje &gt; Zaawansowane &gt; Ciasteczka \u2013 nale\u017cy wybra\u0107 odpowiedni\u0105 opcj\u0119.<\/p>\n<p><strong>Safari<\/strong><br \/>\nMenu &gt; Preferencje &gt; Prywatno\u015b\u0107 &gt; Pliki cookies \u2013 nale\u017cy wybra\u0107 odpowiedni\u0105 opcj\u0119.<\/p>\n<h2>5. Do jakich plik\u00f3w cookie s\u0105 u\u017cywane<\/h2>\n<p>Pliki cookies wykorzystywane s\u0105 do:<\/p>\n<ol>\n<li>dostosowania zawarto\u015bci stron internetowych Witryny do preferencji U\u017cytkownika oraz optymalizacji korzystania ze stron internetowych;<\/li>\n<li>tworzenia statystyk, kt\u00f3re pomagaj\u0105 zrozumie\u0107, w jaki spos\u00f3b U\u017cytkownicy Witryny korzystaj\u0105 ze stron internetowych oraz umo\u017cliwiaj\u0105 ulepszanie stron internetowych w zakresie ich budowy i zawartych w nich tre\u015bci;<\/li>\n<li>dostarczania reklam odpowiadaj\u0105cych upodobaniom i zachowaniu u\u017cytkownika, w tym wy\u015bwietlanych poza Witryn\u0105, a wi\u0119c na innych stronach i w aplikacjach internetowych;<\/li>\n<li>utrzymania sesji U\u017cytkownika Witryny po zalogowaniu, dzi\u0119ki kt\u00f3rej U\u017cytkownik nie musi na ka\u017cdej podstronie Witryny ponownie wpisywa\u0107 loginu i has\u0142a.<\/li>\n<\/ol>\n<h2>6. Jakie pliki cookie s\u0105 u\u017cywane w witrynie<\/h2>\n<p>Witryna stosuje:<\/p>\n<ol>\n<li>pliki cookies \u201esesyjne&#8221;, o charakterze tymczasowym, kt\u00f3re przechowywane s\u0105 w urz\u0105dzeniu ko\u0144cowym U\u017cytkownika do czasu wylogowania, opuszczenia strony internetowej lub wy\u0142\u0105czenia przegl\u0105darki internetowej,<\/li>\n<li>pliki cookies \u201esta\u0142e&#8221; przechowywane w urz\u0105dzeniu ko\u0144cowym U\u017cytkownika do czasu wyga\u015bni\u0119cia ich wa\u017cno\u015bci lub do czasu ich samodzielnego usuni\u0119cia przez U\u017cytkownika.<\/li>\n<li>pliki cookies podmiot\u00f3w zewn\u0119trznych (tzw. pliki cookies 2nd i 3rd party) \u2013 to dane pochodz\u0105ce m.in. z innych stron internetowych i aplikacji, narz\u0119dzi i serwer\u00f3w reklamowych, dostawc\u00f3w us\u0142ug i partner\u00f3w wsp\u00f3\u0142pracuj\u0105cych z w\u0142a\u015bcicielem Witryny; ten rodzaj cookie pozwala na personalizacj\u0119 reklam \u2013 okre\u015blenie preferencji i zwyczaj\u00f3w u\u017cytkownik\u00f3w i dostosowywanie do nich reklamy; pozwalaj\u0105 one r\u00f3wnie\u017c oceni\u0107 skuteczno\u015b\u0107 dzia\u0142a\u0144 reklamowych.<\/li>\n<\/ol>\n<h2>7. Rodzaje plik\u00f3w cookies wykorzystywane w Witryn\u0119<\/h2>\n<p>W ramach Witryny stosowane s\u0105 nast\u0119puj\u0105ce rodzaje plik\u00f3w cookies:<\/p>\n<ol>\n<li>pliki cookies \u201eniezb\u0119dne&#8221;, umo\u017cliwiaj\u0105ce korzystanie z us\u0142ug dost\u0119pnych w ramach Witryny, np. wykorzystywane do us\u0142ug wymagaj\u0105cych uwierzytelniania w ramach Witryny;<\/li>\n<li>pliki cookies s\u0142u\u017c\u0105ce do zapewnienia bezpiecze\u0144stwa, np. wykorzystywane do wykrywania nadu\u017cy\u0107 w zakresie uwierzytelniania w ramach Witryny;<\/li>\n<li>pliki cookies \u201ewydajno\u015bciowe&#8221;, umo\u017cliwiaj\u0105ce zbieranie informacji o sposobie korzystania ze stron internetowych Witryny;<\/li>\n<li>pliki cookies \u201efunkcjonalne&#8221;, przechowuj\u0105ce wybrane przez U\u017cytkownika ustawienia np. wygl\u0105d strony internetowej itp.;<\/li>\n<li>pliki \u201ereklamowe&#8221;, umo\u017cliwiaj\u0105ce dostarczanie U\u017cytkownikowi tre\u015bci reklamowych dostosowanych do ich zainteresowa\u0144.<\/li>\n<\/ol>\n<h2>8. U\u017cywanie i ograniczenie stosowania plik\u00f3w cookie<\/h2>\n<p>Przegl\u0105darki internetowe zasadniczo dopuszczaj\u0105 przechowywanie plik\u00f3w cookie w urz\u0105dzeniu ko\u0144cowym U\u017cytkownika.<\/p>\n<p>Ka\u017cdy U\u017cytkownik Witryny mo\u017ce ograniczy\u0107 stosowanie plik\u00f3w cookie.<\/p>\n<p>W ka\u017cdym czasie mo\u017cliwe jest dokonanie zmiany ustawie\u0144 dotycz\u0105cych plik\u00f3w cookie na komputerze lub innym urz\u0105dzeniu, za pomoc\u0105 kt\u00f3rego U\u017cytkownik korzysta z Witryny. Zmiany ustawie\u0144 mog\u0105 prowadzi\u0107 do automatycznej blokady obs\u0142ugi plik\u00f3w cookie w ustawieniach przegl\u0105darki internetowej b\u0105d\u017a informowania o ich ka\u017cdorazowym zamieszczeniu w urz\u0105dzeniu U\u017cytkownika Witryny.<\/p>\n<p>Ograniczenie stosowania plik\u00f3w cookie w urz\u0105dzeniu ko\u0144cowym U\u017cytkownika mo\u017ce wp\u0142ywa\u0107 na niekt\u00f3re funkcjonalno\u015bci stron internetowych Witryny.<\/p>\n<p>Brak zmiany ustawie\u0144 dotycz\u0105cych plik\u00f3w cookie oznacza akceptacj\u0119 dla stosowania plik\u00f3w typu cookie przez Witryn\u0119.<\/p>\n<p>Wi\u0119cej informacji na temat plik\u00f3w cookie i sposobach ich obs\u0142ugi dost\u0119pnych jest w menu przegl\u0105darki internetowej.<\/p>\n<p>Pliki cookies zamieszczane w urz\u0105dzeniu ko\u0144cowym U\u017cytkownika Serwisu wykorzystywane mog\u0105 by\u0107 r\u00f3wnie\u017c przez wsp\u00f3\u0142pracuj\u0105ce z operatorem Serwisu podmioty, w szczeg\u00f3lno\u015bci dotyczy to firm: Google (Google Inc. z siedzib\u0105 w USA), Facebook (Facebook Inc. z siedzib\u0105 w USA).<\/p>\n<h2>9. Dane kontaktowe<\/h2>\n<div class=\"contact-info\">\n<p><strong>MIA CONSULT GROUP Sp. z o.o.<\/strong><\/p>\n<p>ul. Zygmunta Vogla 28\/02<\/p>\n<p>02-963, Polska, Warszawa<\/p>\n<p>NIP: 1133018235<\/p>\n<\/div>\n<\/div>","protected":false},"excerpt":{"rendered":"<p>&nbsp; Polityka cookies 1. Informacje og\u00f3lne Administratorem jest dzia\u0142aj\u0105ca pod nazw\u0105 domen\u0105 miabiznes.pl firma: MIA CONSULT GROUP Sp.z o.o. ul. Zygmunta Vogla 28\/02, 02-963 Warszawa, KRS 0000854891, NIP 1133018235, REGON 386780510. Administrator wykorzystuje pliki cookie oraz inne pokrewne technologie na stronach internetowych oraz aplikacjach, kt\u00f3re s\u0142u\u017c\u0105 do identyfikacji urz\u0105dzenia ko\u0144cowego (dalej: \u201eWitryny&#8221;). 2. Informacje o [&hellip;]<\/p>\n","protected":false},"author":1,"featured_media":0,"parent":0,"menu_order":0,"comment_status":"closed","ping_status":"closed","template":"","meta":{"footnotes":""},"class_list":["post-909","page","type-page","status-publish","hentry"],"_links":{"self":[{"href":"https:\/\/miabiznes.pl\/en\/wp-json\/wp\/v2\/pages\/909","targetHints":{"allow":["GET"]}}],"collection":[{"href":"https:\/\/miabiznes.pl\/en\/wp-json\/wp\/v2\/pages"}],"about":[{"href":"https:\/\/miabiznes.pl\/en\/wp-json\/wp\/v2\/types\/page"}],"author":[{"embeddable":true,"href":"https:\/\/miabiznes.pl\/en\/wp-json\/wp\/v2\/users\/1"}],"replies":[{"embeddable":true,"href":"https:\/\/miabiznes.pl\/en\/wp-json\/wp\/v2\/comments?post=909"}],"version-history":[{"count":13,"href":"https:\/\/miabiznes.pl\/en\/wp-json\/wp\/v2\/pages\/909\/revisions"}],"predecessor-version":[{"id":2940,"href":"https:\/\/miabiznes.pl\/en\/wp-json\/wp\/v2\/pages\/909\/revisions\/2940"}],"wp:attachment":[{"href":"https:\/\/miabiznes.pl\/en\/wp-json\/wp\/v2\/media?parent=909"}],"curies":[{"name":"wp","href":"https:\/\/api.w.org\/{rel}","templated":true}]}}