{"id":2339,"date":"2025-08-19T21:20:33","date_gmt":"2025-08-19T19:20:33","guid":{"rendered":"https:\/\/miabiznes.pl\/?page_id=2339"},"modified":"2025-09-08T13:09:52","modified_gmt":"2025-09-08T11:09:52","slug":"guides","status":"publish","type":"page","link":"https:\/\/miabiznes.pl\/en\/guides\/","title":{"rendered":"Guides"},"content":{"rendered":"<div data-elementor-type=\"wp-page\" data-elementor-id=\"2339\" class=\"elementor elementor-2339\">\n\t\t\t\t<div class=\"elementor-element elementor-element-79ae510a e-flex e-con-boxed e-con e-parent\" data-id=\"79ae510a\" data-element_type=\"container\" data-e-type=\"container\">\n\t\t\t\t\t<div class=\"e-con-inner\">\n\t\t\t\t<div class=\"elementor-element elementor-element-76ad4586 elementor-widget elementor-widget-mcg_universal_banner\" data-id=\"76ad4586\" data-element_type=\"widget\" data-e-type=\"widget\" data-widget_type=\"mcg_universal_banner.default\">\n\t\t\t\t<div class=\"elementor-widget-container\">\n\t\t\t\t\t<script>\ntranslate_universal.text1 = \"BUSINESS GUIDES\";\ntranslate_universal.text1_1 = \"PRACTICAL INSTRUCTIONS STEP BY STEP\";\ntranslate_universal.text2 = \"BUSINESS IN POLAND\";\ntranslate_universal.text2_1 = \"FIND OUT HOW TO START AND LEGALLY OPERATE A BUSINESS\";\ntranslate_universal.text3 = \"TAXES AND LAW\";\ntranslate_universal.text3_1 = \"EVERYTHING A COMPANY OWNER NEEDS TO KNOW\";\ntranslate_universal.btn = \"Try for free\";\n<\/script>\n<div class=\"banner-container\">  <div id=\"mainbanuni_hype_container\" class=\"HYPE_document\" style=\"margin:auto;position:relative;width:100%;height:100%;overflow:hidden;\">      <script type=\"text\/javascript\" charset=\"utf-8\" src=\"https:\/\/miabiznes.pl\/wp-content\/uploads\/v3\/banners\/giudes\/main_ban_uni\/main_ban_uni.hyperesources\/mainbanuni_hype_generated_script.js?86239\"><\/script>  <\/div><\/div>\t\t\t\t<\/div>\n\t\t\t\t<\/div>\n\t\t\t\t<div class=\"elementor-element elementor-element-22b8d8cd t-m-0-50 elementor-widget elementor-widget-heading\" data-id=\"22b8d8cd\" data-element_type=\"widget\" data-e-type=\"widget\" data-widget_type=\"heading.default\">\n\t\t\t\t<div class=\"elementor-widget-container\">\n\t\t\t\t\t<h1 class=\"elementor-heading-title elementor-size-default\">DETAILED GUIDES<\/h1>\t\t\t\t<\/div>\n\t\t\t\t<\/div>\n\t\t\t\t<div class=\"elementor-element elementor-element-38117195 elementor-widget elementor-widget-text-editor\" data-id=\"38117195\" data-element_type=\"widget\" data-e-type=\"widget\" data-widget_type=\"text-editor.default\">\n\t\t\t\t<div class=\"elementor-widget-container\">\n\t\t\t\t\t\t\t\t\t<p style=\"text-align: center;\">Our guides are step-by-step instructions that will help you confidently go through all stages of moving to Poland and starting your own business.<\/p><p style=\"text-align: center;\">We collected reliable and current data to save you from wasting weeks looking for information in multiple places.<\/p>\t\t\t\t\t\t\t\t<\/div>\n\t\t\t\t<\/div>\n\t\t\t\t<div class=\"elementor-element elementor-element-7b549a43 elementor-widget elementor-widget-html\" data-id=\"7b549a43\" data-element_type=\"widget\" data-e-type=\"widget\" data-widget_type=\"html.default\">\n\t\t\t\t<div class=\"elementor-widget-container\">\n\t\t\t\t\t<button class=\"btn-single btn-to-price-page\">Learn more<\/button>\t\t\t\t<\/div>\n\t\t\t\t<\/div>\n\t\t\t\t<div class=\"elementor-element elementor-element-edfe741 t-m-50-50  elementor-widget elementor-widget-heading\" data-id=\"edfe741\" data-element_type=\"widget\" data-e-type=\"widget\" data-widget_type=\"heading.default\">\n\t\t\t\t<div class=\"elementor-widget-container\">\n\t\t\t\t\t<h2 class=\"elementor-heading-title elementor-size-default\">HOW TO GET A GUIDE IN THREE SIMPLE STEPS<\/h2>\t\t\t\t<\/div>\n\t\t\t\t<\/div>\n\t\t\t\t<div class=\"elementor-element elementor-element-2e5c7f7 elementor-widget elementor-widget-mcg_steps_banner\" data-id=\"2e5c7f7\" data-element_type=\"widget\" data-e-type=\"widget\" data-widget_type=\"mcg_steps_banner.default\">\n\t\t\t\t<div class=\"elementor-widget-container\">\n\t\t\t\t\t<script>\n    translate_steps.text1 = \"Step 1\";\n    translate_steps.text2 = \"Sign up in MIA BIZNES\";\n    translate_steps.text3 = \"Step 2\";\n    translate_steps.text4 = \"Open the \u201cMIA GUIDES\u201d section\";\n    translate_steps.text5 = \"Step 3\";\n    translate_steps.text6 = \"Use our guides\";\n<\/script>\n<div id=\"bannerstepsuni_hype_container\" class=\"HYPE_document\" style=\"margin:auto;position:relative;width:100%;height:465px;overflow:hidden;\">  <script type=\"text\/javascript\" charset=\"utf-8\" src=\"https:\/\/miabiznes.pl\/wp-content\/uploads\/v3\/banners\/giudes\/banner_steps_uni\/banner_steps_uni.hyperesources\/bannerstepsuni_hype_generated_script.js?41150\"><\/script><\/div>\t\t\t\t<\/div>\n\t\t\t\t<\/div>\n\t\t\t\t<div class=\"elementor-element elementor-element-67ef3c14 elementor-widget elementor-widget-html\" data-id=\"67ef3c14\" data-element_type=\"widget\" data-e-type=\"widget\" data-widget_type=\"html.default\">\n\t\t\t\t<div class=\"elementor-widget-container\">\n\t\t\t\t\t<button class=\"btn-single btn-to-price-page\">Start Now<\/button>\t\t\t\t<\/div>\n\t\t\t\t<\/div>\n\t\t\t\t<div class=\"elementor-element elementor-element-33810a2f t-m-50-50  elementor-widget elementor-widget-heading\" data-id=\"33810a2f\" data-element_type=\"widget\" data-e-type=\"widget\" data-widget_type=\"heading.default\">\n\t\t\t\t<div class=\"elementor-widget-container\">\n\t\t\t\t\t<h2 class=\"elementor-heading-title elementor-size-default\">GUIDES TOPICS<\/h2>\t\t\t\t<\/div>\n\t\t\t\t<\/div>\n\t\t\t\t<div class=\"elementor-element elementor-element-fdd4092 elementor-widget elementor-widget-shortcode\" data-id=\"fdd4092\" data-element_type=\"widget\" data-e-type=\"widget\" data-widget_type=\"shortcode.default\">\n\t\t\t\t<div class=\"elementor-widget-container\">\n\t\t\t\t\t\t\t<div class=\"elementor-shortcode\"><div id=\"mcg-guide-content\" class=\"grid-guides-container\">\n            <div class=\"card-one-guide\">\n            <div class=\"cog-header\" style=\"background:#13B8EE\"><p>Moving to Poland<\/p><\/div>\n            <div class=\"cog-footer\">\n                <p>Video content<\/p>\n                <p>Guide in PDF format<\/p>\n                <p><span>Available in languages:<\/span> RU<\/p>\n                <a class=\"mia-btn btn-go-guide\" style=\"background:#13B8EE;\">Choose<\/a>\n            <\/div>\n        <\/div>\n            <div class=\"card-one-guide\">\n            <div class=\"cog-header\" style=\"background:#FF9E4B\"><p>Legalization<\/p><\/div>\n            <div class=\"cog-footer\">\n                <p>Video content<\/p>\n                <p>Guide in PDF format<\/p>\n                <p><span>Available in languages:<\/span> RU<\/p>\n                <a class=\"mia-btn btn-go-guide\" style=\"background:#FF9E4B;\">Choose<\/a>\n            <\/div>\n        <\/div>\n            <div class=\"card-one-guide\">\n            <div class=\"cog-header\" style=\"background:#68E2B5\"><p>Construction Business<\/p><\/div>\n            <div class=\"cog-footer\">\n                <p>Video content<\/p>\n                <p>Guide in PDF format<\/p>\n                <p><span>Available in languages:<\/span> RU, PL<\/p>\n                <a class=\"mia-btn btn-go-guide\" style=\"background:#68E2B5;\">Choose<\/a>\n            <\/div>\n        <\/div>\n            <div class=\"card-one-guide\">\n            <div class=\"cog-header\" style=\"background:#68E2B5\"><p>\u0421ourier service<\/p><\/div>\n            <div class=\"cog-footer\">\n                <p>Video content<\/p>\n                <p>Guide in PDF format<\/p>\n                <p><span>Available in languages:<\/span> RU, PL<\/p>\n                <a class=\"mia-btn btn-go-guide\" style=\"background:#68E2B5;\">Choose<\/a>\n            <\/div>\n        <\/div>\n            <div class=\"card-one-guide\">\n            <div class=\"cog-header\" style=\"background:#68E2B5\"><p>Coffee Shop<\/p><\/div>\n            <div class=\"cog-footer\">\n                <p>Video content<\/p>\n                <p>Guide in PDF format<\/p>\n                <p><span>Available in languages:<\/span> RU, PL<\/p>\n                <a class=\"mia-btn btn-go-guide\" style=\"background:#68E2B5;\">Choose<\/a>\n            <\/div>\n        <\/div>\n            <div class=\"card-one-guide\">\n            <div class=\"cog-header\" style=\"background:#68E2B5\"><p>IT Business<\/p><\/div>\n            <div class=\"cog-footer\">\n                <p>Video content<\/p>\n                <p>Guide in PDF format<\/p>\n                <p><span>Available in languages:<\/span> RU, PL<\/p>\n                <a class=\"mia-btn btn-go-guide\" style=\"background:#68E2B5;\">Choose<\/a>\n            <\/div>\n        <\/div>\n            <div class=\"card-one-guide\">\n            <div class=\"cog-header\" style=\"background:#68E2B5\"><p>Photo and video services<\/p><\/div>\n            <div class=\"cog-footer\">\n                <p>Video content<\/p>\n                <p>Guide in PDF format<\/p>\n                <p><span>Available in languages:<\/span> RU, PL<\/p>\n                <a class=\"mia-btn btn-go-guide\" style=\"background:#68E2B5;\">Choose<\/a>\n            <\/div>\n        <\/div>\n            <div class=\"card-one-guide\">\n            <div class=\"cog-header\" style=\"background:#68E2B5\"><p>Real Estate Agency<\/p><\/div>\n            <div class=\"cog-footer\">\n                <p>Video content<\/p>\n                <p>Guide in PDF format<\/p>\n                <p><span>Available in languages:<\/span> RU, PL<\/p>\n                <a class=\"mia-btn btn-go-guide\" style=\"background:#68E2B5;\">Choose<\/a>\n            <\/div>\n        <\/div>\n            <div class=\"card-one-guide\">\n            <div class=\"cog-header\" style=\"background:#68E2B5\"><p>Clothing store<\/p><\/div>\n            <div class=\"cog-footer\">\n                <p>Video content<\/p>\n                <p>Guide in PDF format<\/p>\n                <p><span>Available in languages:<\/span> RU, PL<\/p>\n                <a class=\"mia-btn btn-go-guide\" style=\"background:#68E2B5;\">Choose<\/a>\n            <\/div>\n        <\/div>\n            <div class=\"card-one-guide\">\n            <div class=\"cog-header\" style=\"background:#68E2B5\"><p>Beauty salon<\/p><\/div>\n            <div class=\"cog-footer\">\n                <p>Video content<\/p>\n                <p>Guide in PDF format<\/p>\n                <p><span>Available in languages:<\/span> RU, PL<\/p>\n                <a class=\"mia-btn btn-go-guide\" style=\"background:#68E2B5;\">Choose<\/a>\n            <\/div>\n        <\/div>\n            <div class=\"card-one-guide\">\n            <div class=\"cog-header\" style=\"background:#68E2B5\"><p>Tutor<\/p><\/div>\n            <div class=\"cog-footer\">\n                <p>Video content<\/p>\n                <p>Guide in PDF format<\/p>\n                <p><span>Available in languages:<\/span> RU, PL<\/p>\n                <a class=\"mia-btn btn-go-guide\" style=\"background:#68E2B5;\">Choose<\/a>\n            <\/div>\n        <\/div>\n            <div class=\"card-one-guide\">\n            <div class=\"cog-header\" style=\"background:#68E2B5\"><p>Car service<\/p><\/div>\n            <div class=\"cog-footer\">\n                <p>Video content<\/p>\n                <p>Guide in PDF format<\/p>\n                <p><span>Available in languages:<\/span> RU, PL<\/p>\n                <a class=\"mia-btn btn-go-guide\" style=\"background:#68E2B5;\">Choose<\/a>\n            <\/div>\n        <\/div>\n            <div class=\"card-one-guide\">\n            <div class=\"cog-header\" style=\"background:#68E2B5\"><p>One person business<\/p><\/div>\n            <div class=\"cog-footer\">\n                <p>Video content<\/p>\n                <p>Guide in PDF format<\/p>\n                <p><span>Available in languages:<\/span> RU, PL<\/p>\n                <a class=\"mia-btn btn-go-guide\" style=\"background:#68E2B5;\">Choose<\/a>\n            <\/div>\n        <\/div>\n    <\/div><\/div>\n\t\t\t\t\t\t<\/div>\n\t\t\t\t<\/div>\n\t\t\t\t<div class=\"elementor-element elementor-element-b9ea57c elementor-widget elementor-widget-html\" data-id=\"b9ea57c\" data-element_type=\"widget\" data-e-type=\"widget\" data-widget_type=\"html.default\">\n\t\t\t\t<div class=\"elementor-widget-container\">\n\t\t\t\t\t<div class=\"go-to-page-section guide-page\">\n<div class=\"go-to-page-section-body\">\n<img decoding=\"async\" class=\"arrow-go-to-page\" src=\"https:\/\/miabiznes.b-cdn.net\/wp-content\/uploads\/v3\/img\/faktury\/arrow-grey.svg\">\n<p class=\"go-to-page-text\">Didn\u2019t find the right guide?<\/p>\n<p class=\"go-to-page-tiny\">Let us know which area of business interests you \u2013 and we\u2019ll prepare guide just for you!<\/p>\n<input id=\"new-topic-guide\" maxlength=\"120\" type=\"text\" placeholder=\"Submit your idea\" class=\"inp-wish-guide\">\n<button id=\"add-new-guide-topic\" class=\"mia-btn b-blue btn-go-to-page\">Send<\/button>\n<\/div>\n<div class=\"banner-dynamic-island\">\n<div id=\"dynamicislandban_hype_container\" class=\"HYPE_document\" style=\"margin:auto;position:relative;width:100%;height:100%;overflow:hidden;\">\n<script type=\"text\/javascript\" charset=\"utf-8\" src=\"https:\/\/miabiznes.pl\/wp-content\/uploads\/v3\/banners\/dynamic_island_ban\/miabiznes\/boy\/dynamic_island_ban\/dynamic_island_ban.hyperesources\/dynamicislandban_hype_generated_script.js?74920\"><\/script>\n\t<\/div>\n<\/div>\n<\/div>\t\t\t\t<\/div>\n\t\t\t\t<\/div>\n\t\t\t\t<div class=\"elementor-element elementor-element-5ff3d3fb t-m-50-50  elementor-widget elementor-widget-heading\" data-id=\"5ff3d3fb\" data-element_type=\"widget\" data-e-type=\"widget\" data-widget_type=\"heading.default\">\n\t\t\t\t<div class=\"elementor-widget-container\">\n\t\t\t\t\t<h3 class=\"elementor-heading-title elementor-size-default\">Advantages of using guides<\/h3>\t\t\t\t<\/div>\n\t\t\t\t<\/div>\n\t\t\t\t<div class=\"elementor-element elementor-element-5800a8ad elementor-widget elementor-widget-mcg_advantages\" data-id=\"5800a8ad\" data-element_type=\"widget\" data-e-type=\"widget\" data-widget_type=\"mcg_advantages.default\">\n\t\t\t\t<div class=\"elementor-widget-container\">\n\t\t\t\t\t<div class=\"v3-advantages\"><div class=\"v3-one-adv\"><img decoding=\"async\" src=\"https:\/\/miabiznes.pl\/wp-content\/uploads\/2025\/08\/szybki-kontakt.svg\" class=\"v3-one-adv-icon\" alt=\"\"><p class=\"v3-one-adv-text\">Saving time<\/p><\/div><div class=\"v3-one-adv\"><img decoding=\"async\" src=\"https:\/\/miabiznes.pl\/wp-content\/uploads\/2025\/08\/proces.svg\" class=\"v3-one-adv-icon\" alt=\"\"><p class=\"v3-one-adv-text\">Updated information<\/p><\/div><div class=\"v3-one-adv\"><img decoding=\"async\" src=\"https:\/\/miabiznes.pl\/wp-content\/uploads\/2025\/08\/dostosuj.svg\" class=\"v3-one-adv-icon\" alt=\"\"><p class=\"v3-one-adv-text\">Applied benefit<\/p><\/div><div class=\"v3-one-adv\"><img decoding=\"async\" src=\"https:\/\/miabiznes.pl\/wp-content\/uploads\/2025\/08\/baza-klientow.svg\" class=\"v3-one-adv-icon\" alt=\"\"><p class=\"v3-one-adv-text\">Step-by-step instructions<\/p><\/div><div class=\"v3-one-adv\"><img decoding=\"async\" src=\"https:\/\/miabiznes.pl\/wp-content\/uploads\/2025\/08\/sledzenie.svg\" class=\"v3-one-adv-icon\" alt=\"\"><p class=\"v3-one-adv-text\">Transparency and ease<\/p><\/div><div class=\"v3-one-adv\"><img decoding=\"async\" src=\"https:\/\/miabiznes.pl\/wp-content\/uploads\/2025\/08\/panel-uzytk.svg\" class=\"v3-one-adv-icon\" alt=\"\"><p class=\"v3-one-adv-text\">Comprehensive approach<\/p><\/div><div class=\"v3-one-adv\"><img decoding=\"async\" src=\"https:\/\/miabiznes.pl\/wp-content\/uploads\/2025\/08\/pomoc.svg\" class=\"v3-one-adv-icon\" alt=\"\"><p class=\"v3-one-adv-text\">Confidence and peace of mind<\/p><\/div><\/div>\t\t\t\t<\/div>\n\t\t\t\t<\/div>\n\t\t\t\t\t<\/div>\n\t\t\t\t<\/div>\n\t\t<div class=\"elementor-element elementor-element-1f9a72d e-flex e-con-boxed e-con e-parent\" data-id=\"1f9a72d\" data-element_type=\"container\" data-e-type=\"container\">\n\t\t\t\t\t<div class=\"e-con-inner\">\n\t\t\t\t<div class=\"elementor-element elementor-element-8a85eb7 elementor-widget elementor-widget-html\" data-id=\"8a85eb7\" data-element_type=\"widget\" data-e-type=\"widget\" data-widget_type=\"html.default\">\n\t\t\t\t<div class=\"elementor-widget-container\">\n\t\t\t\t\t<div class=\"mia-modal\" id=\"thank-you-modal-guide\">\n<div class=\"mia-modal-dialog\">\n<div class=\"mia-modal-head\">\n<p class=\"mi-mo-title\">Zg\u0142oszenie przyj\u0119te<\/p>\n<img decoding=\"async\" class=\"mi-mo-close\" src=\"https:\/\/miabiznes.pl\/wp-content\/uploads\/v3\/img\/signup\/cross-circle.svg\">\n<\/div>\n<div class=\"mia-modal-body\">\n<div class=\"mi-mo-inputs-container mi-gap-15\">\n<p class=\"mi-mo-text-14\">Twoja propozycja zosta\u0142a przes\u0142ana i zostanie rozpatrzona. Je\u015bli zostanie dodana na stron\u0119, poinformujemy Ci\u0119 o tym.<\/p>\n<\/div>\n<\/div>\n<div class=\"mia-modal-footer\">\n<p class=\"mia-modal-error none\"><\/p>\n<button class=\"mia-btn mi-mo-btn mi-mo-close\">Confirm<\/button>\n<\/div>\n<\/div>\n<\/div>\t\t\t\t<\/div>\n\t\t\t\t<\/div>\n\t\t\t\t\t<\/div>\n\t\t\t\t<\/div>\n\t\t\t\t<\/div>","protected":false},"excerpt":{"rendered":"<p>SZCZEG\u00d3\u0141OWE PORADNIKI Nasze przewodniki to instrukcje krok po kroku, kt\u00f3re pomog\u0105 Ci pewnie przej\u015b\u0107 przez wszystkie etapy przeprowadzki do Polski i rozpocz\u0119cia w\u0142asnej dzia\u0142alno\u015bci. Zebrali\u015bmy wy\u0142\u0105cznie sprawdzone i aktualne informacje, aby\u015b nie musia\u0142 po\u015bwi\u0119ca\u0107 tygodni na szukanie odpowiedzi w r\u00f3\u017cnych \u017ar\u00f3d\u0142ach. Wi\u0119cej SZCZEG\u00d3\u0141OWE PORADNIKI w trzech prostych krokach Zacznij ju\u017c teraz TEMATY PORADNIK\u00d3W Nie znalaz\u0142e\u015b [&hellip;]<\/p>\n","protected":false},"author":1,"featured_media":2630,"parent":0,"menu_order":0,"comment_status":"closed","ping_status":"closed","template":"v3-template.php","meta":{"footnotes":""},"class_list":["post-2339","page","type-page","status-publish","has-post-thumbnail","hentry"],"_links":{"self":[{"href":"https:\/\/miabiznes.pl\/en\/wp-json\/wp\/v2\/pages\/2339","targetHints":{"allow":["GET"]}}],"collection":[{"href":"https:\/\/miabiznes.pl\/en\/wp-json\/wp\/v2\/pages"}],"about":[{"href":"https:\/\/miabiznes.pl\/en\/wp-json\/wp\/v2\/types\/page"}],"author":[{"embeddable":true,"href":"https:\/\/miabiznes.pl\/en\/wp-json\/wp\/v2\/users\/1"}],"replies":[{"embeddable":true,"href":"https:\/\/miabiznes.pl\/en\/wp-json\/wp\/v2\/comments?post=2339"}],"version-history":[{"count":68,"href":"https:\/\/miabiznes.pl\/en\/wp-json\/wp\/v2\/pages\/2339\/revisions"}],"predecessor-version":[{"id":2631,"href":"https:\/\/miabiznes.pl\/en\/wp-json\/wp\/v2\/pages\/2339\/revisions\/2631"}],"wp:featuredmedia":[{"embeddable":true,"href":"https:\/\/miabiznes.pl\/en\/wp-json\/wp\/v2\/media\/2630"}],"wp:attachment":[{"href":"https:\/\/miabiznes.pl\/en\/wp-json\/wp\/v2\/media?parent=2339"}],"curies":[{"name":"wp","href":"https:\/\/api.w.org\/{rel}","templated":true}]}}