{"id":2005,"date":"2025-08-12T10:58:08","date_gmt":"2025-08-12T08:58:08","guid":{"rendered":"https:\/\/miabiznes.pl\/?page_id=2005"},"modified":"2025-11-13T02:07:13","modified_gmt":"2025-11-13T01:07:13","slug":"employee","status":"publish","type":"page","link":"https:\/\/miabiznes.pl\/en\/employee\/","title":{"rendered":"Additional users"},"content":{"rendered":"<div data-elementor-type=\"wp-page\" data-elementor-id=\"2005\" class=\"elementor elementor-2005\">\n\t\t\t\t<div class=\"elementor-element elementor-element-26809d6f e-flex e-con-boxed e-con e-parent\" data-id=\"26809d6f\" data-element_type=\"container\" data-e-type=\"container\">\n\t\t\t\t\t<div class=\"e-con-inner\">\n\t\t\t\t<div class=\"elementor-element elementor-element-3f8639e1 elementor-widget elementor-widget-mcg_universal_banner\" data-id=\"3f8639e1\" data-element_type=\"widget\" data-e-type=\"widget\" data-widget_type=\"mcg_universal_banner.default\">\n\t\t\t\t<div class=\"elementor-widget-container\">\n\t\t\t\t\t<script>\ntranslate_universal.text1 = \"TEAM COLLABORATION\";\ntranslate_universal.text1_1 = \"CREATE, ASSIGN, AND TRACK TEAM TASKS ONLINE FOR FREE\";\ntranslate_universal.text2 = \"TOGETHER IN ONE SERVICE\";\ntranslate_universal.text2_1 = \"USERS SHARE SERVICES AND CREATE TASKS FOR EACH OTHER\";\ntranslate_universal.text3 = \"FIRST USER IS FREE\";\ntranslate_universal.text3_1 = \"ADD 1 USER FOR FREE, NEXT ONE FOR 9.99 PLN\";\ntranslate_universal.btn = \"Add user\";\n<\/script>\n<div class=\"banner-container\">  <div id=\"mainbanuni_hype_container\" class=\"HYPE_document\" style=\"margin:auto;position:relative;width:100%;height:100%;overflow:hidden;\">      <script type=\"text\/javascript\" charset=\"utf-8\" src=\"https:\/\/miabiznes.pl\/wp-content\/uploads\/v3\/banners\/employee\/main_ban_uni\/main_ban_uni.hyperesources\/mainbanuni_hype_generated_script.js?86239\"><\/script>  <\/div><\/div>\t\t\t\t<\/div>\n\t\t\t\t<\/div>\n\t\t\t\t<div class=\"elementor-element elementor-element-212c6644 t-m-0-50 elementor-widget elementor-widget-heading\" data-id=\"212c6644\" data-element_type=\"widget\" data-e-type=\"widget\" data-widget_type=\"heading.default\">\n\t\t\t\t<div class=\"elementor-widget-container\">\n\t\t\t\t\t<h1 class=\"elementor-heading-title elementor-size-default\">Add employees and work together<\/h1>\t\t\t\t<\/div>\n\t\t\t\t<\/div>\n\t\t\t\t<div class=\"elementor-element elementor-element-7a3b19a1 elementor-widget elementor-widget-text-editor\" data-id=\"7a3b19a1\" data-element_type=\"widget\" data-e-type=\"widget\" data-widget_type=\"text-editor.default\">\n\t\t\t\t<div class=\"elementor-widget-container\">\n\t\t\t\t\t\t\t\t\t<p style=\"text-align: center;\">By adding users to your account, you can delegate tasks, track progress, and share access to services with your employees.<\/p><p style=\"text-align: center;\">The first user is free. This way, everyone knows their responsibilities, and you have a complete view of the company\u2019s operations \u2013 all in one place, without chaos or unnecessary messages.<\/p>\t\t\t\t\t\t\t\t<\/div>\n\t\t\t\t<\/div>\n\t\t\t\t<div class=\"elementor-element elementor-element-7705db51 elementor-widget elementor-widget-html\" data-id=\"7705db51\" data-element_type=\"widget\" data-e-type=\"widget\" data-widget_type=\"html.default\">\n\t\t\t\t<div class=\"elementor-widget-container\">\n\t\t\t\t\t<a href=\"\/en\/\" class=\"btn-single\">Start now<\/a>\t\t\t\t<\/div>\n\t\t\t\t<\/div>\n\t\t\t\t<div class=\"elementor-element elementor-element-c6ee885 t-m-50-50  elementor-widget elementor-widget-heading\" data-id=\"c6ee885\" data-element_type=\"widget\" data-e-type=\"widget\" data-widget_type=\"heading.default\">\n\t\t\t\t<div class=\"elementor-widget-container\">\n\t\t\t\t\t<h2 class=\"elementor-heading-title elementor-size-default\">Add a user in three simple steps<\/h2>\t\t\t\t<\/div>\n\t\t\t\t<\/div>\n\t\t\t\t<div class=\"elementor-element elementor-element-3c41e19 elementor-widget elementor-widget-mcg_steps_banner\" data-id=\"3c41e19\" data-element_type=\"widget\" data-e-type=\"widget\" data-widget_type=\"mcg_steps_banner.default\">\n\t\t\t\t<div class=\"elementor-widget-container\">\n\t\t\t\t\t<script>\n    translate_steps.text1 = \"Step 1\";\n    translate_steps.text2 = \"Sign in to your MIA BIZNES account and open the My Company section\";\n    translate_steps.text3 = \"Step 2\";\n    translate_steps.text4 = \"Add a user \u2013 the first one is free, additional ones can be purchased\";\n    translate_steps.text5 = \"Step 3\";\n    translate_steps.text6 = \"Manage tasks and team work in one place\";\n<\/script>\n<div id=\"bannerstepsuni_hype_container\" class=\"HYPE_document\" style=\"margin:auto;position:relative;width:100%;height:465px;overflow:hidden;\">  <script type=\"text\/javascript\" charset=\"utf-8\" src=\"https:\/\/miabiznes.pl\/wp-content\/uploads\/v3\/banners\/employee\/banner_steps_uni\/banner_steps_uni.hyperesources\/bannerstepsuni_hype_generated_script.js?41150\"><\/script><\/div>\t\t\t\t<\/div>\n\t\t\t\t<\/div>\n\t\t\t\t<div class=\"elementor-element elementor-element-3ea6fde4 elementor-widget elementor-widget-html\" data-id=\"3ea6fde4\" data-element_type=\"widget\" data-e-type=\"widget\" data-widget_type=\"html.default\">\n\t\t\t\t<div class=\"elementor-widget-container\">\n\t\t\t\t\t<a href=\"\/en\/\" class=\"btn-single\">Start Now<\/a>\t\t\t\t<\/div>\n\t\t\t\t<\/div>\n\t\t\t\t<div class=\"elementor-element elementor-element-4806a7e t-m-50-50  elementor-widget elementor-widget-heading\" data-id=\"4806a7e\" data-element_type=\"widget\" data-e-type=\"widget\" data-widget_type=\"heading.default\">\n\t\t\t\t<div class=\"elementor-widget-container\">\n\t\t\t\t\t<h2 class=\"elementor-heading-title elementor-size-default\">Purchase an extra user today<\/h2>\t\t\t\t<\/div>\n\t\t\t\t<\/div>\n\t\t\t\t<div class=\"elementor-element elementor-element-faece7b elementor-widget elementor-widget-shortcode\" data-id=\"faece7b\" data-element_type=\"widget\" data-e-type=\"widget\" data-widget_type=\"shortcode.default\">\n\t\t\t\t<div class=\"elementor-widget-container\">\n\t\t\t\t\t\t\t<div class=\"elementor-shortcode\"><div id=\"mcg-employee-content\" class=\"just-w-100 tab-price-page active-price\" data-price=\"7\">\n    <div class=\"employee-section\">\n       <div class=\"one-employee\">\n           <div class=\"v3-one-consult-head b-blue\">\n               <div class=\"one-consult-head-name wrap-wrap\">\n                   <p>ADDITIONAL USER<\/p>\n                   <div class=\"one-consult-label-v3\">Indefinitely<\/div>\n               <\/div>\n               <p class=\"one-consult-bottom-price\">9.99 <span class=\"small\">z\u0142.<\/span><\/p>\n           <\/div>\n           <div class=\"employee-body\">\n               <p class=\"employee-t-1\"><b class=\"text-blue\">Add your employees<\/b> and use the system together so the whole team can collaborate efficiently on one platform.<\/p>\n               <p class=\"employee-t-2\">*Up to 10 employees can be added.<\/p>\n               <a class=\"mia-btn b-blue btn-employee\" data-count=\"10\" id=\"buy-employee\">Add a user<\/a>\n           <\/div>\n       <\/div>\n<!--        <img decoding=\"async\" class=\"employee-right-img\" src=\"https:\/\/miabiznes.pl\/wp-content\/uploads\/v3\/img\/faktury\/man-min.png\">-->\n        <div class=\"banner-dynamic-island\">\n            <div id=\"dynamicislandban_hype_container\" class=\"HYPE_document\" style=\"margin:auto;position:relative;width:100%;height:100%;overflow:hidden;\">\n                <script type=\"text\/javascript\" charset=\"utf-8\" src=\"https:\/\/miabiznes.pl\/wp-content\/uploads\/v3\/banners\/dynamic_island_ban\/miabiznes\/boy\/dynamic_island_ban\/dynamic_island_ban.hyperesources\/dynamicislandban_hype_generated_script.js?74920\"><\/script>\n            <\/div>\n        <\/div>\n    <\/div>\n<!---->\n    <div class=\"mia-modal\" id=\"order-employee-modal\">\n        <div class=\"mia-modal-dialog\">\n            <div class=\"mia-modal-head\">\n                <p class=\"mi-mo-title\">Zakup pracownik\u00f3w<\/p>\n                <img decoding=\"async\" class=\"mi-mo-close\" src=\"https:\/\/miabiznes.pl\/wp-content\/uploads\/v3\/img\/signup\/cross-circle.svg\">\n            <\/div>\n            <div class=\"mia-modal-body\">\n                <div class=\"accountant-price-label\">\n                    <p class=\"apl-name\">Indefinitely<\/p>\n                    <p class=\"apl-price\"><span id=\"emp-price\">9.99<\/span> z\u0142.<\/p>\n                <\/div>\n                <div class=\"employee-calc\">\n                    <span class=\"ec-control\" data-type=\"minus\">-<\/span>\n                    <span class=\"ec-count\" id=\"employee-count\">1<\/span>\n                    <span class=\"ec-control\" data-type=\"plus\">+<\/span>\n                <\/div>\n                <div class=\"mi-mo-inputs-container mi-gap-15\">\n                    <div class=\"mia-cust-select\">\n                        <input type=\"hidden\" class=\"mcs-value\" id=\"invoicePayEmployee\" value=\"company\">\n                        <div class=\"mcs-head\">\n                            <span class=\"mcs-label\">Firma<\/span>\n                            <img decoding=\"async\" class=\"mcs-head-arrow\" src=\"https:\/\/miabiznes.pl\/wp-content\/uploads\/v3\/img\/consultation\/arrow.svg\">\n                        <\/div>\n                        <div class=\"mcs-body\">\n                            <div class=\"mcs-body-one\" data-value=\"company\">\n                                <span>Firma<\/span>\n                            <\/div>\n                            <div class=\"mcs-body-one\" data-value=\"user\">\n                                <span>Osoba fizyczna<\/span>\n                            <\/div>\n                        <\/div>\n                    <\/div>\n                    <!--   Invoice Info    -->\n                    <div class=\"mi-mo-inputs-container mi-gap-15\" id=\"employee-c-inv-block\">\n                        <input class=\"mi-mo-inp check-nip\" id=\"employee-invoice-nip\" maxlength=\"13\" value=\"\" placeholder=\"Nip\">\n                        <input class=\"mi-mo-inp\" id=\"employee-invoice-name\" maxlength=\"65\" value=\"\" placeholder=\"Nazwa firmy\">\n                        <input class=\"mi-mo-inp\" id=\"employee-invoice-address\" maxlength=\"65\" value=\"\" placeholder=\"Adres\">\n                    <\/div>\n                    <p class=\"mi-mo-text-14 none\" id=\"employee-fiz-invoice\">Do faktury zostan\u0105 u\u017cyte dane podane podczas rejestracji.<\/p>\n\n                    <div class=\"cust-root-checkbox\">\n                        <label class=\"cust-container-checkbox with-back\"><input id=\"acceptRegulaminEmployee\" type=\"checkbox\" class=\"cust-checkbox\">\n                            <span class=\"cust-checkbox-checkmark\"><\/span>\n                            <span data-translate=\"r_accept_1\">I confirm that I have reviewed and agree to the <a target=\"_blank\" href=\"\/en\/regulamin\/\">terms and conditions<\/a>.<\/span><\/label>\n                        <label class=\"cust-container-checkbox with-back  none\">\n                            <input id=\"acceptNewsEmailEmployee\" checked type=\"checkbox\" class=\"cust-checkbox\">\n                            <span class=\"cust-checkbox-checkmark\"><\/span>\n                            <span data-translate=\"r_accept_2\">Subscribe to the email newsletter<\/span><\/label>\n                        <label class=\"cust-container-checkbox with-back  none\">\n                            <input id=\"acceptNewsSmsEmployee\" checked type=\"checkbox\" class=\"cust-checkbox\">\n                            <span class=\"cust-checkbox-checkmark\"><\/span>\n                            <span data-translate=\"r_accept_3\">Subscribe to the SMS newsletter<\/span><\/label>\n                    <\/div>\n                <\/div>\n            <\/div>\n            <div class=\"mia-modal-footer\">\n                <p class=\"mia-modal-error none\"><\/p>\n                <button class=\"mia-btn mi-mo-btn need-user\" id=\"req-order-employee\" disabled>Przejd\u017a do p\u0142atno\u015bci<\/button>\n            <\/div>\n        <\/div>\n    <\/div>\n\n    <!--  Modal Unavailable  -->\n\n    <div class=\"mia-modal\" id=\"unavailable-employee\">\n        <div class=\"mia-modal-dialog\">\n            <div class=\"mia-modal-head\">\n                <p class=\"mi-mo-title\">Nie mo\u017cesz aktywowa\u0107 subskrypcji<\/p>\n                <img decoding=\"async\" class=\"mi-mo-close\" src=\"https:\/\/miabiznes.pl\/wp-content\/uploads\/v3\/img\/signup\/cross-circle.svg\">\n            <\/div>\n            <div class=\"mia-modal-body\">\n                <div class=\"mi-mo-inputs-container mi-gap-15\">\n                    <p class=\"mi-mo-text-14\">Aktywacja subskrypcji jest dost\u0119pna tylko dla g\u0142\u00f3wnego konta firmy.<\/p>\n                <\/div>\n            <\/div>\n            <div class=\"mia-modal-footer\">\n                <p class=\"mia-modal-error none\"><\/p>\n                <button class=\"mia-btn mi-mo-btn need-user\" id=\"ok-unavailable-employee\">Confirm<\/button>\n            <\/div>\n        <\/div>\n    <\/div>\n<\/div><\/div>\n\t\t\t\t\t\t<\/div>\n\t\t\t\t<\/div>\n\t\t\t\t<div class=\"elementor-element elementor-element-291fe63 t-m-50-50  elementor-widget elementor-widget-heading\" data-id=\"291fe63\" data-element_type=\"widget\" data-e-type=\"widget\" data-widget_type=\"heading.default\">\n\t\t\t\t<div class=\"elementor-widget-container\">\n\t\t\t\t\t<h3 class=\"elementor-heading-title elementor-size-default\">Why is it worth adding users to MIA BIZNES?<\/h3>\t\t\t\t<\/div>\n\t\t\t\t<\/div>\n\t\t\t\t<div class=\"elementor-element elementor-element-4851f27c elementor-widget elementor-widget-mcg_advantages\" data-id=\"4851f27c\" data-element_type=\"widget\" data-e-type=\"widget\" data-widget_type=\"mcg_advantages.default\">\n\t\t\t\t<div class=\"elementor-widget-container\">\n\t\t\t\t\t<div class=\"v3-advantages\"><div class=\"v3-one-adv\"><img decoding=\"async\" src=\"https:\/\/miabiznes.pl\/wp-content\/uploads\/2025\/08\/wsparcie.svg\" class=\"v3-one-adv-icon\" alt=\"\"><p class=\"v3-one-adv-text\">Teamwide collaboration in one system<\/p><\/div><div class=\"v3-one-adv\"><img decoding=\"async\" src=\"https:\/\/miabiznes.pl\/wp-content\/uploads\/2025\/08\/obsluga.svg\" class=\"v3-one-adv-icon\" alt=\"\"><p class=\"v3-one-adv-text\">Option to assign tasks to staff<\/p><\/div><div class=\"v3-one-adv\"><img decoding=\"async\" src=\"https:\/\/miabiznes.pl\/wp-content\/uploads\/2025\/08\/proces.svg\" class=\"v3-one-adv-icon\" alt=\"\"><p class=\"v3-one-adv-text\">The same services available as for the account holder<\/p><\/div><div class=\"v3-one-adv\"><img decoding=\"async\" src=\"https:\/\/miabiznes.pl\/wp-content\/uploads\/2025\/08\/sledzenie.svg\" class=\"v3-one-adv-icon\" alt=\"\"><p class=\"v3-one-adv-text\">Constant insight into task progress<\/p><\/div><div class=\"v3-one-adv\"><img decoding=\"async\" src=\"https:\/\/miabiznes.pl\/wp-content\/uploads\/2025\/08\/pomoc.svg\" class=\"v3-one-adv-icon\" alt=\"\"><p class=\"v3-one-adv-text\">Order and clarity in teamwork<\/p><\/div><\/div>\t\t\t\t<\/div>\n\t\t\t\t<\/div>\n\t\t\t\t\t<\/div>\n\t\t\t\t<\/div>\n\t\t\t\t<\/div>","protected":false},"excerpt":{"rendered":"<p>Dodaj pracownik\u00f3w do swojego konta i pracujcie razem Dodaj\u0105c u\u017cytkownik\u00f3w do konta, mo\u017cesz delegowa\u0107 zadania, \u015bledzi\u0107 post\u0119py i udost\u0119pnia\u0107 dost\u0119p do us\u0142ug swoim pracownikom. Pierwszy u\u017cytkownik jest bezp\u0142atny. Dzi\u0119ki temu ka\u017cdy wie, za co odpowiada, a Ty masz pe\u0142ny obraz dzia\u0142ania firmy \u2013 wszystko w jednym miejscu, bez chaosu i zb\u0119dnych wiadomo\u015bci. Rozpocznij Dodaj u\u017cytkownika [&hellip;]<\/p>\n","protected":false},"author":1,"featured_media":2624,"parent":0,"menu_order":0,"comment_status":"closed","ping_status":"closed","template":"v3-template.php","meta":{"footnotes":""},"class_list":["post-2005","page","type-page","status-publish","has-post-thumbnail","hentry"],"_links":{"self":[{"href":"https:\/\/miabiznes.pl\/en\/wp-json\/wp\/v2\/pages\/2005","targetHints":{"allow":["GET"]}}],"collection":[{"href":"https:\/\/miabiznes.pl\/en\/wp-json\/wp\/v2\/pages"}],"about":[{"href":"https:\/\/miabiznes.pl\/en\/wp-json\/wp\/v2\/types\/page"}],"author":[{"embeddable":true,"href":"https:\/\/miabiznes.pl\/en\/wp-json\/wp\/v2\/users\/1"}],"replies":[{"embeddable":true,"href":"https:\/\/miabiznes.pl\/en\/wp-json\/wp\/v2\/comments?post=2005"}],"version-history":[{"count":25,"href":"https:\/\/miabiznes.pl\/en\/wp-json\/wp\/v2\/pages\/2005\/revisions"}],"predecessor-version":[{"id":2625,"href":"https:\/\/miabiznes.pl\/en\/wp-json\/wp\/v2\/pages\/2005\/revisions\/2625"}],"wp:featuredmedia":[{"embeddable":true,"href":"https:\/\/miabiznes.pl\/en\/wp-json\/wp\/v2\/media\/2624"}],"wp:attachment":[{"href":"https:\/\/miabiznes.pl\/en\/wp-json\/wp\/v2\/media?parent=2005"}],"curies":[{"name":"wp","href":"https:\/\/api.w.org\/{rel}","templated":true}]}}