{"id":1994,"date":"2025-08-12T10:49:25","date_gmt":"2025-08-12T08:49:25","guid":{"rendered":"https:\/\/miabiznes.pl\/?page_id=1994"},"modified":"2025-11-13T02:14:56","modified_gmt":"2025-11-13T01:14:56","slug":"my-accountant","status":"publish","type":"page","link":"https:\/\/miabiznes.pl\/en\/my-accountant\/","title":{"rendered":"External accountant"},"content":{"rendered":"<div data-elementor-type=\"wp-page\" data-elementor-id=\"1994\" class=\"elementor elementor-1994\">\n\t\t\t\t<div class=\"elementor-element elementor-element-48426d21 e-flex e-con-boxed e-con e-parent\" data-id=\"48426d21\" data-element_type=\"container\" data-e-type=\"container\">\n\t\t\t\t\t<div class=\"e-con-inner\">\n\t\t\t\t<div class=\"elementor-element elementor-element-69036839 elementor-widget elementor-widget-mcg_universal_banner\" data-id=\"69036839\" data-element_type=\"widget\" data-e-type=\"widget\" data-widget_type=\"mcg_universal_banner.default\">\n\t\t\t\t<div class=\"elementor-widget-container\">\n\t\t\t\t\t<script>\ntranslate_universal.text1 = \"YOUR ACCOUNTANT\";\ntranslate_universal.text1_1 = \"STAY IN TOUCH WITH YOUR ACCOUNTANT EVERY DAY\";\ntranslate_universal.text2 = \"INVOICE SHARING\";\ntranslate_universal.text2_1 = \"YOUR ACCOUNTANT HAS REAL-TIME ACCESS TO YOUR INVOICES\";\ntranslate_universal.text3 = \"TASKS FOR THE ACCOUNTANT\";\ntranslate_universal.text3_1 = \"CREATE TASKS DIRECTLY IN THE SYSTEM\";\ntranslate_universal.btn = \"Add an accountant\";\n<\/script>\n<div class=\"banner-container\">  <div id=\"mainbanuni_hype_container\" class=\"HYPE_document\" style=\"margin:auto;position:relative;width:100%;height:100%;overflow:hidden;\">      <script type=\"text\/javascript\" charset=\"utf-8\" src=\"https:\/\/miabiznes.pl\/wp-content\/uploads\/v3\/banners\/accountant\/main_ban_uni\/main_ban_uni.hyperesources\/mainbanuni_hype_generated_script.js?86239\"><\/script>  <\/div><\/div>\t\t\t\t<\/div>\n\t\t\t\t<\/div>\n\t\t\t\t<div class=\"elementor-element elementor-element-114fa459 t-m-0-50 elementor-widget elementor-widget-heading\" data-id=\"114fa459\" data-element_type=\"widget\" data-e-type=\"widget\" data-widget_type=\"heading.default\">\n\t\t\t\t<div class=\"elementor-widget-container\">\n\t\t\t\t\t<h1 class=\"elementor-heading-title elementor-size-default\">Add an external accountant<\/h1>\t\t\t\t<\/div>\n\t\t\t\t<\/div>\n\t\t\t\t<div class=\"elementor-element elementor-element-23f2eb34 elementor-widget elementor-widget-text-editor\" data-id=\"23f2eb34\" data-element_type=\"widget\" data-e-type=\"widget\" data-widget_type=\"text-editor.default\">\n\t\t\t\t<div class=\"elementor-widget-container\">\n\t\t\t\t\t\t\t\t\t<p style=\"text-align: center;\"> Connect your accountant to your account and provide access to invoices and assignments.<\/p>\n<p style=\"text-align: center;\">The accountant has access only to what\u2019s necessary, and you stay in full control \u2013 without emails, files, or switching systems. Smooth collaboration with your accountant all in one platform.<\/p>\t\t\t\t\t\t\t\t<\/div>\n\t\t\t\t<\/div>\n\t\t\t\t<div class=\"elementor-element elementor-element-6852f93 elementor-widget elementor-widget-html\" data-id=\"6852f93\" data-element_type=\"widget\" data-e-type=\"widget\" data-widget_type=\"html.default\">\n\t\t\t\t<div class=\"elementor-widget-container\">\n\t\t\t\t\t<a href=\"\/en\/\" class=\"btn-single\">Start now<\/a>\t\t\t\t<\/div>\n\t\t\t\t<\/div>\n\t\t\t\t<div class=\"elementor-element elementor-element-1f7baf03 t-m-50-50  elementor-widget elementor-widget-heading\" data-id=\"1f7baf03\" data-element_type=\"widget\" data-e-type=\"widget\" data-widget_type=\"heading.default\">\n\t\t\t\t<div class=\"elementor-widget-container\">\n\t\t\t\t\t<h2 class=\"elementor-heading-title elementor-size-default\">Add an accountant in three simple steps<\/h2>\t\t\t\t<\/div>\n\t\t\t\t<\/div>\n\t\t\t\t<div class=\"elementor-element elementor-element-21a78bf3 elementor-widget elementor-widget-mcg_steps_banner\" data-id=\"21a78bf3\" data-element_type=\"widget\" data-e-type=\"widget\" data-widget_type=\"mcg_steps_banner.default\">\n\t\t\t\t<div class=\"elementor-widget-container\">\n\t\t\t\t\t<script>\n    translate_steps.text1 = \"Step 1\";\n    translate_steps.text2 = \"Sign in to your MIA BIZNES account and open the \u201cMy Accountant\u201d section\";\n    translate_steps.text3 = \"Step 2\";\n    translate_steps.text4 = \"Fill out the form and provide your accountant\u2019s details\";\n    translate_steps.text5 = \"Step 3\";\n    translate_steps.text6 = \"Manage tasks and invoices with your accountant\";\n<\/script>\n<div id=\"bannerstepsuni_hype_container\" class=\"HYPE_document\" style=\"margin:auto;position:relative;width:100%;height:465px;overflow:hidden;\">  <script type=\"text\/javascript\" charset=\"utf-8\" src=\"https:\/\/miabiznes.pl\/wp-content\/uploads\/v3\/banners\/accountant\/banner_steps_uni\/banner_steps_uni.hyperesources\/bannerstepsuni_hype_generated_script.js?41150\"><\/script><\/div>\t\t\t\t<\/div>\n\t\t\t\t<\/div>\n\t\t\t\t<div class=\"elementor-element elementor-element-46791c0a elementor-widget elementor-widget-html\" data-id=\"46791c0a\" data-element_type=\"widget\" data-e-type=\"widget\" data-widget_type=\"html.default\">\n\t\t\t\t<div class=\"elementor-widget-container\">\n\t\t\t\t\t<a href=\"\/en\/\" class=\"btn-single\">Start Now<\/a>\t\t\t\t<\/div>\n\t\t\t\t<\/div>\n\t\t\t\t<div class=\"elementor-element elementor-element-38d8584b t-m-50-50  elementor-widget elementor-widget-heading\" data-id=\"38d8584b\" data-element_type=\"widget\" data-e-type=\"widget\" data-widget_type=\"heading.default\">\n\t\t\t\t<div class=\"elementor-widget-container\">\n\t\t\t\t\t<h3 class=\"elementor-heading-title elementor-size-default\">Add your accountant today<\/h3>\t\t\t\t<\/div>\n\t\t\t\t<\/div>\n\t\t\t\t<div class=\"elementor-element elementor-element-6996dd4 elementor-widget elementor-widget-shortcode\" data-id=\"6996dd4\" data-element_type=\"widget\" data-e-type=\"widget\" data-widget_type=\"shortcode.default\">\n\t\t\t\t<div class=\"elementor-widget-container\">\n\t\t\t\t\t\t\t<div class=\"elementor-shortcode\"><div id=\"mcg-accountant-content\" class=\"just-w-100 tab-price-page active-price\" data-price=\"8\">\n    <div class=\"accountant-section\">\n        <div class=\"one-accountant\">\n            <div class=\"v3-one-consult-head b-blue\">\n                <div class=\"one-consult-head-name\">\n                    <p>MY ACCOUNTANT<\/p>\n                    <div class=\"one-consult-label-v3\">Subscription<\/div>\n                <\/div>\n                <p class=\"one-consult-bottom-price\">49.99 <span class=\"small\">z\u0142.<\/span><\/p>\n            <\/div>\n            <div class=\"accountant-body\">\n                <p class=\"accountant-t-1\"><b class=\"text-blue\">Full control, flexible cooperation.<\/b><br>\n                    Share invoices and delegate tasks to your accountant \u2014 all in one system.<\/p>\n                <button class=\"mia-btn b-blue btn-accountant\" data-uid=\"\" id=\"buy-accountant\">Connect your accountant<\/button>\n            <\/div>\n        <\/div>\n       <div class=\"banner-dynamic-island\">\n<div id=\"dynamicislandban_hype_container\" class=\"HYPE_document\" style=\"margin:auto;position:relative;width:100%;height:100%;overflow:hidden;\">\n<script type=\"text\/javascript\" charset=\"utf-8\" src=\"https:\/\/miabiznes.pl\/wp-content\/uploads\/v3\/banners\/dynamic_island_ban\/miabiznes\/girl\/dynamic_island_ban\/dynamic_island_ban.hyperesources\/dynamicislandban_hype_generated_script.js?74920\"><\/script>\n\t<\/div>\n<\/div>\n    <\/div>\n\n    <!--Modal order-->\n    <script src=\"https:\/\/secure.payu.com\/res\/v2\/openpayu-2.1.js\"><\/script>\n    <script src=\"https:\/\/secure.payu.com\/res\/v2\/plugin-token-2.1.js\"><\/script>\n\n    <div class=\"mia-modal\" id=\"order-accountant-step-1\">\n        <div class=\"mia-modal-dialog\">\n            <div class=\"mia-modal-head\">\n                <p class=\"mi-mo-title\">Dodaj swojego ksi\u0119gowego<\/p>\n                <img decoding=\"async\" class=\"mi-mo-close\" src=\"https:\/\/miabiznes.pl\/wp-content\/uploads\/v3\/img\/signup\/cross-circle.svg\">\n            <\/div>\n            <div class=\"mia-modal-body\">\n                <div class=\"accountant-price-label\">\n                    <p class=\"apl-name\">Subscription<\/p>\n                    <p class=\"apl-price\">49.99 z\u0142.<\/p>\n                <\/div>\n                <div class=\"mi-mo-inputs-container mi-gap-15\">\n                    <input class=\"mi-mo-inp check-nip\" id=\"accountant-nip\" maxlength=\"35\" placeholder=\"Wpisz NIP swojego ksi\u0119gowego\">\n                <\/div>\n            <\/div>\n            <div class=\"mia-modal-footer\">\n                <p class=\"mia-modal-error none\"><\/p>\n                <button class=\"mia-btn mi-mo-btn need-user\" id=\"req-accountant-step-1\" disabled>Potwierd\u017a<\/button>\n            <\/div>\n        <\/div>\n    <\/div>\n<!--    -->\n    <div class=\"mia-modal\" id=\"order-accountant-step-2\">\n        <div class=\"mia-modal-dialog\">\n            <div class=\"mia-modal-head\">\n                <p class=\"mi-mo-title\">Sprawd\u017a dane swojego ksi\u0119gowego<\/p>\n                <img decoding=\"async\" class=\"mi-mo-close\" src=\"https:\/\/miabiznes.pl\/wp-content\/uploads\/v3\/img\/signup\/cross-circle.svg\">\n            <\/div>\n            <div class=\"mia-modal-body\">\n                <div class=\"mi-mo-inputs-container mi-gap-15\">\n                    <p class=\"mi-mo-text-14\">Je\u017celi dane Twojego ksi\u0119gowego nie s\u0105 poprawne, sprawd\u017a wprowadzony przez siebie numer NIP.<\/p>\n                    <input class=\"mi-mo-inp\" disabled id=\"accountant-c-name\" maxlength=\"65\" placeholder=\"Nazwa firmy\">\n                    <input class=\"mi-mo-inp\" disabled id=\"accountant-c-address\" maxlength=\"65\" placeholder=\"Adres\">\n                    <input class=\"mi-mo-inp\" disabled id=\"accountant-c-regon\" maxlength=\"65\" placeholder=\"Regon\">\n                <\/div>\n            <\/div>\n            <div class=\"payu-label\">\n                <img decoding=\"async\" class=\"payu-logo\" src=\"https:\/\/miabiznes.pl\/wp-content\/uploads\/v3\/img\/payments\/payu.png\">\n                <div class=\"pl-payments-logo\">\n                    <img decoding=\"async\" src=\"https:\/\/miabiznes.pl\/wp-content\/uploads\/v3\/img\/payments\/viza.png\">\n                    <img decoding=\"async\" src=\"https:\/\/miabiznes.pl\/wp-content\/uploads\/v3\/img\/payments\/mc.png\">\n                <\/div>\n            <\/div>\n            <div class=\"mia-modal-body\">\n                <div class=\"mi-mo-inputs-container mi-gap-15\">\n                    <script type=\"text\/javascript\" src=\"https:\/\/secure.payu.com\/javascript\/sdk\"><\/script>\n                    <div class=\"form-payu-card\">\n                        <div class=\"payu-card-form\" id=\"acc-payu-card-number\"><\/div>\n                        <div class=\"fpc-two-col\">\n                            <div class=\"payu-card-form\" id=\"acc-payu-card-date\"><\/div>\n                            <div class=\"payu-card-form\" id=\"acc-payu-card-cvv\"><\/div>\n                        <\/div>\n                    <\/div>\n                    <p class=\"mi-mo-title\">Rodzaj faktury<\/p>\n                    <div class=\"mia-cust-select\">\n                        <input type=\"hidden\" class=\"mcs-value\" id=\"accountantPayTypeInv\" value=\"company\">\n                        <div class=\"mcs-head\">\n                            <span class=\"mcs-label\">Firma<\/span>\n                            <img decoding=\"async\" class=\"mcs-head-arrow\" src=\"https:\/\/miabiznes.pl\/wp-content\/uploads\/v3\/img\/consultation\/arrow.svg\">\n                        <\/div>\n                        <div class=\"mcs-body\">\n                            <div class=\"mcs-body-one\" data-value=\"company\">\n                                <span>Firma<\/span>\n                            <\/div>\n                            <div class=\"mcs-body-one\" data-value=\"user\">\n                                <span>Osoba fizyczna<\/span>\n                            <\/div>\n                        <\/div>\n                    <\/div>\n                    <!--   Invoice Info    -->\n                    <div class=\"mi-mo-inputs-container mi-gap-15\" id=\"accountant-c-inv-block\">\n                        <input class=\"mi-mo-inp check-nip\" id=\"accountant-invoice-nip\" value=\"\" maxlength=\"13\" placeholder=\"Nip\">\n                        <input class=\"mi-mo-inp\" id=\"accountant-invoice-name\" maxlength=\"65\" value=\"\" placeholder=\"Nazwa firmy\">\n                        <input class=\"mi-mo-inp\" id=\"accountant-invoice-address\" maxlength=\"65\" value=\"\" placeholder=\"Adres\">\n                    <\/div>\n                    <p class=\"mi-mo-text-14 none\" id=\"accountant-fiz-invoice\">Do faktury zostan\u0105 u\u017cyte dane podane podczas rejestracji.<\/p>\n\n                    <div class=\"cust-root-checkbox\">\n                        <label class=\"cust-container-checkbox with-back\"><input id=\"acceptRegulaminAccountant\" type=\"checkbox\" class=\"cust-checkbox\">\n                            <span class=\"cust-checkbox-checkmark\"><\/span>\n                            <span data-translate=\"r_accept_1\">I confirm that I have reviewed and agree to the <a target=\"_blank\" href=\"\/en\/regulamin\/\">terms and conditions<\/a>.<\/span><\/label>\n                        <label class=\"cust-container-checkbox with-back  none\">\n                            <input id=\"acceptNewsEmailAccountant\"  checked type=\"checkbox\" class=\"cust-checkbox\">\n                            <span class=\"cust-checkbox-checkmark\"><\/span>\n                            <span data-translate=\"r_accept_2\">Subscribe to the email newsletter<\/span><\/label>\n                        <label class=\"cust-container-checkbox with-back  none\">\n                            <input id=\"acceptNewsSmsAccountant\"  checked type=\"checkbox\" class=\"cust-checkbox\">\n                            <span class=\"cust-checkbox-checkmark\"><\/span>\n                            <span data-translate=\"r_accept_3\">Subscribe to the SMS newsletter<\/span><\/label>\n                    <\/div>\n                <\/div>\n            <\/div>\n            <div class=\"mia-modal-footer\">\n                <p class=\"mia-modal-error none\"><\/p>\n                <button class=\"mia-btn mi-mo-btn\" disabled id=\"req-accountant-step-2\">Przejd\u017a do p\u0142atno\u015bci<\/button>\n            <\/div>\n        <\/div>\n    <\/div>\n\n    <!--  Modal Unavailable  -->\n\n    <div class=\"mia-modal\" id=\"unavailable-accountant\">\n        <div class=\"mia-modal-dialog\">\n            <div class=\"mia-modal-head\">\n                <p class=\"mi-mo-title\">Nie mo\u017cesz aktywowa\u0107 subskrypcji<\/p>\n                <img decoding=\"async\" class=\"mi-mo-close\" src=\"https:\/\/miabiznes.pl\/wp-content\/uploads\/v3\/img\/signup\/cross-circle.svg\">\n            <\/div>\n            <div class=\"mia-modal-body\">\n                <div class=\"mi-mo-inputs-container mi-gap-15\">\n                    <p class=\"mi-mo-text-14\">Us\u0142uga jest dost\u0119pna tylko dla u\u017cytkownik\u00f3w, kt\u00f3rzy nie s\u0105 klientami MIA CONSULT GROUP.<\/p>\n                <\/div>\n            <\/div>\n            <div class=\"mia-modal-footer\">\n                <p class=\"mia-modal-error none\"><\/p>\n                <button class=\"mia-btn mi-mo-btn need-user\" id=\"ok-unavailable-accountant\">Confirm<\/button>\n            <\/div>\n        <\/div>\n    <\/div>\n\n    <!--  Modal Unsubscribe  -->\n\n    <div class=\"mia-modal\" id=\"unsubscribe-accountant\">\n        <div class=\"mia-modal-dialog\">\n            <div class=\"mia-modal-head\">\n                <p class=\"mi-mo-title\">Chcesz anulowa\u0107 swoj\u0105 subskrypcj\u0119 <\/p>\n                <img decoding=\"async\" class=\"mi-mo-close\" src=\"https:\/\/miabiznes.pl\/wp-content\/uploads\/v3\/img\/signup\/cross-circle.svg\">\n            <\/div>\n            <div class=\"mia-modal-body\">\n                <div class=\"mi-mo-inputs-container mi-gap-15\">\n                    <p class=\"mi-mo-text-14\">W przypadku rezygnacji z subskrypcji pakiet us\u0142ug zostanie nieodwo\u0142alnie\n                        wy\u0142\u0105czony.<\/p>\n                    <p class=\"mi-mo-text-14\">Czy potwierdzasz rezygnacj\u0119 z subskrypcji?<\/p>\n                <\/div>\n            <\/div>\n            <div class=\"mia-modal-footer\">\n                <p class=\"mia-modal-error none\"><\/p>\n                <button class=\"mia-btn mi-mo-btn need-user\" id=\"req-unsubscribe-accountant\">Potwierd\u017a<\/button>\n            <\/div>\n        <\/div>\n    <\/div>\n<\/div><\/div>\n\t\t\t\t\t\t<\/div>\n\t\t\t\t<\/div>\n\t\t\t\t<div class=\"elementor-element elementor-element-35ce66d t-m-50-50  elementor-widget elementor-widget-heading\" data-id=\"35ce66d\" data-element_type=\"widget\" data-e-type=\"widget\" data-widget_type=\"heading.default\">\n\t\t\t\t<div class=\"elementor-widget-container\">\n\t\t\t\t\t<h3 class=\"elementor-heading-title elementor-size-default\">Why is it worth using the My Accountant feature?<\/h3>\t\t\t\t<\/div>\n\t\t\t\t<\/div>\n\t\t\t\t<div class=\"elementor-element elementor-element-d3e5556 elementor-widget elementor-widget-mcg_advantages\" data-id=\"d3e5556\" data-element_type=\"widget\" data-e-type=\"widget\" data-widget_type=\"mcg_advantages.default\">\n\t\t\t\t<div class=\"elementor-widget-container\">\n\t\t\t\t\t<div class=\"v3-advantages\"><div class=\"v3-one-adv\"><img decoding=\"async\" src=\"https:\/\/miabiznes.pl\/wp-content\/uploads\/2025\/08\/wsparcie.svg\" class=\"v3-one-adv-icon\" alt=\"\"><p class=\"v3-one-adv-text\">Ability to connect your personal accountant<\/p><\/div><div class=\"v3-one-adv\"><img decoding=\"async\" src=\"https:\/\/miabiznes.pl\/wp-content\/uploads\/2025\/08\/zalaczniki.svg\" class=\"v3-one-adv-icon\" alt=\"\"><p class=\"v3-one-adv-text\">Sharing invoices without sending files or emails<\/p><\/div><div class=\"v3-one-adv\"><img decoding=\"async\" src=\"https:\/\/miabiznes.pl\/wp-content\/uploads\/2025\/08\/proces.svg\" class=\"v3-one-adv-icon\" alt=\"\"><p class=\"v3-one-adv-text\">Secure access only to essential data<\/p><\/div><div class=\"v3-one-adv\"><img decoding=\"async\" src=\"https:\/\/miabiznes.pl\/wp-content\/uploads\/2025\/08\/obsluga.svg\" class=\"v3-one-adv-icon\" alt=\"\"><p class=\"v3-one-adv-text\">Creating tasks for the accountant in the service<\/p><\/div><div class=\"v3-one-adv\"><img decoding=\"async\" src=\"https:\/\/miabiznes.pl\/wp-content\/uploads\/2025\/08\/audio-wideo.svg\" class=\"v3-one-adv-icon\" alt=\"\"><p class=\"v3-one-adv-text\">Convenient collaboration without leaving the platform<\/p><\/div><div class=\"v3-one-adv\"><img decoding=\"async\" src=\"https:\/\/miabiznes.pl\/wp-content\/uploads\/2025\/08\/pomoc.svg\" class=\"v3-one-adv-icon\" alt=\"\"><p class=\"v3-one-adv-text\">Save time and keep your documents more organized<\/p><\/div><\/div>\t\t\t\t<\/div>\n\t\t\t\t<\/div>\n\t\t\t\t\t<\/div>\n\t\t\t\t<\/div>\n\t\t\t\t<\/div>","protected":false},"excerpt":{"rendered":"<p>Dodaj zewn\u0119trznego ksi\u0119gowego Dodaj swojego ksi\u0119gowego do konta i zapewnij mu dost\u0119p do faktur oraz zada\u0144. Tw\u00f3j ksi\u0119gowy widzi tylko to, co potrzebne do obs\u0142ugi, a Ty masz wszystko pod kontrol\u0105 \u2013 bez maili, bez plik\u00f3w i bez wychodzenia z systemu. Wygodna wsp\u00f3\u0142praca z ksi\u0119gowym w jednym miejscu. Rozpocznij Dodaj ksi\u0119gowego w trzech prostych krokach [&hellip;]<\/p>\n","protected":false},"author":1,"featured_media":0,"parent":0,"menu_order":0,"comment_status":"closed","ping_status":"closed","template":"v3-template.php","meta":{"footnotes":""},"class_list":["post-1994","page","type-page","status-publish","hentry"],"_links":{"self":[{"href":"https:\/\/miabiznes.pl\/en\/wp-json\/wp\/v2\/pages\/1994","targetHints":{"allow":["GET"]}}],"collection":[{"href":"https:\/\/miabiznes.pl\/en\/wp-json\/wp\/v2\/pages"}],"about":[{"href":"https:\/\/miabiznes.pl\/en\/wp-json\/wp\/v2\/types\/page"}],"author":[{"embeddable":true,"href":"https:\/\/miabiznes.pl\/en\/wp-json\/wp\/v2\/users\/1"}],"replies":[{"embeddable":true,"href":"https:\/\/miabiznes.pl\/en\/wp-json\/wp\/v2\/comments?post=1994"}],"version-history":[{"count":46,"href":"https:\/\/miabiznes.pl\/en\/wp-json\/wp\/v2\/pages\/1994\/revisions"}],"predecessor-version":[{"id":2656,"href":"https:\/\/miabiznes.pl\/en\/wp-json\/wp\/v2\/pages\/1994\/revisions\/2656"}],"wp:attachment":[{"href":"https:\/\/miabiznes.pl\/en\/wp-json\/wp\/v2\/media?parent=1994"}],"curies":[{"name":"wp","href":"https:\/\/api.w.org\/{rel}","templated":true}]}}