{"id":1962,"date":"2025-08-12T01:27:36","date_gmt":"2025-08-11T23:27:36","guid":{"rendered":"https:\/\/miabiznes.pl\/?page_id=1962"},"modified":"2025-11-13T02:13:02","modified_gmt":"2025-11-13T01:13:02","slug":"task-company","status":"publish","type":"page","link":"https:\/\/miabiznes.pl\/en\/task-company\/","title":{"rendered":"Company tasks"},"content":{"rendered":"<div data-elementor-type=\"wp-page\" data-elementor-id=\"1962\" class=\"elementor elementor-1962\">\n\t\t\t\t<div class=\"elementor-element elementor-element-43d17f3b e-flex e-con-boxed e-con e-parent\" data-id=\"43d17f3b\" data-element_type=\"container\" data-e-type=\"container\">\n\t\t\t\t\t<div class=\"e-con-inner\">\n\t\t\t\t<div class=\"elementor-element elementor-element-45dd1c5b elementor-widget elementor-widget-mcg_universal_banner\" data-id=\"45dd1c5b\" data-element_type=\"widget\" data-e-type=\"widget\" data-widget_type=\"mcg_universal_banner.default\">\n\t\t\t\t<div class=\"elementor-widget-container\">\n\t\t\t\t\t<script>\ntranslate_universal.text1 = \"COMPANY TASKS\";\ntranslate_universal.text1_1 = \"SET UP, DELEGATE, AND MONITOR TEAM TASKS ONLINE FOR FREE\";\ntranslate_universal.text2 = \"SIMPLE TASK SYSTEM\";\ntranslate_universal.text2_1 = \"ALL COMPANY MATTERS IN ONE PLACE\";\ntranslate_universal.text3 = \"TEAMWORK ORGANIZATION\";\ntranslate_universal.text3_1 = \"DEADLINES AND TASK STATUSES \u2013 EVERYTHING UNDER CONTROL\";\ntranslate_universal.btn = \"Try for free\";\n<\/script>\n<div class=\"banner-container page-task-company\">  <div id=\"mainbanuni_hype_container\" class=\"HYPE_document\" style=\"margin:auto;position:relative;width:100%;height:100%;overflow:hidden;\">      <script type=\"text\/javascript\" charset=\"utf-8\" src=\"https:\/\/miabiznes.pl\/wp-content\/uploads\/v3\/banners\/task_company\/main_ban_uni\/main_ban_uni.hyperesources\/mainbanuni_hype_generated_script.js?86239\"><\/script>  <\/div><\/div>\t\t\t\t<\/div>\n\t\t\t\t<\/div>\n\t\t\t\t<div class=\"elementor-element elementor-element-615a6109 t-m-0-50 elementor-widget elementor-widget-heading\" data-id=\"615a6109\" data-element_type=\"widget\" data-e-type=\"widget\" data-widget_type=\"heading.default\">\n\t\t\t\t<div class=\"elementor-widget-container\">\n\t\t\t\t\t<h1 class=\"elementor-heading-title elementor-size-default\">Company tasks in MIA BIZNES - complete control<\/h1>\t\t\t\t<\/div>\n\t\t\t\t<\/div>\n\t\t\t\t<div class=\"elementor-element elementor-element-51356d58 elementor-widget elementor-widget-text-editor\" data-id=\"51356d58\" data-element_type=\"widget\" data-e-type=\"widget\" data-widget_type=\"text-editor.default\">\n\t\t\t\t<div class=\"elementor-widget-container\">\n\t\t\t\t\t\t\t\t\t<p style=\"text-align: center;\">Manage company tasks simply and transparently. Create tasks, assign them to employees, set deadlines, and track progress - all in one place, without unnecessary emails and notes.\nWith the \"Company Tasks\" module, you gain control, order, and better team organization every day.<\/p>\n<p style=\"text-align: center;\">The \"Company Tasks\" module is free for all MIA BIZNES users.<\/p>\t\t\t\t\t\t\t\t<\/div>\n\t\t\t\t<\/div>\n\t\t\t\t<div class=\"elementor-element elementor-element-4707b7cc elementor-widget elementor-widget-html\" data-id=\"4707b7cc\" data-element_type=\"widget\" data-e-type=\"widget\" data-widget_type=\"html.default\">\n\t\t\t\t<div class=\"elementor-widget-container\">\n\t\t\t\t\t<a class=\"btn-single btn-go-company-task\" data-type=\"info-task-company\">Start now<\/a>\t\t\t\t<\/div>\n\t\t\t\t<\/div>\n\t\t\t\t<div class=\"elementor-element elementor-element-3038bac5 t-m-50-50  elementor-widget elementor-widget-heading\" data-id=\"3038bac5\" data-element_type=\"widget\" data-e-type=\"widget\" data-widget_type=\"heading.default\">\n\t\t\t\t<div class=\"elementor-widget-container\">\n\t\t\t\t\t<h2 class=\"elementor-heading-title elementor-size-default\">Manage company tasks in three simple steps<\/h2>\t\t\t\t<\/div>\n\t\t\t\t<\/div>\n\t\t\t\t<div class=\"elementor-element elementor-element-4f0902d3 elementor-widget elementor-widget-mcg_steps_banner\" data-id=\"4f0902d3\" data-element_type=\"widget\" data-e-type=\"widget\" data-widget_type=\"mcg_steps_banner.default\">\n\t\t\t\t<div class=\"elementor-widget-container\">\n\t\t\t\t\t<script>\n    translate_steps.text1 = \"Step 1\";\n    translate_steps.text2 = \"Create the first task: specify what to do and define the due date.\";\n    translate_steps.text3 = \"Step 2\";\n    translate_steps.text4 = \"Choose the person responsible for completing your task.\";\n    translate_steps.text5 = \"Step 3\";\n    translate_steps.text6 = \"Check status, comment, and close completed tasks.\";\n<\/script>\n<div id=\"bannerstepsuni_hype_container\" class=\"HYPE_document\" style=\"margin:auto;position:relative;width:100%;height:465px;overflow:hidden;\">  <script type=\"text\/javascript\" charset=\"utf-8\" src=\"https:\/\/miabiznes.pl\/wp-content\/uploads\/v3\/banners\/task_company\/banner_steps_uni\/banner_steps_uni.hyperesources\/bannerstepsuni_hype_generated_script.js?41150\"><\/script><\/div>\t\t\t\t<\/div>\n\t\t\t\t<\/div>\n\t\t\t\t<div class=\"elementor-element elementor-element-738747df elementor-widget elementor-widget-html\" data-id=\"738747df\" data-element_type=\"widget\" data-e-type=\"widget\" data-widget_type=\"html.default\">\n\t\t\t\t<div class=\"elementor-widget-container\">\n\t\t\t\t\t<a class=\"btn-single btn-go-company-task\" data-type=\"info-task-company\">Start Now<\/a>\t\t\t\t<\/div>\n\t\t\t\t<\/div>\n\t\t\t\t<div class=\"elementor-element elementor-element-2aa286dd t-m-50-50  elementor-widget elementor-widget-heading\" data-id=\"2aa286dd\" data-element_type=\"widget\" data-e-type=\"widget\" data-widget_type=\"heading.default\">\n\t\t\t\t<div class=\"elementor-widget-container\">\n\t\t\t\t\t<h3 class=\"elementor-heading-title elementor-size-default\">Why Use Company Tasks?<\/h3>\t\t\t\t<\/div>\n\t\t\t\t<\/div>\n\t\t\t\t<div class=\"elementor-element elementor-element-6e921093 elementor-widget elementor-widget-mcg_advantages\" data-id=\"6e921093\" data-element_type=\"widget\" data-e-type=\"widget\" data-widget_type=\"mcg_advantages.default\">\n\t\t\t\t<div class=\"elementor-widget-container\">\n\t\t\t\t\t<div class=\"v3-advantages\"><div class=\"v3-one-adv\"><img decoding=\"async\" src=\"https:\/\/miabiznes.pl\/wp-content\/uploads\/2025\/08\/pomoc.svg\" class=\"v3-one-adv-icon\" alt=\"\"><p class=\"v3-one-adv-text\">Better daily work organization<\/p><\/div><div class=\"v3-one-adv\"><img decoding=\"async\" src=\"https:\/\/miabiznes.pl\/wp-content\/uploads\/2025\/08\/podzial.svg\" class=\"v3-one-adv-icon\" alt=\"\"><p class=\"v3-one-adv-text\">Clear division of team responsibilities<\/p><\/div><div class=\"v3-one-adv\"><img decoding=\"async\" src=\"https:\/\/miabiznes.pl\/wp-content\/uploads\/2025\/08\/proces.svg\" class=\"v3-one-adv-icon\" alt=\"\"><p class=\"v3-one-adv-text\">Constant insight into task progress<\/p><\/div><div class=\"v3-one-adv\"><img decoding=\"async\" src=\"https:\/\/miabiznes.pl\/wp-content\/uploads\/2025\/08\/konsultacja.svg\" class=\"v3-one-adv-icon\" alt=\"\"><p class=\"v3-one-adv-text\">Ability to comment and update statuses<\/p><\/div><div class=\"v3-one-adv\"><img decoding=\"async\" src=\"https:\/\/miabiznes.pl\/wp-content\/uploads\/2025\/08\/miesto.svg\" class=\"v3-one-adv-icon\" alt=\"\"><p class=\"v3-one-adv-text\">All tasks in one, clear location<\/p><\/div><div class=\"v3-one-adv\"><img decoding=\"async\" src=\"https:\/\/miabiznes.pl\/wp-content\/uploads\/2025\/08\/wsparcie.svg\" class=\"v3-one-adv-icon\" alt=\"\"><p class=\"v3-one-adv-text\">Quick task assignment to specific people<\/p><\/div><div class=\"v3-one-adv\"><img decoding=\"async\" src=\"https:\/\/miabiznes.pl\/wp-content\/uploads\/2025\/08\/za-darmo.svg\" class=\"v3-one-adv-icon\" alt=\"\"><p class=\"v3-one-adv-text\">Service available free for all users<\/p><\/div><\/div>\t\t\t\t<\/div>\n\t\t\t\t<\/div>\n\t\t\t\t\t<\/div>\n\t\t\t\t<\/div>\n\t\t\t\t<\/div>","protected":false},"excerpt":{"rendered":"<p>Zadania firmy w MIA BIZNES &#8211; wszystko pod kontrol\u0105 Zarz\u0105dzaj zadaniami w firmie w prosty i przejrzysty spos\u00f3b. Tw\u00f3rz zadania, przypisuj je pracownikom, ustalaj terminy i \u015bled\u017a post\u0119py \u2013 wszystko w jednym miejscu, bez zb\u0119dnych e-maili i notatek. Dzi\u0119ki modu\u0142owi \u201eZadania firmy\u201d zyskujesz kontrol\u0119, porz\u0105dek i lepsz\u0105 organizacj\u0119 pracy zespo\u0142u ka\u017cdego dnia. Modu\u0142 \u201eZadania firmy\u201d [&hellip;]<\/p>\n","protected":false},"author":1,"featured_media":2642,"parent":0,"menu_order":0,"comment_status":"closed","ping_status":"closed","template":"v3-template.php","meta":{"footnotes":""},"class_list":["post-1962","page","type-page","status-publish","has-post-thumbnail","hentry"],"_links":{"self":[{"href":"https:\/\/miabiznes.pl\/en\/wp-json\/wp\/v2\/pages\/1962","targetHints":{"allow":["GET"]}}],"collection":[{"href":"https:\/\/miabiznes.pl\/en\/wp-json\/wp\/v2\/pages"}],"about":[{"href":"https:\/\/miabiznes.pl\/en\/wp-json\/wp\/v2\/types\/page"}],"author":[{"embeddable":true,"href":"https:\/\/miabiznes.pl\/en\/wp-json\/wp\/v2\/users\/1"}],"replies":[{"embeddable":true,"href":"https:\/\/miabiznes.pl\/en\/wp-json\/wp\/v2\/comments?post=1962"}],"version-history":[{"count":48,"href":"https:\/\/miabiznes.pl\/en\/wp-json\/wp\/v2\/pages\/1962\/revisions"}],"predecessor-version":[{"id":2643,"href":"https:\/\/miabiznes.pl\/en\/wp-json\/wp\/v2\/pages\/1962\/revisions\/2643"}],"wp:featuredmedia":[{"embeddable":true,"href":"https:\/\/miabiznes.pl\/en\/wp-json\/wp\/v2\/media\/2642"}],"wp:attachment":[{"href":"https:\/\/miabiznes.pl\/en\/wp-json\/wp\/v2\/media?parent=1962"}],"curies":[{"name":"wp","href":"https:\/\/api.w.org\/{rel}","templated":true}]}}