{"id":1939,"date":"2025-08-12T01:11:13","date_gmt":"2025-08-11T23:11:13","guid":{"rendered":"https:\/\/miabiznes.pl\/?page_id=1939"},"modified":"2025-11-13T02:14:22","modified_gmt":"2025-11-13T01:14:22","slug":"task-accountant","status":"publish","type":"page","link":"https:\/\/miabiznes.pl\/en\/task-accountant\/","title":{"rendered":"Tasks for the accountant*"},"content":{"rendered":"<div data-elementor-type=\"wp-page\" data-elementor-id=\"1939\" class=\"elementor elementor-1939\">\n\t\t\t\t<div class=\"elementor-element elementor-element-65802865 e-flex e-con-boxed e-con e-parent\" data-id=\"65802865\" data-element_type=\"container\" data-e-type=\"container\">\n\t\t\t\t\t<div class=\"e-con-inner\">\n\t\t\t\t<div class=\"elementor-element elementor-element-503c3f0 elementor-widget elementor-widget-mcg_universal_banner\" data-id=\"503c3f0\" data-element_type=\"widget\" data-e-type=\"widget\" data-widget_type=\"mcg_universal_banner.default\">\n\t\t\t\t<div class=\"elementor-widget-container\">\n\t\t\t\t\t<script>\ntranslate_universal.text1 = \"SET UP A TASK IN SECONDS\";\ntranslate_universal.text1_1 = \"CREATE AND TRACK TASKS FOR THE ACCOUNTANT ONLINE\";\ntranslate_universal.text2 = \"CONVENIENT INTERACTION\";\ntranslate_universal.text2_1 = \"ALL YOUR COMPANY MATTERS IN ONE PLACE\";\ntranslate_universal.text3 = \"YOUR ONLINE ACCOUNTANT\";\ntranslate_universal.text3_1 = \"TASK DEADLINES AND STATUSES \u2013 ALL UNDER CONTROL\";\ntranslate_universal.btn = \"Try for free\";\n<\/script>\n<div class=\"banner-container page-task-accountant\">  <div id=\"mainbanuni_hype_container\" class=\"HYPE_document\" style=\"margin:auto;position:relative;width:100%;height:100%;overflow:hidden;\">      <script type=\"text\/javascript\" charset=\"utf-8\" src=\"https:\/\/miabiznes.pl\/wp-content\/uploads\/v3\/banners\/task_accountant\/main_ban_uni\/main_ban_uni.hyperesources\/mainbanuni_hype_generated_script.js?86239\"><\/script>  <\/div><\/div>\t\t\t\t<\/div>\n\t\t\t\t<\/div>\n\t\t\t\t<div class=\"elementor-element elementor-element-7de45513 t-m-0-50 elementor-widget elementor-widget-heading\" data-id=\"7de45513\" data-element_type=\"widget\" data-e-type=\"widget\" data-widget_type=\"heading.default\">\n\t\t\t\t<div class=\"elementor-widget-container\">\n\t\t\t\t\t<h1 class=\"elementor-heading-title elementor-size-default\">Tasks for the accountant without emails or calls<\/h1>\t\t\t\t<\/div>\n\t\t\t\t<\/div>\n\t\t\t\t<div class=\"elementor-element elementor-element-7d26d998 elementor-widget elementor-widget-text-editor\" data-id=\"7d26d998\" data-element_type=\"widget\" data-e-type=\"widget\" data-widget_type=\"text-editor.default\">\n\t\t\t\t<div class=\"elementor-widget-container\">\n\t\t\t\t\t\t\t\t\t<p style=\"text-align: center;\"><strong>NOTICE! The \" Accountant Tasks \" service is exclusively available for clients with an active accounting service agreement with MIA CONSULT GROUP SP. Z O.O. <\/strong><\/p>\n<p style=\"text-align: center;\"> This feature is included in Faktury M and Faktury L packages and enables direct task assignment to your accountant without using emails or phone calls. Simply add a task, and your MIA CONSULT GROUP accountant will receive it immediately with complete details.<\/p>\n<p style=\"text-align: center;\">Save time, have everything in one place, and always know the status of your business task.<\/p>\t\t\t\t\t\t\t\t<\/div>\n\t\t\t\t<\/div>\n\t\t\t\t<div class=\"elementor-element elementor-element-587a1f97 elementor-widget elementor-widget-html\" data-id=\"587a1f97\" data-element_type=\"widget\" data-e-type=\"widget\" data-widget_type=\"html.default\">\n\t\t\t\t<div class=\"elementor-widget-container\">\n\t\t\t\t\t<a href=\"https:\/\/miabiznes.pl\/en\/v3-invoice\/\" class=\"btn-single\" data-type=\"info-task-accountant\">Show invoicing plans<\/a>\t\t\t\t<\/div>\n\t\t\t\t<\/div>\n\t\t\t\t<div class=\"elementor-element elementor-element-6a848f6b t-m-50-50  elementor-widget elementor-widget-heading\" data-id=\"6a848f6b\" data-element_type=\"widget\" data-e-type=\"widget\" data-widget_type=\"heading.default\">\n\t\t\t\t<div class=\"elementor-widget-container\">\n\t\t\t\t\t<h2 class=\"elementor-heading-title elementor-size-default\">Tasks for the accountant in three simple steps<\/h2>\t\t\t\t<\/div>\n\t\t\t\t<\/div>\n\t\t\t\t<div class=\"elementor-element elementor-element-57f18ac4 elementor-widget elementor-widget-mcg_steps_banner\" data-id=\"57f18ac4\" data-element_type=\"widget\" data-e-type=\"widget\" data-widget_type=\"mcg_steps_banner.default\">\n\t\t\t\t<div class=\"elementor-widget-container\">\n\t\t\t\t\t<script>\n    translate_steps.text1 = \"Step 1\";\n    translate_steps.text2 = \"Sign up in MIA BIZNES\";\n    translate_steps.text3 = \"Step 2\";\n    translate_steps.text4 = \"Activate invoicing plan M or L\";\n    translate_steps.text5 = \"Step 3\";\n    translate_steps.text6 = \"Describe the task, attach files, and track progress.\";\n<\/script>\n<div id=\"bannerstepsuni_hype_container\" class=\"HYPE_document\" style=\"margin:auto;position:relative;width:100%;height:465px;overflow:hidden;\">  <script type=\"text\/javascript\" charset=\"utf-8\" src=\"https:\/\/miabiznes.pl\/wp-content\/uploads\/v3\/banners\/task_accountant\/banner_steps_uni\/banner_steps_uni.hyperesources\/bannerstepsuni_hype_generated_script.js?41150\"><\/script><\/div>\t\t\t\t<\/div>\n\t\t\t\t<\/div>\n\t\t\t\t<div class=\"elementor-element elementor-element-4a2e73ad elementor-widget elementor-widget-html\" data-id=\"4a2e73ad\" data-element_type=\"widget\" data-e-type=\"widget\" data-widget_type=\"html.default\">\n\t\t\t\t<div class=\"elementor-widget-container\">\n\t\t\t\t\t<button class=\"btn-single btn-show-info-modal\" data-type=\"info-task-accountant\">Start Now<\/button>\t\t\t\t<\/div>\n\t\t\t\t<\/div>\n\t\t\t\t<div class=\"elementor-element elementor-element-7b136acd t-m-50-50  elementor-widget elementor-widget-heading\" data-id=\"7b136acd\" data-element_type=\"widget\" data-e-type=\"widget\" data-widget_type=\"heading.default\">\n\t\t\t\t<div class=\"elementor-widget-container\">\n\t\t\t\t\t<h3 class=\"elementor-heading-title elementor-size-default\">Why is it worth using the \u201cTasks for the Accountant\u201d feature?<\/h3>\t\t\t\t<\/div>\n\t\t\t\t<\/div>\n\t\t\t\t<div class=\"elementor-element elementor-element-5e02ac29 elementor-widget elementor-widget-mcg_advantages\" data-id=\"5e02ac29\" data-element_type=\"widget\" data-e-type=\"widget\" data-widget_type=\"mcg_advantages.default\">\n\t\t\t\t<div class=\"elementor-widget-container\">\n\t\t\t\t\t<div class=\"v3-advantages\"><div class=\"v3-one-adv\"><img decoding=\"async\" src=\"https:\/\/miabiznes.pl\/wp-content\/uploads\/2025\/08\/pomoc.svg\" class=\"v3-one-adv-icon\" alt=\"\"><p class=\"v3-one-adv-text\">Set tasks without calls or emails<\/p><\/div><div class=\"v3-one-adv\"><img decoding=\"async\" src=\"https:\/\/miabiznes.pl\/wp-content\/uploads\/2025\/08\/pomoc-1.svg\" class=\"v3-one-adv-icon\" alt=\"\"><p class=\"v3-one-adv-text\">All information is delivered straight to your accountant<\/p><\/div><div class=\"v3-one-adv\"><img decoding=\"async\" src=\"https:\/\/miabiznes.pl\/wp-content\/uploads\/2025\/08\/zalaczniki.svg\" class=\"v3-one-adv-icon\" alt=\"\"><p class=\"v3-one-adv-text\">Detailed description and all attachments in one place<\/p><\/div><div class=\"v3-one-adv\"><img decoding=\"async\" src=\"https:\/\/miabiznes.pl\/wp-content\/uploads\/2025\/08\/proces.svg\" class=\"v3-one-adv-icon\" alt=\"\"><p class=\"v3-one-adv-text\">You can always separate the task completion status<\/p><\/div><div class=\"v3-one-adv\"><img decoding=\"async\" src=\"https:\/\/miabiznes.pl\/wp-content\/uploads\/2025\/08\/porzadek.svg\" class=\"v3-one-adv-icon\" alt=\"\"><p class=\"v3-one-adv-text\">Convenient tracking and task history in the service<\/p><\/div><div class=\"v3-one-adv\"><img decoding=\"async\" src=\"https:\/\/miabiznes.pl\/wp-content\/uploads\/2025\/08\/szybki-kontakt.svg\" class=\"v3-one-adv-icon\" alt=\"\"><p class=\"v3-one-adv-text\">You save time \u2013 everything is done directly from the one service<\/p><\/div><\/div>\t\t\t\t<\/div>\n\t\t\t\t<\/div>\n\t\t\t\t\t<\/div>\n\t\t\t\t<\/div>\n\t\t<div class=\"elementor-element elementor-element-7cfb96f e-flex e-con-boxed e-con e-parent\" data-id=\"7cfb96f\" data-element_type=\"container\" data-e-type=\"container\">\n\t\t\t\t\t<div class=\"e-con-inner\">\n\t\t\t\t<div class=\"elementor-element elementor-element-efb78d4 elementor-widget elementor-widget-html\" data-id=\"efb78d4\" data-element_type=\"widget\" data-e-type=\"widget\" data-widget_type=\"html.default\">\n\t\t\t\t<div class=\"elementor-widget-container\">\n\t\t\t\t\t<div class=\"mia-modal\" id=\"info-task-accountant\">\n<div class=\"mia-modal-dialog\">\n<div class=\"mia-modal-head\">\n<p class=\"mi-mo-title\">Nie mo\u017cesz aktywowa\u0107 subskrypcji<\/p>\n<img decoding=\"async\" class=\"mi-mo-close\" src=\"https:\/\/miabiznes.pl\/wp-content\/uploads\/v3\/img\/signup\/cross-circle.svg\">\n<\/div>\n<div class=\"mia-modal-body\">\n<div class=\"mi-mo-inputs-container mi-gap-15\">\n<p class=\"mi-mo-text-14\">Aktywacja subskrypcji jest dost\u0119pna tylko dla g\u0142\u00f3wnego konta firmy.<\/p>\n<\/div>\n<\/div>\n<div class=\"mia-modal-footer\">\n<p class=\"mia-modal-error none\"><\/p>\n<button class=\"mia-btn mi-mo-btn mi-mo-close\">Confirm<\/button>\n<\/div>\n<\/div>\n<\/div>\t\t\t\t<\/div>\n\t\t\t\t<\/div>\n\t\t\t\t\t<\/div>\n\t\t\t\t<\/div>\n\t\t\t\t<\/div>","protected":false},"excerpt":{"rendered":"<p>Zadania dla ksi\u0119gowego bez e-maili i telefon\u00f3w UWAGA! Us\u0142uga \u201eZadania dla ksi\u0119gowego\u201d dost\u0119pna jest wy\u0142\u0105cznie dla klient\u00f3w, kt\u00f3rzy posiadaj\u0105 aktywn\u0105 umow\u0119 na obs\u0142ug\u0119 ksi\u0119gow\u0105 z firm\u0105 MIA CONSULT GROUP Sp. z o.o. Funkcja jest cz\u0119\u015bci\u0105 pakiet\u00f3w Faktury M oraz Faktury L i umo\u017cliwia bezpo\u015brednie przekazywanie zada\u0144 ksi\u0119gowemu bez u\u017cycia maili czy telefonu.Wystarczy doda\u0107 zadanie, a [&hellip;]<\/p>\n","protected":false},"author":1,"featured_media":2644,"parent":0,"menu_order":0,"comment_status":"closed","ping_status":"closed","template":"v3-template.php","meta":{"footnotes":""},"class_list":["post-1939","page","type-page","status-publish","has-post-thumbnail","hentry"],"_links":{"self":[{"href":"https:\/\/miabiznes.pl\/en\/wp-json\/wp\/v2\/pages\/1939","targetHints":{"allow":["GET"]}}],"collection":[{"href":"https:\/\/miabiznes.pl\/en\/wp-json\/wp\/v2\/pages"}],"about":[{"href":"https:\/\/miabiznes.pl\/en\/wp-json\/wp\/v2\/types\/page"}],"author":[{"embeddable":true,"href":"https:\/\/miabiznes.pl\/en\/wp-json\/wp\/v2\/users\/1"}],"replies":[{"embeddable":true,"href":"https:\/\/miabiznes.pl\/en\/wp-json\/wp\/v2\/comments?post=1939"}],"version-history":[{"count":66,"href":"https:\/\/miabiznes.pl\/en\/wp-json\/wp\/v2\/pages\/1939\/revisions"}],"predecessor-version":[{"id":2645,"href":"https:\/\/miabiznes.pl\/en\/wp-json\/wp\/v2\/pages\/1939\/revisions\/2645"}],"wp:featuredmedia":[{"embeddable":true,"href":"https:\/\/miabiznes.pl\/en\/wp-json\/wp\/v2\/media\/2644"}],"wp:attachment":[{"href":"https:\/\/miabiznes.pl\/en\/wp-json\/wp\/v2\/media?parent=1939"}],"curies":[{"name":"wp","href":"https:\/\/api.w.org\/{rel}","templated":true}]}}