{"id":1801,"date":"2025-08-11T21:38:08","date_gmt":"2025-08-11T19:38:08","guid":{"rendered":"https:\/\/miabiznes.pl\/?page_id=1801"},"modified":"2025-11-13T02:10:37","modified_gmt":"2025-11-13T01:10:37","slug":"mialegal","status":"publish","type":"page","link":"https:\/\/miabiznes.pl\/en\/mialegal\/","title":{"rendered":"MIA LEGAL"},"content":{"rendered":"<div data-elementor-type=\"wp-page\" data-elementor-id=\"1801\" class=\"elementor elementor-1801\">\n\t\t\t\t<div class=\"elementor-element elementor-element-5855329d e-flex e-con-boxed e-con e-parent\" data-id=\"5855329d\" data-element_type=\"container\" data-e-type=\"container\">\n\t\t\t\t\t<div class=\"e-con-inner\">\n\t\t\t\t<div class=\"elementor-element elementor-element-ef1c95c elementor-widget elementor-widget-mcg_universal_banner\" data-id=\"ef1c95c\" data-element_type=\"widget\" data-e-type=\"widget\" data-widget_type=\"mcg_universal_banner.default\">\n\t\t\t\t<div class=\"elementor-widget-container\">\n\t\t\t\t\t<script>\ntranslate_universal.text1 = \"RESIDENCE PERMIT IN POLAND\";\ntranslate_universal.text1_1 = \"WE HELP IN OBTAINING A RESIDENCE PERMIT\";\ntranslate_universal.text2 = \"EXPERT ASSISTANCE\";\ntranslate_universal.text2_1 = \"WE HANDLE FORMALITIES LEGALLY AND STRESS-FREE\";\ntranslate_universal.text3 = \"CLEAR COOPERATION\";\ntranslate_universal.text3_1 = \"TRACK EVERY STAGE OF YOUR CASE IN THE SERVICE\";\ntranslate_universal.btn = \"Start now\";\n<\/script>\n<div class=\"banner-container\">  <div id=\"mainbanuni_hype_container\" class=\"HYPE_document\" style=\"margin:auto;position:relative;width:100%;height:100%;overflow:hidden;\">      <script type=\"text\/javascript\" charset=\"utf-8\" src=\"https:\/\/miabiznes.pl\/wp-content\/uploads\/v3\/banners\/mialegal\/main_ban_uni\/main_ban_uni.hyperesources\/mainbanuni_hype_generated_script.js?86239\"><\/script>  <\/div><\/div>\t\t\t\t<\/div>\n\t\t\t\t<\/div>\n\t\t\t\t<div class=\"elementor-element elementor-element-4214f397 t-m-0-50 elementor-widget elementor-widget-heading\" data-id=\"4214f397\" data-element_type=\"widget\" data-e-type=\"widget\" data-widget_type=\"heading.default\">\n\t\t\t\t<div class=\"elementor-widget-container\">\n\t\t\t\t\t<h1 class=\"elementor-heading-title elementor-size-default\">MIA LEGAL \u2013 full support for the legalization of stay process in Poland<\/h1>\t\t\t\t<\/div>\n\t\t\t\t<\/div>\n\t\t\t\t<div class=\"elementor-element elementor-element-1f734d79 elementor-widget elementor-widget-text-editor\" data-id=\"1f734d79\" data-element_type=\"widget\" data-e-type=\"widget\" data-widget_type=\"text-editor.default\">\n\t\t\t\t<div class=\"elementor-widget-container\">\n\t\t\t\t\t\t\t\t\t<p style=\"text-align: center;\">Planning to stay in Poland longer? We help you obtain a residence permit based on work, business activity, studies, or family reunification.<\/p><p style=\"text-align: center;\"><strong>We make the process legal, stress-free, and without long lines.<\/strong><\/p><p style=\"text-align: center;\">Clear process, straightforward terms, and full tracking of each step in the service.<\/p>\t\t\t\t\t\t\t\t<\/div>\n\t\t\t\t<\/div>\n\t\t\t\t<div class=\"elementor-element elementor-element-1fb98d5a elementor-widget elementor-widget-html\" data-id=\"1fb98d5a\" data-element_type=\"widget\" data-e-type=\"widget\" data-widget_type=\"html.default\">\n\t\t\t\t<div class=\"elementor-widget-container\">\n\t\t\t\t\t<button class=\"btn-single btn-to-price-page\">Get a service<\/button>\t\t\t\t<\/div>\n\t\t\t\t<\/div>\n\t\t\t\t<div class=\"elementor-element elementor-element-31beeef5 t-m-50-50  elementor-widget elementor-widget-heading\" data-id=\"31beeef5\" data-element_type=\"widget\" data-e-type=\"widget\" data-widget_type=\"heading.default\">\n\t\t\t\t<div class=\"elementor-widget-container\">\n\t\t\t\t\t<h2 class=\"elementor-heading-title elementor-size-default\">Start the legalization of stay in three simple steps<\/h2>\t\t\t\t<\/div>\n\t\t\t\t<\/div>\n\t\t\t\t<div class=\"elementor-element elementor-element-4922c7e elementor-widget elementor-widget-mcg_steps_banner\" data-id=\"4922c7e\" data-element_type=\"widget\" data-e-type=\"widget\" data-widget_type=\"mcg_steps_banner.default\">\n\t\t\t\t<div class=\"elementor-widget-container\">\n\t\t\t\t\t<script>\n    translate_steps.text1 = \"Step 1\";\n    translate_steps.text2 = \"Complete the online form and enter essential details\";\n    translate_steps.text3 = \"Step 2\";\n    translate_steps.text4 = \"Take advantage of a consultation and find the best solution\";\n    translate_steps.text5 = \"Step 3\";\n    translate_steps.text6 = \"Assign the matter to us and we\u2019ll take care of the paperwork\";\n<\/script>\n<div id=\"bannerstepsuni_hype_container\" class=\"HYPE_document\" style=\"margin:auto;position:relative;width:100%;height:465px;overflow:hidden;\">  <script type=\"text\/javascript\" charset=\"utf-8\" src=\"https:\/\/miabiznes.pl\/wp-content\/uploads\/v3\/banners\/mialegal\/banner_steps_uni\/banner_steps_uni.hyperesources\/bannerstepsuni_hype_generated_script.js?41150\"><\/script><\/div>\t\t\t\t<\/div>\n\t\t\t\t<\/div>\n\t\t\t\t<div class=\"elementor-element elementor-element-b4717bf elementor-widget elementor-widget-html\" data-id=\"b4717bf\" data-element_type=\"widget\" data-e-type=\"widget\" data-widget_type=\"html.default\">\n\t\t\t\t<div class=\"elementor-widget-container\">\n\t\t\t\t\t<button class=\"btn-single btn-to-price-page\">Start Now<\/button>\t\t\t\t<\/div>\n\t\t\t\t<\/div>\n\t\t\t\t<div class=\"elementor-element elementor-element-1ddf0ec6 t-m-50-50  elementor-widget elementor-widget-heading\" data-id=\"1ddf0ec6\" data-element_type=\"widget\" data-e-type=\"widget\" data-widget_type=\"heading.default\">\n\t\t\t\t<div class=\"elementor-widget-container\">\n\t\t\t\t\t<h3 class=\"elementor-heading-title elementor-size-default\">Choose your MIA LEGAL package<\/h3>\t\t\t\t<\/div>\n\t\t\t\t<\/div>\n\t\t\t\t<div class=\"elementor-element elementor-element-54b5392a elementor-widget elementor-widget-shortcode\" data-id=\"54b5392a\" data-element_type=\"widget\" data-e-type=\"widget\" data-widget_type=\"shortcode.default\">\n\t\t\t\t<div class=\"elementor-widget-container\">\n\t\t\t\t\t\t\t<div class=\"elementor-shortcode\"><div id=\"mcg-mialegal-content\" class=\"just-w-100 tab-price-page active-price\" data-price=\"6\">\n    <div class=\"loading-tab-price active-load\">\n        <div class=\"spinner-load-tab-price\"><\/div>\n    <\/div>\n    <div class=\"mialegal-section-swiper swiper-container\">\n        <div class=\"swiper-wrapper\">\n            <div class=\"swiper-slide\">\n                <div class=\"one-mialegal\">\n                    <div class=\"v3-one-consult-head b-blue\">\n                        <div class=\"one-consult-head-name\">\n                            <p>LIMITED ASSISTANCE<\/p>\n                        <\/div>\n                        <p class=\"one-consult-bottom-price\">1500 z\u0142. <\/p>\n                    <\/div>\n                    <div class=\"one-mialegal-body\">\n                        <p class=\"text-blue\">Each additional family member \u2013 50%<\/p>\n                        <p class=\"text-blue\">Children up to 6 years old applying with the main applicant \u2013 FREE<\/p>\n                        <p><b>Consultation:<\/b><br>\n                            Case review, assessment of application grounds, and delivery of a checklist to gather the necessary documents.<\/p>\n                        <p>\n                           <b>Verification of the document package:<\/b>\n                            Filling in\/assistance with completing documents\n                        <\/p>\n                        <p><b>Booking an appointment to submit the application<\/b><\/p>\n                    <\/div>\n                    <div class=\"one-consult-bottom\">\n                        <button class=\"mia-btn btn-order-mialegal b-blue\" data-type=\"half\">Choose<\/button>\n                    <\/div>\n                <\/div>\n            <\/div>\n\n            <div class=\"swiper-slide\">\n                <div class=\"one-mialegal\">\n                    <div class=\"v3-one-consult-head b-orange\">\n                        <div class=\"one-consult-head-name\">\n                            <p>FULL ASSISTANCE<\/p>\n                        <\/div>\n                        <p class=\"one-consult-bottom-price\">3000 z\u0142. <\/p>\n                    <\/div>\n                    <div class=\"one-mialegal-body\">\n                        <p class=\"text-orange\">Each additional family member \u2013 50%<\/p>\n                        <p class=\"text-orange\">Children up to 6 years old applying with the main applicant \u2013 FREE<\/p>\n                        <p>CONTAINS PACKAGE <b>LIMITED ASSISTANCE<\/b><\/p>\n                        <p>Assistance during document submission<\/p>\n                        <p>Full support throughout the process until obtaining the residence card.<\/p>\n                    <\/div>\n                    <div class=\"one-consult-bottom\">\n                        <button class=\"mia-btn btn-order-mialegal b-orange\" data-type=\"full\">Choose<\/button>\n                    <\/div>\n                <\/div>\n            <\/div>\n\n        <\/div>\n\n        <div class=\"swiper-pagination\" id=\"mialegal-pagination\"><\/div>\n    <\/div>\n\n    <!--Modal order-->\n\n    <div class=\"mia-modal\" id=\"order-mialegal\">\n        <div class=\"mia-modal-dialog\">\n            <div class=\"mia-modal-head\">\n                <p class=\"mi-mo-title\">Wniosek o legalizacj\u0119<\/p>\n                <img decoding=\"async\" class=\"mi-mo-close\" src=\"https:\/\/miabiznes.pl\/wp-content\/uploads\/v3\/img\/signup\/cross-circle.svg\">\n            <\/div>\n            <div class=\"mia-modal-body\">\n                <div class=\"mi-mo-inputs-container mi-gap-15\">\n                    <input class=\"mi-mo-inp\" id=\"mialegal-name\" maxlength=\"35\" value=\"\" placeholder=\"Imi\u0119 i Nazwisko\">\n                    <input class=\"mi-mo-inp phone-control\" id=\"mialegal-phone\" value=\"\" maxlength=\"15\" placeholder=\"Telefon\">\n                    <input class=\"mi-mo-inp\" id=\"mialegal-email\" maxlength=\"35\" value=\"\" placeholder=\"E-mail\">\n                <\/div>\n            <\/div>\n            <div class=\"mia-modal-footer\">\n                <p class=\"mia-modal-error none\"><\/p>\n                <button class=\"mia-btn mi-mo-btn\" id=\"req-order-mialegal\">Send<\/button>\n            <\/div>\n        <\/div>\n    <\/div>\n<\/div><\/div>\n\t\t\t\t\t\t<\/div>\n\t\t\t\t<\/div>\n\t\t\t\t<div class=\"elementor-element elementor-element-589bca74 t-m-50-50  elementor-widget elementor-widget-heading\" data-id=\"589bca74\" data-element_type=\"widget\" data-e-type=\"widget\" data-widget_type=\"heading.default\">\n\t\t\t\t<div class=\"elementor-widget-container\">\n\t\t\t\t\t<h3 class=\"elementor-heading-title elementor-size-default\">Why is it worth using MIA LEGAL?<\/h3>\t\t\t\t<\/div>\n\t\t\t\t<\/div>\n\t\t\t\t<div class=\"elementor-element elementor-element-f99a2f1 elementor-widget elementor-widget-mcg_advantages\" data-id=\"f99a2f1\" data-element_type=\"widget\" data-e-type=\"widget\" data-widget_type=\"mcg_advantages.default\">\n\t\t\t\t<div class=\"elementor-widget-container\">\n\t\t\t\t\t<div class=\"v3-advantages\"><div class=\"v3-one-adv\"><img decoding=\"async\" src=\"https:\/\/miabiznes.pl\/wp-content\/uploads\/2025\/08\/pomoc-1.svg\" class=\"v3-one-adv-icon\" alt=\"\"><p class=\"v3-one-adv-text\">Assistance in obtaining a residence card and permits<\/p><\/div><div class=\"v3-one-adv\"><img decoding=\"async\" src=\"https:\/\/miabiznes.pl\/wp-content\/uploads\/2025\/08\/obsluga.svg\" class=\"v3-one-adv-icon\" alt=\"\"><p class=\"v3-one-adv-text\">Support for various grounds of legalization (work, business, family)<\/p><\/div><div class=\"v3-one-adv\"><img decoding=\"async\" src=\"https:\/\/miabiznes.pl\/wp-content\/uploads\/2025\/08\/proces.svg\" class=\"v3-one-adv-icon\" alt=\"\"><p class=\"v3-one-adv-text\">Clear process and straightforward terms of collaboration<\/p><\/div><div class=\"v3-one-adv\"><img decoding=\"async\" src=\"https:\/\/miabiznes.pl\/wp-content\/uploads\/2025\/08\/sledzenie.svg\" class=\"v3-one-adv-icon\" alt=\"\"><p class=\"v3-one-adv-text\">Ability to track the case at every stage<\/p><\/div><div class=\"v3-one-adv\"><img decoding=\"async\" src=\"https:\/\/miabiznes.pl\/wp-content\/uploads\/2025\/08\/miesto.svg\" class=\"v3-one-adv-icon\" alt=\"\"><p class=\"v3-one-adv-text\">Professional support in one place<\/p><\/div><div class=\"v3-one-adv\"><img decoding=\"async\" src=\"https:\/\/miabiznes.pl\/wp-content\/uploads\/2025\/08\/cudzoziemcy.svg\" class=\"v3-one-adv-icon\" alt=\"\"><p class=\"v3-one-adv-text\">Extensive experience with clients from various countries<\/p><\/div><div class=\"v3-one-adv\"><img decoding=\"async\" src=\"https:\/\/miabiznes.pl\/wp-content\/uploads\/2025\/08\/pomoc.svg\" class=\"v3-one-adv-icon\" alt=\"\"><p class=\"v3-one-adv-text\">Personalized approach to every case<\/p><\/div><\/div>\t\t\t\t<\/div>\n\t\t\t\t<\/div>\n\t\t\t\t\t<\/div>\n\t\t\t\t<\/div>\n\t\t\t\t<\/div>","protected":false},"excerpt":{"rendered":"<p>MIA LEGAL \u2013 kompleksowa obs\u0142uga legalizacji w Polsce Planujesz zosta\u0107 w Polsce na d\u0142u\u017cej? Pomagamy w uzyskaniu karty pobytu w Polsce na r\u00f3\u017cnych podstawach \u2013 m.in. praca, dzia\u0142alno\u015b\u0107 gospodarcza, studia czy pobyt z rodzin\u0105. Z nami za\u0142atwisz formalno\u015bci legalnie, bez stresu i zb\u0119dnych kolejek. Przejrzysty proces, jasne zasady i mo\u017cliwo\u015b\u0107 \u015bledzenia ka\u017cdego etapu sprawy w [&hellip;]<\/p>\n","protected":false},"author":1,"featured_media":2634,"parent":0,"menu_order":0,"comment_status":"closed","ping_status":"closed","template":"v3-template.php","meta":{"footnotes":""},"class_list":["post-1801","page","type-page","status-publish","has-post-thumbnail","hentry"],"_links":{"self":[{"href":"https:\/\/miabiznes.pl\/en\/wp-json\/wp\/v2\/pages\/1801","targetHints":{"allow":["GET"]}}],"collection":[{"href":"https:\/\/miabiznes.pl\/en\/wp-json\/wp\/v2\/pages"}],"about":[{"href":"https:\/\/miabiznes.pl\/en\/wp-json\/wp\/v2\/types\/page"}],"author":[{"embeddable":true,"href":"https:\/\/miabiznes.pl\/en\/wp-json\/wp\/v2\/users\/1"}],"replies":[{"embeddable":true,"href":"https:\/\/miabiznes.pl\/en\/wp-json\/wp\/v2\/comments?post=1801"}],"version-history":[{"count":37,"href":"https:\/\/miabiznes.pl\/en\/wp-json\/wp\/v2\/pages\/1801\/revisions"}],"predecessor-version":[{"id":2635,"href":"https:\/\/miabiznes.pl\/en\/wp-json\/wp\/v2\/pages\/1801\/revisions\/2635"}],"wp:featuredmedia":[{"embeddable":true,"href":"https:\/\/miabiznes.pl\/en\/wp-json\/wp\/v2\/media\/2634"}],"wp:attachment":[{"href":"https:\/\/miabiznes.pl\/en\/wp-json\/wp\/v2\/media?parent=1801"}],"curies":[{"name":"wp","href":"https:\/\/api.w.org\/{rel}","templated":true}]}}