{"id":1726,"date":"2025-08-09T15:10:34","date_gmt":"2025-08-09T13:10:34","guid":{"rendered":"https:\/\/miabiznes.pl\/?page_id=1726"},"modified":"2025-11-13T02:06:14","modified_gmt":"2025-11-13T01:06:14","slug":"chat-consultation","status":"publish","type":"page","link":"https:\/\/miabiznes.pl\/en\/chat-consultation\/","title":{"rendered":"Chat-mode consultations"},"content":{"rendered":"<div data-elementor-type=\"wp-page\" data-elementor-id=\"1726\" class=\"elementor elementor-1726\">\n\t\t\t\t<div class=\"elementor-element elementor-element-61e517dd e-flex e-con-boxed e-con e-parent\" data-id=\"61e517dd\" data-element_type=\"container\" data-e-type=\"container\">\n\t\t\t\t\t<div class=\"e-con-inner\">\n\t\t\t\t<div class=\"elementor-element elementor-element-b6984df elementor-widget elementor-widget-mcg_universal_banner\" data-id=\"b6984df\" data-element_type=\"widget\" data-e-type=\"widget\" data-widget_type=\"mcg_universal_banner.default\">\n\t\t\t\t<div class=\"elementor-widget-container\">\n\t\t\t\t\t<script>\ntranslate_universal.text1 = \"CONSULTATIONS VIA CHAT\";\ntranslate_universal.text1_1 = \"CONSULTATIONS WHEN YOU NEED THEM\";\ntranslate_universal.text2 = \"QUICK RESPONSE\";\ntranslate_universal.text2_1 = \"ASK A QUESTION AND GET AN ANSWER WITHOUT WAITING\";\ntranslate_universal.text3 = \"FLEXIBLE SERVICE PACKAGES\\u2028\";\ntranslate_universal.text3_1 = \"SELECT A SERVICE PACKAGE TAILORED TO YOUR COMPANY'S NEEDS\";\ntranslate_universal.btn = \"Start the consultation\";\n<\/script>\n<div class=\"banner-container\">  <div id=\"mainbanuni_hype_container\" class=\"HYPE_document\" style=\"margin:auto;position:relative;width:100%;height:100%;overflow:hidden;\">      <script type=\"text\/javascript\" charset=\"utf-8\" src=\"https:\/\/miabiznes.pl\/wp-content\/uploads\/v3\/banners\/consultation_chat\/main_ban_uni\/main_ban_uni.hyperesources\/mainbanuni_hype_generated_script.js?86239\"><\/script>  <\/div><\/div>\t\t\t\t<\/div>\n\t\t\t\t<\/div>\n\t\t\t\t<div class=\"elementor-element elementor-element-1e944e82 t-m-0-50 elementor-widget elementor-widget-heading\" data-id=\"1e944e82\" data-element_type=\"widget\" data-e-type=\"widget\" data-widget_type=\"heading.default\">\n\t\t\t\t<div class=\"elementor-widget-container\">\n\t\t\t\t\t<h1 class=\"elementor-heading-title elementor-size-default\">Accounting consultations in chat mode<\/h1>\t\t\t\t<\/div>\n\t\t\t\t<\/div>\n\t\t\t\t<div class=\"elementor-element elementor-element-66799dbc elementor-widget elementor-widget-text-editor\" data-id=\"66799dbc\" data-element_type=\"widget\" data-e-type=\"widget\" data-widget_type=\"text-editor.default\">\n\t\t\t\t<div class=\"elementor-widget-container\">\n\t\t\t\t\t\t\t\t\t<p style=\"text-align: center;\">Have questions about accounting, HR, or current business matters in Poland?<\/p>\n<p style=\"text-align: center;\">Use our knowledge and experience \u2013 we provide advice on accounting, settlements, and employer duties in chat mode. We reply promptly \u2013 consultations are held the same day within working hours.<\/p>\n<p style=\"text-align: center;\">Contact us for professional help without unnecessary waiting!<\/p>\t\t\t\t\t\t\t\t<\/div>\n\t\t\t\t<\/div>\n\t\t\t\t<div class=\"elementor-element elementor-element-9a6664c elementor-widget elementor-widget-html\" data-id=\"9a6664c\" data-element_type=\"widget\" data-e-type=\"widget\" data-widget_type=\"html.default\">\n\t\t\t\t<div class=\"elementor-widget-container\">\n\t\t\t\t\t<button class=\"btn-single btn-to-price-page\">Ask an Accountant<\/button>\t\t\t\t<\/div>\n\t\t\t\t<\/div>\n\t\t\t\t<div class=\"elementor-element elementor-element-2c2495d0 t-m-50-50  elementor-widget elementor-widget-heading\" data-id=\"2c2495d0\" data-element_type=\"widget\" data-e-type=\"widget\" data-widget_type=\"heading.default\">\n\t\t\t\t<div class=\"elementor-widget-container\">\n\t\t\t\t\t<h2 class=\"elementor-heading-title elementor-size-default\">Accounting consultations in three easy steps<\/h2>\t\t\t\t<\/div>\n\t\t\t\t<\/div>\n\t\t\t\t<div class=\"elementor-element elementor-element-aad7b4a elementor-widget elementor-widget-mcg_steps_banner\" data-id=\"aad7b4a\" data-element_type=\"widget\" data-e-type=\"widget\" data-widget_type=\"mcg_steps_banner.default\">\n\t\t\t\t<div class=\"elementor-widget-container\">\n\t\t\t\t\t<script>\n    translate_steps.text1 = \"Step 1\";\n    translate_steps.text2 = \"Sign up in MIA BIZNES\";\n    translate_steps.text3 = \"Step 2\";\n    translate_steps.text4 = \"Select the package\";\n    translate_steps.text5 = \"Step 3\";\n    translate_steps.text6 = \"Join the chat with the accountant\";\n<\/script>\n<div id=\"bannerstepsuni_hype_container\" class=\"HYPE_document\" style=\"margin:auto;position:relative;width:100%;height:465px;overflow:hidden;\">  <script type=\"text\/javascript\" charset=\"utf-8\" src=\"https:\/\/miabiznes.pl\/wp-content\/uploads\/v3\/banners\/consultation_chat\/banner_steps_uni\/banner_steps_uni.hyperesources\/bannerstepsuni_hype_generated_script.js?41150\"><\/script><\/div>\t\t\t\t<\/div>\n\t\t\t\t<\/div>\n\t\t\t\t<div class=\"elementor-element elementor-element-329de4a1 elementor-widget elementor-widget-html\" data-id=\"329de4a1\" data-element_type=\"widget\" data-e-type=\"widget\" data-widget_type=\"html.default\">\n\t\t\t\t<div class=\"elementor-widget-container\">\n\t\t\t\t\t<button class=\"btn-single btn-to-price-page\">Start Now<\/button>\t\t\t\t<\/div>\n\t\t\t\t<\/div>\n\t\t\t\t<div class=\"elementor-element elementor-element-f904906 t-m-50-50  elementor-widget elementor-widget-heading\" data-id=\"f904906\" data-element_type=\"widget\" data-e-type=\"widget\" data-widget_type=\"heading.default\">\n\t\t\t\t<div class=\"elementor-widget-container\">\n\t\t\t\t\t<h3 class=\"elementor-heading-title elementor-size-default\">Accounting support via chat - choose your package<\/h3>\t\t\t\t<\/div>\n\t\t\t\t<\/div>\n\t\t\t\t<div class=\"elementor-element elementor-element-7d550517 elementor-widget elementor-widget-shortcode\" data-id=\"7d550517\" data-element_type=\"widget\" data-e-type=\"widget\" data-widget_type=\"shortcode.default\">\n\t\t\t\t<div class=\"elementor-widget-container\">\n\t\t\t\t\t\t\t<div class=\"elementor-shortcode\"><div id=\"mcg-consult-content\" class=\"just-w-100 tab-price-page active-price\" data-price=\"2\">\n    <div class=\"loading-tab-price active-load\">\n        <div class=\"spinner-load-tab-price\"><\/div>\n    <\/div>\n    <div class=\"consult-section-swiper swiper-container\">\n        <div class=\"swiper-wrapper\">\n            <div class=\"swiper-slide\">\n                <div class=\"one-consultation\">\n                    <div class=\"v3-one-consult-head b-blue\">\n                        <div class=\"one-consult-head-name\">\n                            <p>5 CONSULTATIONS<\/p>\n                            <div class=\"one-consult-label-v3\">Chat<\/div>\n                        <\/div>\n<!--                        <p class=\"one-consult-bottom-price\">--><!-- <span class=\"small\">z\u0142.<\/span> --><!-- <span class=\"mi-old-price\">--><!-- <span class=\"small\">z\u0142.<\/span><\/span> --><!-- <\/p>-->\n                        <div class=\"one-rate-bottom-price\">\n                            <span class=\"price-element\">99.99<\/span> z\u0142.\n                                                    <\/div>\n                    <\/div>\n                    <div class=\"one-consult-body\">\n                        <p>Package: <b>5 consultations<\/b><\/p>\n                        <p>Package valid: <b>2 months<\/b><\/p>\n                    <\/div>\n                    <div class=\"one-consult-bottom\">\n                        <button class=\"mia-btn btn-order-consult b-blue\" data-type=\"cons_5\">Choose<\/button>\n                    <\/div>\n                <\/div>\n            <\/div>\n            <div class=\"swiper-slide\">\n                <div class=\"one-consultation\">\n                    <div class=\"v3-one-consult-head b-green\">\n                        <div class=\"one-consult-head-name\">\n                            <p>15 CONSULTATIONS<\/p>\n                            <div class=\"one-consult-label-v3 text-green\">Chat<\/div>\n                        <\/div>\n<!--                        <p class=\"one-consult-bottom-price\">--><!-- <span class=\"small\">z\u0142.<\/span> --><!-- <span class=\"mi-old-price\">--><!-- <span class=\"small\">z\u0142.<\/span><\/span> --><!-- <\/p>-->\n                        <div class=\"one-rate-bottom-price d-price-green\">\n                            <span class=\"price-element\">199.99<\/span> z\u0142.\n                                                    <\/div>\n                    <\/div>\n                    <div class=\"one-consult-body\">\n                        <p>Package: <b>15 consultations<\/b><\/p>\n                        <p>Package valid: <b>3 months<\/b><\/p>\n                    <\/div>\n                    <div class=\"one-consult-bottom\">\n                        <button class=\"mia-btn btn-order-consult b-green\" data-type=\"cons_15\">Choose<\/button>\n                    <\/div>\n                <\/div>\n            <\/div>\n\n            <div class=\"swiper-slide\">\n                <div class=\"one-consultation\">\n                    <div class=\"v3-one-consult-head b-orange\">\n                        <div class=\"one-consult-head-name\">\n                            <p>25 CONSULTATIONS<\/p>\n                            <div class=\"one-consult-label-v3 text-orange\">Chat<\/div>\n                        <\/div>\n<!--                        <p class=\"one-consult-bottom-price\">--><!-- <span class=\"small\">z\u0142.<\/span> --><!-- <span class=\"mi-old-price\">--><!-- <span class=\"small\">z\u0142.<\/span><\/span> --><!-- <\/p>-->\n                        <div class=\"one-rate-bottom-price d-price-orange\">\n                            <span class=\"price-element\">249.99<\/span> z\u0142.\n                                                    <\/div>\n                    <\/div>\n                    <div class=\"one-consult-body\">\n                        <p>Package: <b>25 consultations<\/b><\/p>\n                        <p>Package valid: <b>4 months<\/b><\/p>\n                    <\/div>\n                    <div class=\"one-consult-bottom\">\n                        <button class=\"mia-btn btn-order-consult b-orange\" data-type=\"cons_25\">Choose<\/button>\n                    <\/div>\n                <\/div>\n            <\/div>\n\n            <div class=\"swiper-slide\">\n                <div class=\"one-consultation full-bg-blue\">\n                    <div class=\"v3-one-consult-head\">\n                        <div class=\"one-consult-head-name\">\n                            <p>ONE-TIME CONSULTATION<\/p>\n                            <div class=\"one-consult-label-v3\">Chat<\/div>\n                        <\/div>\n<!--                        <p class=\"one-consult-bottom-price\">--><!-- <span class=\"small\">z\u0142.<\/span> --><!-- <span class=\"mi-old-price\">--><!-- <span class=\"small\">z\u0142.<\/span><\/span> --><!-- <\/p>-->\n                        <div class=\"one-rate-bottom-price\">\n                            <span class=\"price-element\">49.99<\/span> z\u0142.\n                                                    <\/div>\n                    <\/div>\n                    <div class=\"one-consult-body\">\n                        <p>One-time consultation<\/b><\/p>\n                        <p>The service is <b>valid for 10 days<\/b><\/p>\n                    <\/div>\n                    <div class=\"one-consult-bottom\">\n                        <button class=\"mia-btn btn-order-consult\" data-type=\"cons_1\">Choose<\/button>\n                    <\/div>\n                <\/div>\n            <\/div>\n\n        <\/div>\n\n        <div class=\"swiper-pagination\" id=\"consult-pagination\"><\/div>\n    <\/div>\n\n    <div class=\"mia-modal\" id=\"order-consultation-chat\">\n        <div class=\"mia-modal-dialog\">\n            <div class=\"mia-modal-head\">\n                <p class=\"mi-mo-title\">Dane do faktury<\/p>\n                <img decoding=\"async\" class=\"mi-mo-close\" src=\"https:\/\/miabiznes.pl\/wp-content\/uploads\/v3\/img\/signup\/cross-circle.svg\">\n            <\/div>\n            <div class=\"mia-modal-body\">\n                <div class=\"mi-mo-inputs-container mi-gap-15\">\n                    <div class=\"mia-cust-select\">\n                        <input type=\"hidden\" class=\"mcs-value\" id=\"invoicePayConsultChat\" value=\"company\">\n                        <div class=\"mcs-head\">\n                            <span class=\"mcs-label\">Firma<\/span>\n                            <img decoding=\"async\" class=\"mcs-head-arrow\" src=\"https:\/\/miabiznes.pl\/wp-content\/uploads\/v3\/img\/consultation\/arrow.svg\">\n                        <\/div>\n                        <div class=\"mcs-body\">\n                            <div class=\"mcs-body-one\" data-value=\"company\">\n                                <span>Firma<\/span>\n                            <\/div>\n                            <div class=\"mcs-body-one\" data-value=\"user\">\n                                <span>Osoba fizyczna<\/span>\n                            <\/div>\n                        <\/div>\n                    <\/div>\n                    <!--   Invoice Info    -->\n                    <div class=\"mi-mo-inputs-container mi-gap-15\" id=\"consult-chat-c-inv-block\">\n                        <input class=\"mi-mo-inp check-nip\" id=\"consult-chat-invoice-nip\" maxlength=\"13\" value=\"\" placeholder=\"Nip\">\n                        <input class=\"mi-mo-inp\" id=\"consult-chat-invoice-name\" maxlength=\"65\" value=\"\" placeholder=\"Nazwa firmy\">\n                        <input class=\"mi-mo-inp\" id=\"consult-chat-invoice-address\" maxlength=\"65\" value=\"\" placeholder=\"Adres\">\n                    <\/div>\n                    <p class=\"mi-mo-text-14 none\" id=\"consult-chat-fiz-invoice\">Do faktury zostan\u0105 u\u017cyte dane podane podczas rejestracji.<\/p>\n\n                    <div class=\"cust-root-checkbox\">\n                        <label class=\"cust-container-checkbox with-back\"><input id=\"acceptRegulaminConsultChat\" type=\"checkbox\" class=\"cust-checkbox\">\n                            <span class=\"cust-checkbox-checkmark\"><\/span>\n                            <span data-translate=\"r_accept_1\">I confirm that I have reviewed and agree to the <a target=\"_blank\" href=\"\/en\/regulamin\/\">terms and conditions<\/a>.<\/span><\/label>\n                        <label class=\"cust-container-checkbox with-back  none\">\n                            <input id=\"acceptNewsEmailChatConsult\" checked type=\"checkbox\" class=\"cust-checkbox\">\n                            <span class=\"cust-checkbox-checkmark\"><\/span>\n                            <span data-translate=\"r_accept_2\">Subscribe to the email newsletter<\/span><\/label>\n                        <label class=\"cust-container-checkbox with-back  none\">\n                            <input id=\"acceptNewsSmsChatConsult\" checked type=\"checkbox\" class=\"cust-checkbox\">\n                            <span class=\"cust-checkbox-checkmark\"><\/span>\n                            <span data-translate=\"r_accept_3\">Subscribe to the SMS newsletter<\/span><\/label>\n                    <\/div>\n                <\/div>\n            <\/div>\n            <div class=\"mia-modal-footer\">\n                <p class=\"mia-modal-error none\"><\/p>\n                <button class=\"mia-btn mi-mo-btn\" id=\"req-order-consult-chat\" disabled>Przejd\u017a do p\u0142atno\u015bci<\/button>\n            <\/div>\n        <\/div>\n    <\/div>\n<\/div><\/div>\n\t\t\t\t\t\t<\/div>\n\t\t\t\t<\/div>\n\t\t\t\t<div class=\"elementor-element elementor-element-3813099c t-m-50-50  elementor-widget elementor-widget-heading\" data-id=\"3813099c\" data-element_type=\"widget\" data-e-type=\"widget\" data-widget_type=\"heading.default\">\n\t\t\t\t<div class=\"elementor-widget-container\">\n\t\t\t\t\t<h3 class=\"elementor-heading-title elementor-size-default\">Reasons to seek consultation from accountant<\/h3>\t\t\t\t<\/div>\n\t\t\t\t<\/div>\n\t\t\t\t<div class=\"elementor-element elementor-element-9190564 elementor-widget elementor-widget-mcg_advantages\" data-id=\"9190564\" data-element_type=\"widget\" data-e-type=\"widget\" data-widget_type=\"mcg_advantages.default\">\n\t\t\t\t<div class=\"elementor-widget-container\">\n\t\t\t\t\t<div class=\"v3-advantages\"><div class=\"v3-one-adv\"><img decoding=\"async\" src=\"https:\/\/miabiznes.pl\/wp-content\/uploads\/2025\/08\/szybki-kontakt.svg\" class=\"v3-one-adv-icon\" alt=\"\"><p class=\"v3-one-adv-text\">Quick contact with an accountant without scheduling appointments<\/p><\/div><div class=\"v3-one-adv\"><img decoding=\"async\" src=\"https:\/\/miabiznes.pl\/wp-content\/uploads\/2025\/08\/odpowiedzi.svg\" class=\"v3-one-adv-icon\" alt=\"\"><p class=\"v3-one-adv-text\">Same-day responses to current business questions<\/p><\/div><div class=\"v3-one-adv\"><img decoding=\"async\" src=\"https:\/\/miabiznes.pl\/wp-content\/uploads\/2025\/08\/rejestracja.svg\" class=\"v3-one-adv-icon\" alt=\"\"><p class=\"v3-one-adv-text\">Convenient chat format - write when you have time<\/p><\/div><div class=\"v3-one-adv\"><img decoding=\"async\" src=\"https:\/\/miabiznes.pl\/wp-content\/uploads\/2025\/08\/wiadomosci.svg\" class=\"v3-one-adv-icon\" alt=\"\"><p class=\"v3-one-adv-text\">All messages saved in the system<\/p><\/div><div class=\"v3-one-adv\"><img decoding=\"async\" src=\"https:\/\/miabiznes.pl\/wp-content\/uploads\/2025\/08\/konsultacja.svg\" class=\"v3-one-adv-icon\" alt=\"\"><p class=\"v3-one-adv-text\">Assistance with accounting, HR, and tax matters<\/p><\/div><div class=\"v3-one-adv\"><img decoding=\"async\" src=\"https:\/\/miabiznes.pl\/wp-content\/uploads\/2025\/08\/zalaczniki.svg\" class=\"v3-one-adv-icon\" alt=\"\"><p class=\"v3-one-adv-text\">Ability to send attachments and documents for analysis<\/p><\/div><div class=\"v3-one-adv\"><img decoding=\"async\" src=\"https:\/\/miabiznes.pl\/wp-content\/uploads\/2025\/08\/pomoc.svg\" class=\"v3-one-adv-icon\" alt=\"\"><p class=\"v3-one-adv-text\">Stress-free, no calls, no formalities<\/p><\/div><\/div>\t\t\t\t<\/div>\n\t\t\t\t<\/div>\n\t\t\t\t<div class=\"elementor-element elementor-element-cfd0dd6 t-m-50-50  elementor-widget elementor-widget-heading\" data-id=\"cfd0dd6\" data-element_type=\"widget\" data-e-type=\"widget\" data-widget_type=\"heading.default\">\n\t\t\t\t<div class=\"elementor-widget-container\">\n\t\t\t\t\t<h3 class=\"elementor-heading-title elementor-size-default\">Accounting support for you and your team<\/h3>\t\t\t\t<\/div>\n\t\t\t\t<\/div>\n\t\t\t\t<div class=\"elementor-element elementor-element-38231a2b elementor-widget elementor-widget-html\" data-id=\"38231a2b\" data-element_type=\"widget\" data-e-type=\"widget\" data-widget_type=\"html.default\">\n\t\t\t\t<div class=\"elementor-widget-container\">\n\t\t\t\t\t<div class=\"go-to-page-section\">\n<div class=\"go-to-page-section-body\">\n<img decoding=\"async\" class=\"arrow-go-to-page\"\n src=\"https:\/\/miabiznes.pl\/wp-content\/uploads\/v3\/img\/faktury\/arrow-grey.svg\">\n<p class=\"go-to-page-text\"><b>Share accounting consultation access<\/b> with your employees - add users <b>in the My Company section<\/b> and let them ask questions directly in chat<\/p>\n<p class=\"go-to-page-t-gray\">*Every user is allowed to add 1 employee free of charge.<\/p>\n<a class=\"mia-btn b-blue btn-go-to-page\" href=\"https:\/\/miabiznes.pl\/en\/employee\/\">Learn more<\/a>\n<\/div>\n<div class=\"banner-dynamic-island\">\n<div id=\"dynamicislandban_hype_container\" class=\"HYPE_document\" style=\"margin:auto;position:relative;width:100%;height:100%;overflow:hidden;\">\n<script type=\"text\/javascript\" charset=\"utf-8\" src=\"https:\/\/miabiznes.pl\/wp-content\/uploads\/v3\/banners\/dynamic_island_ban\/miabiznes\/boy\/dynamic_island_ban\/dynamic_island_ban.hyperesources\/dynamicislandban_hype_generated_script.js?74920\"><\/script>\n\t<\/div>\n<\/div>\n<\/div>\t\t\t\t<\/div>\n\t\t\t\t<\/div>\n\t\t\t\t<div class=\"elementor-element elementor-element-dd2c886 t-m-50-50  elementor-widget elementor-widget-heading\" data-id=\"dd2c886\" data-element_type=\"widget\" data-e-type=\"widget\" data-widget_type=\"heading.default\">\n\t\t\t\t<div class=\"elementor-widget-container\">\n\t\t\t\t\t<h3 class=\"elementor-heading-title elementor-size-default\">In what cases is it worth consulting an accountant?<\/h3>\t\t\t\t<\/div>\n\t\t\t\t<\/div>\n\t\t\t\t<div class=\"elementor-element elementor-element-6eeebdf elementor-widget elementor-widget-mcg_advantages\" data-id=\"6eeebdf\" data-element_type=\"widget\" data-e-type=\"widget\" data-widget_type=\"mcg_advantages.default\">\n\t\t\t\t<div class=\"elementor-widget-container\">\n\t\t\t\t\t<div class=\"v3-advantages\"><div class=\"v3-one-adv\"><img decoding=\"async\" src=\"https:\/\/miabiznes.pl\/wp-content\/uploads\/2025\/10\/zz.svg\" class=\"v3-one-adv-icon\" alt=\"\"><p class=\"v3-one-adv-text\">Starting or ending a business<\/p><\/div><div class=\"v3-one-adv\"><img decoding=\"async\" src=\"https:\/\/miabiznes.pl\/wp-content\/uploads\/2025\/10\/rv.svg\" class=\"v3-one-adv-icon\" alt=\"\"><p class=\"v3-one-adv-text\">VAT, PIT, and CIT settlements<\/p><\/div><div class=\"v3-one-adv\"><img decoding=\"async\" src=\"https:\/\/miabiznes.pl\/wp-content\/uploads\/2025\/10\/up.svg\" class=\"v3-one-adv-icon\" alt=\"\"><p class=\"v3-one-adv-text\">Employee and contractor agreements<\/p><\/div><div class=\"v3-one-adv\"><img decoding=\"async\" src=\"https:\/\/miabiznes.pl\/wp-content\/uploads\/2025\/10\/so.svg\" class=\"v3-one-adv-icon\" alt=\"\"><p class=\"v3-one-adv-text\">ZUS contributions and official obligations<\/p><\/div><div class=\"v3-one-adv\"><img decoding=\"async\" src=\"https:\/\/miabiznes.pl\/wp-content\/uploads\/2025\/10\/zp-3.svg\" class=\"v3-one-adv-icon\" alt=\"\"><p class=\"v3-one-adv-text\">Hiring employees from Poland or foreigners<\/p><\/div><div class=\"v3-one-adv\"><img decoding=\"async\" src=\"https:\/\/miabiznes.pl\/wp-content\/uploads\/2025\/10\/lc-1.svg\" class=\"v3-one-adv-icon\" alt=\"\"><p class=\"v3-one-adv-text\">Legalization of employing a foreigner as an entrepreneur<\/p><\/div><div class=\"v3-one-adv\"><img decoding=\"async\" src=\"https:\/\/miabiznes.pl\/wp-content\/uploads\/2025\/10\/kk-1.svg\" class=\"v3-one-adv-icon\" alt=\"\"><p class=\"v3-one-adv-text\">Accounting for company expenses<\/p><\/div><div class=\"v3-one-adv\"><img decoding=\"async\" src=\"https:\/\/miabiznes.pl\/wp-content\/uploads\/2025\/10\/zk-4.svg\" class=\"v3-one-adv-icon\" alt=\"\"><p class=\"v3-one-adv-text\">Transactions with international partners<\/p><\/div><div class=\"v3-one-adv\"><img decoding=\"async\" src=\"https:\/\/miabiznes.pl\/wp-content\/uploads\/2025\/10\/zp.svg\" class=\"v3-one-adv-icon\" alt=\"\"><p class=\"v3-one-adv-text\">Changes in regulations and their interpretation<\/p><\/div><\/div>\t\t\t\t<\/div>\n\t\t\t\t<\/div>\n\t\t\t\t\t<\/div>\n\t\t\t\t<\/div>\n\t\t\t\t<\/div>","protected":false},"excerpt":{"rendered":"<p>Porady ksi\u0119gowe w trybie czatu Masz pytania dotycz\u0105ce ksi\u0119gowo\u015bci, kadr lub bie\u017c\u0105cych spraw firmowych w Polsce? Skorzystaj z naszej wiedzy i do\u015bwiadczenia \u2013 doradzimy w kwestiach ksi\u0119gowych, rozliczeniach i obowi\u0105zkach pracodawcy w trybie czatu. Odpowiadamy szybko \u2013 konsultacje odbywaj\u0105 si\u0119 tego samego dnia, w godzinach pracy. Zg\u0142o\u015b si\u0119 do nas i otrzymaj fachow\u0105 pomoc bez [&hellip;]<\/p>\n","protected":false},"author":1,"featured_media":2622,"parent":0,"menu_order":0,"comment_status":"closed","ping_status":"closed","template":"v3-template.php","meta":{"footnotes":""},"class_list":["post-1726","page","type-page","status-publish","has-post-thumbnail","hentry"],"_links":{"self":[{"href":"https:\/\/miabiznes.pl\/en\/wp-json\/wp\/v2\/pages\/1726","targetHints":{"allow":["GET"]}}],"collection":[{"href":"https:\/\/miabiznes.pl\/en\/wp-json\/wp\/v2\/pages"}],"about":[{"href":"https:\/\/miabiznes.pl\/en\/wp-json\/wp\/v2\/types\/page"}],"author":[{"embeddable":true,"href":"https:\/\/miabiznes.pl\/en\/wp-json\/wp\/v2\/users\/1"}],"replies":[{"embeddable":true,"href":"https:\/\/miabiznes.pl\/en\/wp-json\/wp\/v2\/comments?post=1726"}],"version-history":[{"count":97,"href":"https:\/\/miabiznes.pl\/en\/wp-json\/wp\/v2\/pages\/1726\/revisions"}],"predecessor-version":[{"id":2895,"href":"https:\/\/miabiznes.pl\/en\/wp-json\/wp\/v2\/pages\/1726\/revisions\/2895"}],"wp:featuredmedia":[{"embeddable":true,"href":"https:\/\/miabiznes.pl\/en\/wp-json\/wp\/v2\/media\/2622"}],"wp:attachment":[{"href":"https:\/\/miabiznes.pl\/en\/wp-json\/wp\/v2\/media?parent=1726"}],"curies":[{"name":"wp","href":"https:\/\/api.w.org\/{rel}","templated":true}]}}