{"id":1484,"date":"2025-07-29T11:13:35","date_gmt":"2025-07-29T09:13:35","guid":{"rendered":"https:\/\/miabiznes.pl\/?page_id=1484"},"modified":"2025-11-13T02:12:33","modified_gmt":"2025-11-13T01:12:33","slug":"v3-home","status":"publish","type":"page","link":"https:\/\/miabiznes.pl\/en\/","title":{"rendered":"v3-Home"},"content":{"rendered":"<div data-elementor-type=\"wp-page\" data-elementor-id=\"1484\" class=\"elementor elementor-1484\">\n\t\t\t\t<div class=\"elementor-element elementor-element-40f49de e-flex e-con-boxed e-con e-parent\" data-id=\"40f49de\" data-element_type=\"container\" data-e-type=\"container\">\n\t\t\t\t\t<div class=\"e-con-inner\">\n\t\t\t\t<div class=\"elementor-element elementor-element-3a8bc6a elementor-widget elementor-widget-mcg_main_banner_i18n\" data-id=\"3a8bc6a\" data-element_type=\"widget\" data-e-type=\"widget\" data-widget_type=\"mcg_main_banner_i18n.default\">\n\t\t\t\t<div class=\"elementor-widget-container\">\n\t\t\t\t\t<script>\ntranslate_main.text1 = \"YOUR BUSINESS PROCESSES\";\ntranslate_main.text2 = \"IN ONE SERVICE\";\ntranslate_main.btn   = \"Try for free\";\n<\/script>\n<div class=\"banner-container\">  <div id=\"mainban_hype_container\" class=\"HYPE_document\" style=\"margin:auto;position:relative;width:100%;height:100%;overflow:hidden;\">    <script type=\"text\/javascript\" charset=\"utf-8\" src=\"https:\/\/miabiznes.pl\/wp-content\/uploads\/v3\/banners\/main_ban\/main_ban.hyperesources\/mainban_hype_generated_script.js?53616\"><\/script>  <\/div><\/div>\t\t\t\t<\/div>\n\t\t\t\t<\/div>\n\t\t\t\t<div class=\"elementor-element elementor-element-3fddfdc t-m-0-25 elementor-widget elementor-widget-heading\" data-id=\"3fddfdc\" data-element_type=\"widget\" data-e-type=\"widget\" data-widget_type=\"heading.default\">\n\t\t\t\t<div class=\"elementor-widget-container\">\n\t\t\t\t\t<h1 class=\"elementor-heading-title elementor-size-default\">MIA BIZNES \u2014 Platform for businesses in Poland<\/h1>\t\t\t\t<\/div>\n\t\t\t\t<\/div>\n\t\t\t\t<div class=\"elementor-element elementor-element-0c92c4d t-m-25-50 elementor-widget elementor-widget-heading\" data-id=\"0c92c4d\" data-element_type=\"widget\" data-e-type=\"widget\" data-widget_type=\"heading.default\">\n\t\t\t\t<div class=\"elementor-widget-container\">\n\t\t\t\t\t<h2 class=\"elementor-heading-title elementor-size-default\">Innovative solutions for your business<\/h2>\t\t\t\t<\/div>\n\t\t\t\t<\/div>\n\t\t\t\t\t<\/div>\n\t\t\t\t<\/div>\n\t\t<div class=\"elementor-element elementor-element-868a5dd e-flex e-con-boxed e-con e-parent\" data-id=\"868a5dd\" data-element_type=\"container\" data-e-type=\"container\">\n\t\t\t\t\t<div class=\"e-con-inner\">\n\t\t\t\t<div class=\"elementor-element elementor-element-0c932d5 elementor-widget elementor-widget-mcg_products_grid\" data-id=\"0c932d5\" data-element_type=\"widget\" data-e-type=\"widget\" data-widget_type=\"mcg_products_grid.default\">\n\t\t\t\t<div class=\"elementor-widget-container\">\n\t\t\t\t\t<div class=\"products-grid\"><a href=\"https:\/\/miabiznes.pl\/en\/invoice-generator\/\" class=\"one-product\"><span class=\"product-label\" style=\"color:#FFFFFF;background:#13B8EE\">Try for free<\/span><div class=\"one-product-body\"><img decoding=\"async\" src=\"https:\/\/miabiznes.pl\/wp-content\/uploads\/2025\/10\/gf-1.svg\" class=\"one-product-icon\" alt=\"\"><div><p class=\"one-product-t\">Invoice generator<\/p><p class=\"one-product-text\">Online invoicing program<\/p><\/div><\/div><\/a><a href=\"https:\/\/miabiznes.pl\/en\/invoice-generator\/\" class=\"one-product\"><span class=\"product-label\" style=\"color:#FFFFFF;background:#67DFB2\">Free<\/span><div class=\"one-product-body\"><img decoding=\"async\" src=\"https:\/\/miabiznes.pl\/wp-content\/uploads\/2025\/10\/ab.svg\" class=\"one-product-icon\" alt=\"\"><div><p class=\"one-product-t\">Business analytics<\/p><p class=\"one-product-text\">Analytics of your invoices<\/p><\/div><\/div><\/a><a href=\"https:\/\/miabiznes.pl\/en\/chat-consultation\/\" class=\"one-product\"><div class=\"one-product-body\"><img decoding=\"async\" src=\"https:\/\/miabiznes.pl\/wp-content\/uploads\/2025\/10\/ck.svg\" class=\"one-product-icon\" alt=\"\"><div><p class=\"one-product-t\">Chat-mode consultations<\/p><p class=\"one-product-text\">Chat with the accountant and get answers instantly<\/p><\/div><\/div><\/a><a href=\"https:\/\/miabiznes.pl\/en\/live-consultation\/\" class=\"one-product\"><div class=\"one-product-body\"><img decoding=\"async\" src=\"https:\/\/miabiznes.pl\/wp-content\/uploads\/2025\/10\/kl.svg\" class=\"one-product-icon\" alt=\"\"><div><p class=\"one-product-t\">LIVE Consultations<\/p><p class=\"one-product-text\">Online and in-office consultations<\/p><\/div><\/div><\/a><a href=\"https:\/\/miabiznes.pl\/en\/task-company\/\" class=\"one-product\"><span class=\"product-label\" style=\"color:#FFFFFF;background:#67DFB2\">Free<\/span><div class=\"one-product-body\"><img decoding=\"async\" src=\"https:\/\/miabiznes.pl\/wp-content\/uploads\/2025\/10\/zf.svg\" class=\"one-product-icon\" alt=\"\"><div><p class=\"one-product-t\">Company tasks<\/p><p class=\"one-product-text\">Manage your business<\/p><\/div><\/div><\/a><a href=\"https:\/\/miabiznes.pl\/en\/task-accountant\/\" class=\"one-product\"><div class=\"one-product-body\"><img decoding=\"async\" src=\"https:\/\/miabiznes.pl\/wp-content\/uploads\/2025\/10\/zagrk.svg\" class=\"one-product-icon\" alt=\"\"><div><p class=\"one-product-t\">Tasks for the accountant*<\/p><p class=\"one-product-text\">Cooperation with the accountant<\/p><\/div><\/div><\/a><a href=\"https:\/\/miabiznes.pl\/en\/financial-statement\/\" class=\"one-product\"><div class=\"one-product-body\"><img decoding=\"async\" src=\"https:\/\/miabiznes.pl\/wp-content\/uploads\/2025\/10\/sf.svg\" class=\"one-product-icon\" alt=\"\"><div><p class=\"one-product-t\">Financial statement<\/p><p class=\"one-product-text\">Close the year without stress!<\/p><\/div><\/div><\/a><a href=\"https:\/\/miabiznes.pl\/en\/documents-online\/\" class=\"one-product\"><div class=\"one-product-body\"><img decoding=\"async\" src=\"https:\/\/miabiznes.pl\/wp-content\/uploads\/2025\/10\/do.svg\" class=\"one-product-icon\" alt=\"\"><div><p class=\"one-product-t\">Documents online<\/p><p class=\"one-product-text\">Filling out forms<\/p><\/div><\/div><\/a><a href=\"https:\/\/miabiznes.pl\/en\/miastart\/\" class=\"one-product\"><div class=\"one-product-body\"><img decoding=\"async\" src=\"https:\/\/miabiznes.pl\/wp-content\/uploads\/2025\/10\/ms-1.svg\" class=\"one-product-icon\" alt=\"\"><div><p class=\"one-product-t\">MIA START<\/p><p class=\"one-product-text\">Start your own business<\/p><\/div><\/div><\/a><a href=\"https:\/\/miabiznes.pl\/en\/mialegal\/\" class=\"one-product\"><div class=\"one-product-body\"><img decoding=\"async\" src=\"https:\/\/miabiznes.pl\/wp-content\/uploads\/2025\/10\/ml-1.svg\" class=\"one-product-icon\" alt=\"\"><div><p class=\"one-product-t\">MIA LEGAL<\/p><p class=\"one-product-text\">Legalization of stay in Poland<\/p><\/div><\/div><\/a><a href=\"https:\/\/miabiznes.pl\/en\/employee\/\" class=\"one-product\"><div class=\"one-product-body\"><img decoding=\"async\" src=\"https:\/\/miabiznes.pl\/wp-content\/uploads\/2025\/10\/du.svg\" class=\"one-product-icon\" alt=\"\"><div><p class=\"one-product-t\">Additional users<\/p><p class=\"one-product-text\">Manage your business with team<\/p><\/div><\/div><\/a><a href=\"https:\/\/miabiznes.pl\/en\/my-accountant\/\" class=\"one-product\"><div class=\"one-product-body\"><img decoding=\"async\" src=\"https:\/\/miabiznes.pl\/wp-content\/uploads\/2025\/10\/zk-1.svg\" class=\"one-product-icon\" alt=\"\"><div><p class=\"one-product-t\">External accountant<\/p><p class=\"one-product-text\">Connect your accountant<\/p><\/div><\/div><\/a><a href=\"https:\/\/miabiznes.pl\/en\/faq\/cloud-mcg\/\" class=\"one-product\"><div class=\"one-product-body\"><img decoding=\"async\" src=\"https:\/\/miabiznes.pl\/wp-content\/uploads\/2025\/10\/cd.svg\" class=\"one-product-icon\" alt=\"\"><div><p class=\"one-product-t\">Cloud storage*<\/p><p class=\"one-product-text\">Send files directly<\/p><\/div><\/div><\/a><a href=\"https:\/\/miabiznes.pl\/en\/partner\/\" class=\"one-product\"><div class=\"one-product-body\"><img decoding=\"async\" src=\"https:\/\/miabiznes.pl\/wp-content\/uploads\/2025\/10\/pp.svg\" class=\"one-product-icon\" alt=\"\"><div><p class=\"one-product-t\">Referral program<\/p><p class=\"one-product-text\">Earn together with us<\/p><\/div><\/div><\/a><a href=\"https:\/\/miaconsultgroup.pl\/pl\/\" class=\"one-product\" target=\"_blank\" rel=\"noopener\"><div class=\"one-product-body\"><img decoding=\"async\" src=\"https:\/\/miabiznes.pl\/wp-content\/uploads\/2025\/10\/uk.svg\" class=\"one-product-icon\" alt=\"\"><div><p class=\"one-product-t\">Accountant services<\/p><p class=\"one-product-text\">Services of an accounting company<\/p><\/div><\/div><\/a><a href=\"https:\/\/miabiznes.pl\/en\/guides\/\" class=\"one-product\"><div class=\"one-product-body\"><img decoding=\"async\" src=\"https:\/\/miabiznes.pl\/wp-content\/uploads\/2025\/10\/mp.svg\" class=\"one-product-icon\" alt=\"\"><div><p class=\"one-product-t\">MIA GUIDES<\/p><p class=\"one-product-text\">Business guides for entrepreneurs<\/p><\/div><\/div><\/a><a href=\"https:\/\/miabiznes.pl\/en\/help\/\" class=\"one-product\"><div class=\"one-product-body\"><img decoding=\"async\" src=\"https:\/\/miabiznes.pl\/wp-content\/uploads\/2025\/10\/fq.svg\" class=\"one-product-icon\" alt=\"\"><div><p class=\"one-product-t\">FAQ<\/p><p class=\"one-product-text\">Business knowledge hub<\/p><\/div><\/div><\/a><\/div>\t\t\t\t<\/div>\n\t\t\t\t<\/div>\n\t\t\t\t<div class=\"elementor-element elementor-element-13a1834 t-m-50-50  elementor-widget elementor-widget-heading\" data-id=\"13a1834\" data-element_type=\"widget\" data-e-type=\"widget\" data-widget_type=\"heading.default\">\n\t\t\t\t<div class=\"elementor-widget-container\">\n\t\t\t\t\t<h2 class=\"elementor-heading-title elementor-size-default\">MIA BIZNES \u2013 manage your company in Poland online<\/h2>\t\t\t\t<\/div>\n\t\t\t\t<\/div>\n\t\t\t\t<div class=\"elementor-element elementor-element-6730df2 elementor-widget elementor-widget-text-editor\" data-id=\"6730df2\" data-element_type=\"widget\" data-e-type=\"widget\" data-widget_type=\"text-editor.default\">\n\t\t\t\t<div class=\"elementor-widget-container\">\n\t\t\t\t\t\t\t\t\t<p style=\"text-align: center;\">Discover MIA BIZNES \u2013 a universal online service for entrepreneurs in Poland.<\/p>\n\n<p style=\"text-align: center;\">Our platform provides smart accounting, built-in CRM, invoicing, cloud for documents, direct contact with your accountant, and payment tracking \u2013 everything in one place. The ideal way to manage your company efficiently and bureaucracy-free.<\/p>\n\n<p style=\"text-align: center;\">Sign up and run your business with ease, clarity, and complete assistance!<\/p>\t\t\t\t\t\t\t\t<\/div>\n\t\t\t\t<\/div>\n\t\t\t\t<div class=\"elementor-element elementor-element-9a2eb11 elementor-widget elementor-widget-mcg_banner_video_text\" data-id=\"9a2eb11\" data-element_type=\"widget\" data-e-type=\"widget\" data-widget_type=\"mcg_banner_video_text.default\">\n\t\t\t\t<div class=\"elementor-widget-container\">\n\t\t\t\t\t<script>\nsiteTranslationBanVideo.text1 = \"<div class=\\\"container-banner-text-center\\\"><p class=\\\"paragraph-banner-text-center\\\">Online invoicing fast, <br>transparent and compliant with the law<\/p> <\/div>\";\nsiteTranslationBanVideo.text2 = \"<div class=\\\"container-banner-text-center\\\"><p class=\\\"paragraph-banner-text-center\\\">Professional online accounting consultations,<br> fast and effective help with any matter<\/p> <\/div>\";\nsiteTranslationBanVideo.text3 = \"<div class=\\\"container-banner-text-center\\\"><p class=\\\"paragraph-banner-text-center\\\">Manage your company, work with your accountant,<br>and collaborate with your team<\/p> <\/div>\";\nsiteTranslationBanVideo.text4 = \"<div class=\\\"container-banner-text-center\\\"><p class=\\\"paragraph-banner-text-center\\\">MIA BIZNES the fastest and most convenient way<br>to manage your business efficiently and keep everything in one place.<\/p> <\/div>\";\n<\/script>\n<div class=\"banner-container\">  <div id=\"banfullautotext_hype_container\" class=\"HYPE_document\" style=\"margin:auto;position:relative;width:100%;height:100%;overflow:hidden;\">    <script type=\"text\/javascript\" charset=\"utf-8\" src=\"https:\/\/miabiznes.pl\/wp-content\/uploads\/v3\/banners\/banfull_autotext\/banfull_autotext.hyperesources\/banfullautotext_hype_generated_script.js?56066\"><\/script>  <\/div><\/div>\t\t\t\t<\/div>\n\t\t\t\t<\/div>\n\t\t\t\t<div class=\"elementor-element elementor-element-3920e02 t-m-50-50  elementor-widget elementor-widget-heading\" data-id=\"3920e02\" data-element_type=\"widget\" data-e-type=\"widget\" data-widget_type=\"heading.default\">\n\t\t\t\t<div class=\"elementor-widget-container\">\n\t\t\t\t\t<h3 class=\"elementor-heading-title elementor-size-default\">Start using the service<br>\nin just three steps <\/h3>\t\t\t\t<\/div>\n\t\t\t\t<\/div>\n\t\t\t\t<div class=\"elementor-element elementor-element-e039253 elementor-widget elementor-widget-mcg_steps_banner\" data-id=\"e039253\" data-element_type=\"widget\" data-e-type=\"widget\" data-widget_type=\"mcg_steps_banner.default\">\n\t\t\t\t<div class=\"elementor-widget-container\">\n\t\t\t\t\t<script>\n    translate_steps.text1 = \"Step 1\";\n    translate_steps.text2 = \"Fill out a short form and create an account\";\n    translate_steps.text3 = \"Step 2\";\n    translate_steps.text4 = \"Enter essential details and select the range of services\";\n    translate_steps.text5 = \"Step 3\";\n    translate_steps.text6 = \"Invoice, consult, manage your team \u2013 all in one place\";\n<\/script>\n<div id=\"bannerstepsuni_hype_container\" class=\"HYPE_document\" style=\"margin:auto;position:relative;width:100%;height:465px;overflow:hidden;\">  <script type=\"text\/javascript\" charset=\"utf-8\" src=\"https:\/\/miabiznes.pl\/wp-content\/uploads\/v3\/banners\/banner_steps_uni\/banner_steps_uni.hyperesources\/bannerstepsuni_hype_generated_script.js?41150\"><\/script><\/div>\t\t\t\t<\/div>\n\t\t\t\t<\/div>\n\t\t\t\t<div class=\"elementor-element elementor-element-168989c t-m-50-50  elementor-widget elementor-widget-heading\" data-id=\"168989c\" data-element_type=\"widget\" data-e-type=\"widget\" data-widget_type=\"heading.default\">\n\t\t\t\t<div class=\"elementor-widget-container\">\n\t\t\t\t\t<h3 class=\"elementor-heading-title elementor-size-default\">Benefits of using miabiznes.pl <\/h3>\t\t\t\t<\/div>\n\t\t\t\t<\/div>\n\t\t\t\t\t<\/div>\n\t\t\t\t<\/div>\n\t\t<div class=\"elementor-element elementor-element-49b9bc4 e-flex e-con-boxed e-con e-parent\" data-id=\"49b9bc4\" data-element_type=\"container\" data-e-type=\"container\">\n\t\t\t\t\t<div class=\"e-con-inner\">\n\t\t\t\t<div class=\"elementor-element elementor-element-0cbee7a elementor-widget elementor-widget-mcg_advantages\" data-id=\"0cbee7a\" data-element_type=\"widget\" data-e-type=\"widget\" data-widget_type=\"mcg_advantages.default\">\n\t\t\t\t<div class=\"elementor-widget-container\">\n\t\t\t\t\t<div class=\"v3-advantages\"><div class=\"v3-one-adv\"><img decoding=\"async\" src=\"https:\/\/miabiznes.pl\/wp-content\/uploads\/2025\/08\/panel-uzytk.svg\" class=\"v3-one-adv-icon\" alt=\"\"><p class=\"v3-one-adv-text\">User-friendly dashboard<\/p><\/div><div class=\"v3-one-adv\"><img decoding=\"async\" src=\"https:\/\/miabiznes.pl\/wp-content\/uploads\/2025\/08\/faktury-online.svg\" class=\"v3-one-adv-icon\" alt=\"\"><p class=\"v3-one-adv-text\">Online invoicing<\/p><\/div><div class=\"v3-one-adv\"><img decoding=\"async\" src=\"https:\/\/miabiznes.pl\/wp-content\/uploads\/2025\/08\/ceidg.svg\" class=\"v3-one-adv-icon\" alt=\"\"><p class=\"v3-one-adv-text\">Integrated accounting and CRM<\/p><\/div><div class=\"v3-one-adv\"><img decoding=\"async\" src=\"https:\/\/miabiznes.pl\/wp-content\/uploads\/2025\/08\/pomoc.svg\" class=\"v3-one-adv-icon\" alt=\"\"><p class=\"v3-one-adv-text\">Quick contact with an accountant<\/p><\/div><div class=\"v3-one-adv\"><img decoding=\"async\" src=\"https:\/\/miabiznes.pl\/wp-content\/uploads\/2025\/08\/bezpieczne.svg\" class=\"v3-one-adv-icon\" alt=\"\"><p class=\"v3-one-adv-text\">Secure document storage<\/p><\/div><div class=\"v3-one-adv\"><img decoding=\"async\" src=\"https:\/\/miabiznes.pl\/wp-content\/uploads\/2025\/08\/powiadomienia.svg\" class=\"v3-one-adv-icon\" alt=\"\"><p class=\"v3-one-adv-text\">Tax notifications<\/p><\/div><div class=\"v3-one-adv\"><img decoding=\"async\" src=\"https:\/\/miabiznes.pl\/wp-content\/uploads\/2025\/08\/dostep.svg\" class=\"v3-one-adv-icon\" alt=\"\"><p class=\"v3-one-adv-text\">Access from any device<\/p><\/div><div class=\"v3-one-adv\"><img decoding=\"async\" src=\"https:\/\/miabiznes.pl\/wp-content\/uploads\/2025\/08\/e-mail.svg\" class=\"v3-one-adv-icon\" alt=\"\"><p class=\"v3-one-adv-text\">Sending invoices by e\u2011mail<\/p><\/div><div class=\"v3-one-adv\"><img decoding=\"async\" src=\"https:\/\/miabiznes.pl\/wp-content\/uploads\/2025\/08\/wszystko.svg\" class=\"v3-one-adv-icon\" alt=\"\"><p class=\"v3-one-adv-text\">Everything in one place<\/p><\/div><\/div>\t\t\t\t<\/div>\n\t\t\t\t<\/div>\n\t\t\t\t\t<\/div>\n\t\t\t\t<\/div>\n\t\t\t\t<\/div>","protected":false},"excerpt":{"rendered":"<p>MIA BIZNES \u2014 Serwis dla firm w Polsce Nowoczesne narz\u0119dzia dla Twojego biznesu Try for free Generator faktur Program do fakturowania online Free Analityka biznesowa Analityka twoich faktur Czat-konsultacje Zapytaj ksi\u0119gowego w trybie czatu ju\u017c teraz Konsultacje LIVE Konsultacje online oraz w biurze Free Zadania firmy Zarz\u0105dzaj swoim biznesem Zadania ksi\u0119gowemu* Wsp\u00f3\u0142praca z ksi\u0119gowym Sprawozdanie [&hellip;]<\/p>\n","protected":false},"author":1,"featured_media":2646,"parent":0,"menu_order":0,"comment_status":"closed","ping_status":"closed","template":"v3-template.php","meta":{"footnotes":""},"class_list":["post-1484","page","type-page","status-publish","has-post-thumbnail","hentry"],"_links":{"self":[{"href":"https:\/\/miabiznes.pl\/en\/wp-json\/wp\/v2\/pages\/1484","targetHints":{"allow":["GET"]}}],"collection":[{"href":"https:\/\/miabiznes.pl\/en\/wp-json\/wp\/v2\/pages"}],"about":[{"href":"https:\/\/miabiznes.pl\/en\/wp-json\/wp\/v2\/types\/page"}],"author":[{"embeddable":true,"href":"https:\/\/miabiznes.pl\/en\/wp-json\/wp\/v2\/users\/1"}],"replies":[{"embeddable":true,"href":"https:\/\/miabiznes.pl\/en\/wp-json\/wp\/v2\/comments?post=1484"}],"version-history":[{"count":150,"href":"https:\/\/miabiznes.pl\/en\/wp-json\/wp\/v2\/pages\/1484\/revisions"}],"predecessor-version":[{"id":2839,"href":"https:\/\/miabiznes.pl\/en\/wp-json\/wp\/v2\/pages\/1484\/revisions\/2839"}],"wp:featuredmedia":[{"embeddable":true,"href":"https:\/\/miabiznes.pl\/en\/wp-json\/wp\/v2\/media\/2646"}],"wp:attachment":[{"href":"https:\/\/miabiznes.pl\/en\/wp-json\/wp\/v2\/media?parent=1484"}],"curies":[{"name":"wp","href":"https:\/\/api.w.org\/{rel}","templated":true}]}}