{"id":1439,"date":"2025-05-07T15:53:50","date_gmt":"2025-05-07T13:53:50","guid":{"rendered":"https:\/\/miabiznes.pl\/?page_id=1439"},"modified":"2025-09-08T13:20:36","modified_gmt":"2025-09-08T11:20:36","slug":"partner","status":"publish","type":"page","link":"https:\/\/miabiznes.pl\/en\/partner\/","title":{"rendered":"Referral program"},"content":{"rendered":"<div data-elementor-type=\"wp-page\" data-elementor-id=\"1439\" class=\"elementor elementor-1439\">\n\t\t\t\t<div class=\"elementor-element elementor-element-6976670b e-flex e-con-boxed e-con e-parent\" data-id=\"6976670b\" data-element_type=\"container\" data-e-type=\"container\">\n\t\t\t\t\t<div class=\"e-con-inner\">\n\t\t\t\t<div class=\"elementor-element elementor-element-66b50a45 elementor-widget elementor-widget-html\" data-id=\"66b50a45\" data-element_type=\"widget\" data-e-type=\"widget\" data-widget_type=\"html.default\">\n\t\t\t\t<div class=\"elementor-widget-container\">\n\t\t\t\t\t<div class=\"element-page-100vh-partner\">\n<div id=\"referralban1_hype_container\" class=\"HYPE_document\" style=\"margin:auto;position:relative;width:100%;height:100%;overflow:hidden;\">\n<script type=\"text\/javascript\" charset=\"utf-8\" src=\"https:\/\/miabiznes.pl\/wp-content\/uploads\/v2\/banners\/referral_ban1\/referral_ban1.hyperesources\/referralban1_hype_generated_script.js?26821\"><\/script>\n<\/div>\n<\/div>\n\t\t\t\t<\/div>\n\t\t\t\t<\/div>\n\t\t\t\t<div class=\"elementor-element elementor-element-6877e25f t-m-25 elementor-widget elementor-widget-heading\" data-id=\"6877e25f\" data-element_type=\"widget\" data-e-type=\"widget\" data-widget_type=\"heading.default\">\n\t\t\t\t<div class=\"elementor-widget-container\">\n\t\t\t\t\t<h1 class=\"elementor-heading-title elementor-size-default\">MIA CONSULT GROUP Referral Program<\/h1>\t\t\t\t<\/div>\n\t\t\t\t<\/div>\n\t\t\t\t<div class=\"elementor-element elementor-element-26b06f0a t-m-25-50 elementor-widget elementor-widget-heading\" data-id=\"26b06f0a\" data-element_type=\"widget\" data-e-type=\"widget\" data-widget_type=\"heading.default\">\n\t\t\t\t<div class=\"elementor-widget-container\">\n\t\t\t\t\t<h2 class=\"elementor-heading-title elementor-size-default\">BENEFITS FOR OUR REFERRAL PARTNERS<\/h2>\t\t\t\t<\/div>\n\t\t\t\t<\/div>\n\t\t\t\t<div class=\"elementor-element elementor-element-4a5e7e77 elementor-widget elementor-widget-html\" data-id=\"4a5e7e77\" data-element_type=\"widget\" data-e-type=\"widget\" data-widget_type=\"html.default\">\n\t\t\t\t<div class=\"elementor-widget-container\">\n\t\t\t\t\t<div class=\"what-partner-gets\">\n<div class=\"what-one-partner-get\">\n<div class=\"what-one-partner-get-head\">\n<img decoding=\"async\" class=\"what-one-partner-get-img\" src=\"\/wp-content\/uploads\/v2\/img\/I_dollar1.svg\">\n<p class=\"what-one-partner-get-t\">Ongoing Cashback from Client Payments<\/p>\n<\/div>\n<p class=\"what-one-partner-get-text\">Earn up to 5% cashback on every payment made by your referred clients. The program covers up to 90% of our services.<\/p>\n<\/div>\n<div class=\"what-one-partner-get\">\n<div class=\"what-one-partner-get-head\">\n<img decoding=\"async\" class=\"what-one-partner-get-img\" src=\"\/wp-content\/uploads\/v2\/img\/I_list1.svg\">\n<p class=\"what-one-partner-get-t\">Simple Participation Rules<\/p>\n<\/div>\n<p class=\"what-one-partner-get-text\">Feel free to share your promo code in any way you prefer. Clients are usually keen to apply it themselves.<\/p>\n<\/div>\n<div class=\"what-one-partner-get\">\n<div class=\"what-one-partner-get-head\">\n<img decoding=\"async\" class=\"what-one-partner-get-img\" src=\"\/wp-content\/uploads\/v2\/img\/I_port1.svg\">\n<p class=\"what-one-partner-get-t\">Long-term source of passive income<\/p>\n<\/div>\n<p class=\"what-one-partner-get-text\">You earn cashback effortlessly, while we do everything to ensure the client stays with us long-term.<\/p>\n<\/div>\n<\/div>\t\t\t\t<\/div>\n\t\t\t\t<\/div>\n\t\t\t\t<div class=\"elementor-element elementor-element-6e657df8 t-m-50-50 elementor-widget elementor-widget-heading\" data-id=\"6e657df8\" data-element_type=\"widget\" data-e-type=\"widget\" data-widget_type=\"heading.default\">\n\t\t\t\t<div class=\"elementor-widget-container\">\n\t\t\t\t\t<h2 class=\"elementor-heading-title elementor-size-default\">How Referral Program Works<\/h2>\t\t\t\t<\/div>\n\t\t\t\t<\/div>\n\t\t\t\t<div class=\"elementor-element elementor-element-43e172a2 elementor-widget elementor-widget-html\" data-id=\"43e172a2\" data-element_type=\"widget\" data-e-type=\"widget\" data-widget_type=\"html.default\">\n\t\t\t\t<div class=\"elementor-widget-container\">\n\t\t\t\t\t<div class=\"how-work-referral-program\">\n<div class=\"how-work-referral-item\">\n<p class=\"how-work-referral-title\">For Partners<\/p>\n<div class=\"how-work-referral-list\">\n<div class=\"how-work-referral-one\">\n<img decoding=\"async\" class=\"how-work-referral-icon\" src=\"\/wp-content\/uploads\/v2\/img\/i_done_blue.svg\">\n<p class=\"how-work-referral-desc translation-block\">Recommend us and <b>share your promo code<\/b><\/p>\n<\/div>\n<div class=\"how-work-referral-one\">\n<img decoding=\"async\" class=\"how-work-referral-icon\" src=\"\/wp-content\/uploads\/v2\/img\/i_done_blue.svg\">\n<p class=\"how-work-referral-desc translation-block\">Each referred <b>client is linked to your account<\/b><\/p>\n<\/div>\n<div class=\"how-work-referral-one\">\n<img decoding=\"async\" class=\"how-work-referral-icon\" src=\"\/wp-content\/uploads\/v2\/img\/i_done_blue.svg\">\n<p class=\"how-work-referral-desc translation-block\">Get cashback after <b>every payment of your referral<\/b><\/p>\n<\/div>\n<\/div>\n<\/div>\n<div class=\"how-work-referral-item only-referral\">\n<p class=\"how-work-referral-title\">For Clients<\/p>\n<div class=\"how-work-referral-list\">\n<div class=\"how-work-referral-one\">\n<img decoding=\"async\" class=\"how-work-referral-icon\" src=\"\/wp-content\/uploads\/v2\/img\/i_done_middle.svg\">\n<p class=\"how-work-referral-desc translation-block\"><b>Sign up <\/b> for MIA BIZNES<\/p>\n<\/div>\n<div class=\"how-work-referral-one\">\n<img decoding=\"async\" class=\"how-work-referral-icon\" src=\"\/wp-content\/uploads\/v2\/img\/i_done_middle.svg\">\n<p class=\"how-work-referral-desc translation-block\"><b>Enter<\/b> the promo code<\/p>\n<\/div>\n<div class=\"how-work-referral-one\">\n<img decoding=\"async\" class=\"how-work-referral-icon\" src=\"\/wp-content\/uploads\/v2\/img\/i_done_middle.svg\">\n<p class=\"how-work-referral-desc translation-block\"><b>Get discounts<\/b> on services that are part of the program<\/p>\n<\/div>\n<\/div>\n<\/div>\n<\/div>\t\t\t\t<\/div>\n\t\t\t\t<\/div>\n\t\t\t\t<div class=\"elementor-element elementor-element-583a78a t-m-50-20 elementor-widget elementor-widget-heading\" data-id=\"583a78a\" data-element_type=\"widget\" data-e-type=\"widget\" data-widget_type=\"heading.default\">\n\t\t\t\t<div class=\"elementor-widget-container\">\n\t\t\t\t\t<h2 class=\"elementor-heading-title elementor-size-default\">How to Become a Partner<\/h2>\t\t\t\t<\/div>\n\t\t\t\t<\/div>\n\t\t\t\t<div class=\"elementor-element elementor-element-531f7383 elementor-widget elementor-widget-html\" data-id=\"531f7383\" data-element_type=\"widget\" data-e-type=\"widget\" data-widget_type=\"html.default\">\n\t\t\t\t<div class=\"elementor-widget-container\">\n\t\t\t\t\t<div id=\"referralban2_hype_container\" class=\"HYPE_document\" style=\"margin:auto;position:relative;width:100%;height:600px;overflow:hidden;\">\n\t\t<script type=\"text\/javascript\" charset=\"utf-8\" src=\"https:\/\/miabiznes.pl\/wp-content\/uploads\/v2\/banners\/referral_ban2\/referral_ban2.hyperesources\/referralban2_hype_generated_script.js?66785\"><\/script>\n\t<\/div>\t\t\t\t<\/div>\n\t\t\t\t<\/div>\n\t\t\t\t<div class=\"elementor-element elementor-element-2f5fd5d7 t-m-50-20 elementor-widget elementor-widget-heading\" data-id=\"2f5fd5d7\" data-element_type=\"widget\" data-e-type=\"widget\" data-widget_type=\"heading.default\">\n\t\t\t\t<div class=\"elementor-widget-container\">\n\t\t\t\t\t<h2 class=\"elementor-heading-title elementor-size-default\">How a Client Can Get a Discount<\/h2>\t\t\t\t<\/div>\n\t\t\t\t<\/div>\n\t\t\t\t<div class=\"elementor-element elementor-element-417f285 elementor-widget elementor-widget-html\" data-id=\"417f285\" data-element_type=\"widget\" data-e-type=\"widget\" data-widget_type=\"html.default\">\n\t\t\t\t<div class=\"elementor-widget-container\">\n\t\t\t\t\t<div id=\"referralban3_hype_container\" class=\"HYPE_document\" style=\"margin:auto;position:relative;width:100%;height:600px;overflow:hidden;\">\n<script type=\"text\/javascript\" charset=\"utf-8\" src=\"https:\/\/miabiznes.pl\/wp-content\/uploads\/v2\/banners\/referral_ban3\/referral_ban3.hyperesources\/referralban3_hype_generated_script.js?98793\"><\/script>\n<\/div>\t\t\t\t<\/div>\n\t\t\t\t<\/div>\n\t\t\t\t<div class=\"elementor-element elementor-element-46f1a15b t-m-50-50 elementor-widget elementor-widget-heading\" data-id=\"46f1a15b\" data-element_type=\"widget\" data-e-type=\"widget\" data-widget_type=\"heading.default\">\n\t\t\t\t<div class=\"elementor-widget-container\">\n\t\t\t\t\t<h2 class=\"elementor-heading-title elementor-size-default\">Services Included in the Referral Program<\/h2>\t\t\t\t<\/div>\n\t\t\t\t<\/div>\n\t\t\t\t<div class=\"elementor-element elementor-element-577b425d elementor-widget elementor-widget-html\" data-id=\"577b425d\" data-element_type=\"widget\" data-e-type=\"widget\" data-widget_type=\"html.default\">\n\t\t\t\t<div class=\"elementor-widget-container\">\n\t\t\t\t\t<div class=\"referral-service-container\">\n<div class=\"referral-service-one\">\n<p class=\"referral-service-one-title\">Accounting<\/p>\n<div class=\"referral-service-rate\">\n<span>Cashback 3%<\/span>\n<span class=\"referral-discount-green\">Discount 10%<\/span>\n<\/div>\n<\/div>\n<div class=\"referral-service-one\">\n<p class=\"referral-service-one-title\">Invoice generator<\/p>\n<div class=\"referral-service-rate\">\n<span>Cashback 5%<\/span>\n<span class=\"referral-discount-green\">Discount 5%<\/span>\n<\/div>\n<\/div>\n<div class=\"referral-service-one\">\n<p class=\"referral-service-one-title\">Text Consultations<\/p>\n<div class=\"referral-service-rate\">\n<span>Cashback 5%<\/span>\n<span class=\"referral-discount-green\">Discount 10%<\/span>\n<\/div>\n<\/div>\n<div class=\"referral-service-one\">\n<p class=\"referral-service-one-title\">Online consultation<\/p>\n<div class=\"referral-service-rate\">\n<span>Cashback 5%<\/span>\n<span class=\"referral-discount-green\">Discount 10%<\/span>\n<\/div>\n<\/div>\n<div class=\"referral-service-one\">\n<p class=\"referral-service-one-title\">In-Office Consultations<\/p>\n<div class=\"referral-service-rate\">\n<span>Cashback 5%<\/span>\n<span class=\"referral-discount-green\">Discount 10%<\/span>\n<\/div>\n<\/div>\n<div class=\"referral-service-one\">\n<p class=\"referral-service-one-title\">JDG Registration<\/p>\n<div class=\"referral-service-rate\">\n<span>Cashback 5%<\/span>\n<span class=\"referral-discount-green\">Discount 10%<\/span>\n<\/div>\n<\/div>\n<div class=\"referral-service-one\">\n<p class=\"referral-service-one-title\">Company Registration<\/p>\n<div class=\"referral-service-rate\">\n<span>Cashback 5%<\/span>\n<span class=\"referral-discount-green\">Discount 10%<\/span>\n<\/div>\n<\/div>\n<div class=\"referral-service-one\">\n<p class=\"referral-service-one-title\">Document Generation<\/p>\n<div class=\"referral-service-rate\">\n<span>Cashback 5%<\/span>\n<span class=\"referral-discount-green\">Discount 5%<\/span>\n<\/div>\n<\/div>\n\n<\/div>\t\t\t\t<\/div>\n\t\t\t\t<\/div>\n\t\t\t\t<div class=\"elementor-element elementor-element-4fa65a5f t-m-50-50 elementor-widget elementor-widget-heading\" data-id=\"4fa65a5f\" data-element_type=\"widget\" data-e-type=\"widget\" data-widget_type=\"heading.default\">\n\t\t\t\t<div class=\"elementor-widget-container\">\n\t\t\t\t\t<h2 class=\"elementor-heading-title elementor-size-default\">What You Get as a Partner<\/h2>\t\t\t\t<\/div>\n\t\t\t\t<\/div>\n\t\t\t\t<div class=\"elementor-element elementor-element-6f3919ad elementor-widget elementor-widget-html\" data-id=\"6f3919ad\" data-element_type=\"widget\" data-e-type=\"widget\" data-widget_type=\"html.default\">\n\t\t\t\t<div class=\"elementor-widget-container\">\n\t\t\t\t\t<div id=\"referralban4_hype_container\" class=\"HYPE_document\" style=\"margin:auto;position:relative;width:100%;height:568px;overflow:hidden;\">\n\t\t<script type=\"text\/javascript\" charset=\"utf-8\" src=\"https:\/\/miabiznes.pl\/wp-content\/uploads\/v2\/banners\/referral_ban4\/referral_ban4.hyperesources\/referralban4_hype_generated_script.js?43017\"><\/script>\n\t<\/div>\t\t\t\t<\/div>\n\t\t\t\t<\/div>\n\t\t\t\t<div class=\"elementor-element elementor-element-694c70b6 t-m-50-50 elementor-widget elementor-widget-heading\" data-id=\"694c70b6\" data-element_type=\"widget\" data-e-type=\"widget\" data-widget_type=\"heading.default\">\n\t\t\t\t<div class=\"elementor-widget-container\">\n\t\t\t\t\t<h2 class=\"elementor-heading-title elementor-size-default\">Frequently Asked Questions<\/h2>\t\t\t\t<\/div>\n\t\t\t\t<\/div>\n\t\t\t\t<div class=\"elementor-element elementor-element-2e7c592c elementor-widget elementor-widget-html\" data-id=\"2e7c592c\" data-element_type=\"widget\" data-e-type=\"widget\" data-widget_type=\"html.default\">\n\t\t\t\t<div class=\"elementor-widget-container\">\n\t\t\t\t\t<div class=\"referral-faq-container\">\n<div class=\"referral-faq-one\">\n<div class=\"referral-faq-header\">\n<p class=\"referral-faq-title\">When can I expect to receive my payment?<\/p>\n<img decoding=\"async\" class=\"referral-faq-arrow\" src=\"\/wp-content\/uploads\/v2\/img\/arrow_down.svg\">\n<\/div>\n<div class=\"referral-faq-body\">\n<p>Funds are transferred to the bank account you provided after verifying the purchases made using the promo code. You can withdraw the funds at any time.<\/p>\n<\/div>\n<\/div>\n<div class=\"referral-faq-one\">\n<div class=\"referral-faq-header\">\n<p class=\"referral-faq-title\">Can the promo code be changed after registration?<\/p>\n<img decoding=\"async\" class=\"referral-faq-arrow\" src=\"\/wp-content\/uploads\/v2\/img\/arrow_down.svg\">\n<\/div>\n<div class=\"referral-faq-body\">\n<p>Yes, you can change the promo code in your personal CRM panel. Please note that the previous promo code will no longer be active.<\/p>\n<\/div>\n<\/div>\n<div class=\"referral-faq-one\">\n<div class=\"referral-faq-header\">\n<p class=\"referral-faq-title\">Where can I track my earnings and referrals?<\/p>\n<img decoding=\"async\" class=\"referral-faq-arrow\" src=\"\/wp-content\/uploads\/v2\/img\/arrow_down.svg\">\n<\/div>\n<div class=\"referral-faq-body\">\n<p>All information is available in your personal CRM panel: purchase statistics, earnings, and the number of referrals.<\/p>\n<\/div>\n<\/div>\n<div class=\"referral-faq-one\">\n<div class=\"referral-faq-header\">\n<p class=\"referral-faq-title\">Are there any limits on the number of referrals?<\/p>\n<img decoding=\"async\" class=\"referral-faq-arrow\" src=\"\/wp-content\/uploads\/v2\/img\/arrow_down.svg\">\n<\/div>\n<div class=\"referral-faq-body\">\n<p>No, there is no limit to the number of referrals. The more people use your promo code, the higher your earnings will be.<\/p>\n<\/div>\n<\/div>\n<div class=\"referral-faq-one\">\n<div class=\"referral-faq-header\">\n<p class=\"referral-faq-title\">Is there a fee to participate in the referral program?<\/p>\n<img decoding=\"async\" class=\"referral-faq-arrow\" src=\"\/wp-content\/uploads\/v2\/img\/arrow_down.svg\">\n<\/div>\n<div class=\"referral-faq-body\">\n<p>Each partner can use only one promo code. This helps avoid confusion and ensures proper income tracking.<\/p>\n<\/div>\n<\/div>\n<div class=\"referral-faq-one\">\n<div class=\"referral-faq-header\">\n<p class=\"referral-faq-title\">Can the promo code be promoted on social media?<\/p>\n<img decoding=\"async\" class=\"referral-faq-arrow\" src=\"\/wp-content\/uploads\/v2\/img\/arrow_down.svg\">\n<\/div>\n<div class=\"referral-faq-body\">\n<p>Yes, you\u2019re free to share your code on social media, websites, messaging apps, or any other legal channel.<\/p>\n<\/div>\n<\/div>\n<div class=\"referral-faq-one\">\n<div class=\"referral-faq-header\">\n<p class=\"referral-faq-title\">Can I register multiple promo codes?<\/p>\n<img decoding=\"async\" class=\"referral-faq-arrow\" src=\"\/wp-content\/uploads\/v2\/img\/arrow_down.svg\">\n<\/div>\n<div class=\"referral-faq-body\">\n<p>Each partner can use only one promo code. This helps avoid confusion and ensures proper income tracking.<\/p>\n<\/div>\n<\/div>\n<div class=\"referral-faq-one\">\n<div class=\"referral-faq-header\">\n<p class=\"referral-faq-title\">What happens if the referral forgets to enter my promo code?<\/p>\n<img decoding=\"async\" class=\"referral-faq-arrow\" src=\"\/wp-content\/uploads\/v2\/img\/arrow_down.svg\">\n<\/div>\n<div class=\"referral-faq-body\">\n<p>Unfortunately, if the referral does not use the promo code at the time of purchase, bonuses and cashback will not be credited. We recommend reminding them in advance to ensure it is applied.<\/p>\n<\/div>\n<\/div>\n<div class=\"referral-faq-one\">\n<div class=\"referral-faq-header\">\n<p class=\"referral-faq-title\">How can I check how much I\u2019ve earned?<\/p>\n<img decoding=\"async\" class=\"referral-faq-arrow\" src=\"\/wp-content\/uploads\/v2\/img\/arrow_down.svg\">\n<\/div>\n<div class=\"referral-faq-body\">\n<p>In your personal CRM panel, you can view all earnings, the total amount earned, and the payment status.<\/p>\n<\/div>\n<\/div>\n<\/div>\t\t\t\t<\/div>\n\t\t\t\t<\/div>\n\t\t\t\t\t<\/div>\n\t\t\t\t<\/div>\n\t\t\t\t<\/div>","protected":false},"excerpt":{"rendered":"<p>Program polece\u0144 MIA CONSULT GROUP Co zyskuje partner Sta\u0142y cashback od p\u0142atno\u015bci klient\u00f3w Zarabiaj do 5% cashbacku od ka\u017cdej p\u0142atno\u015bci Twojego klienta. Program obejmuje a\u017c do 90% naszych us\u0142ug. Proste zasady uczestnictwa Udost\u0119pniaj sw\u00f3j kod promocyjny w dowolny, wygodny dla Ciebie spos\u00f3b. Klienci ch\u0119tnie z niego skorzystaj\u0105. D\u0142ugoterminowy pasywny doch\u00f3d Ty otrzymujesz cashback, a my [&hellip;]<\/p>\n","protected":false},"author":1,"featured_media":2640,"parent":0,"menu_order":0,"comment_status":"closed","ping_status":"closed","template":"referral-template.php","meta":{"footnotes":""},"class_list":["post-1439","page","type-page","status-publish","has-post-thumbnail","hentry"],"_links":{"self":[{"href":"https:\/\/miabiznes.pl\/en\/wp-json\/wp\/v2\/pages\/1439","targetHints":{"allow":["GET"]}}],"collection":[{"href":"https:\/\/miabiznes.pl\/en\/wp-json\/wp\/v2\/pages"}],"about":[{"href":"https:\/\/miabiznes.pl\/en\/wp-json\/wp\/v2\/types\/page"}],"author":[{"embeddable":true,"href":"https:\/\/miabiznes.pl\/en\/wp-json\/wp\/v2\/users\/1"}],"replies":[{"embeddable":true,"href":"https:\/\/miabiznes.pl\/en\/wp-json\/wp\/v2\/comments?post=1439"}],"version-history":[{"count":15,"href":"https:\/\/miabiznes.pl\/en\/wp-json\/wp\/v2\/pages\/1439\/revisions"}],"predecessor-version":[{"id":2641,"href":"https:\/\/miabiznes.pl\/en\/wp-json\/wp\/v2\/pages\/1439\/revisions\/2641"}],"wp:featuredmedia":[{"embeddable":true,"href":"https:\/\/miabiznes.pl\/en\/wp-json\/wp\/v2\/media\/2640"}],"wp:attachment":[{"href":"https:\/\/miabiznes.pl\/en\/wp-json\/wp\/v2\/media?parent=1439"}],"curies":[{"name":"wp","href":"https:\/\/api.w.org\/{rel}","templated":true}]}}